{"id":9609,"date":"2024-01-27T20:46:33","date_gmt":"2024-01-27T20:46:33","guid":{"rendered":"https:\/\/belgiumdiamond.petpetshopi.shop\/?page_id=9609"},"modified":"2026-01-18T09:36:45","modified_gmt":"2026-01-18T08:36:45","slug":"tva-vat-btw-iva","status":"publish","type":"page","link":"https:\/\/belgiumdiamonds.be\/es\/tva-vat-btw-iva\/","title":{"rendered":"TVA - VAT - BTW - IVA"},"content":{"rendered":"<div data-elementor-type=\"wp-page\" data-elementor-id=\"9609\" class=\"elementor elementor-9609\">\n\t\t\t\t<div class=\"wd-negative-gap elementor-element elementor-element-df01d4e e-flex e-con-boxed e-con e-parent\" data-id=\"df01d4e\" data-element_type=\"container\" data-e-type=\"container\">\n\t\t\t\t\t<div class=\"e-con-inner\">\n\t\t\t\t<div class=\"elementor-element elementor-element-182ff82 elementor-widget elementor-widget-wd_text_block\" data-id=\"182ff82\" data-element_type=\"widget\" data-e-type=\"widget\" data-widget_type=\"wd_text_block.default\">\n\t\t\t\t<div class=\"elementor-widget-container\">\n\t\t\t\t\t\t\t<div class=\"wd-text-block reset-last-child text-left\">\n\t\t\t\n\t\t\t<h2 data-start=\"178\" data-end=\"212\">1. Compras de diamantes sin IVA<\/h2><p data-start=\"213\" data-end=\"449\">Comprar en <strong data-start=\"225\" data-end=\"247\">belgiumdiamonds.be<\/strong> es perfecto para clientes de fuera de la UE. Enviamos nuestros productos con empresas de transporte urgente y asegurado a todo el mundo. Los clientes de fuera de la UE y las empresas registradas est\u00e1n exentos del pago del IVA.<\/p><p data-start=\"451\" data-end=\"809\">No obstante, tenga en cuenta que en su pa\u00eds de origen podr\u00edan aplicarse derechos de importaci\u00f3n y\/o IVA locales. Nosotros, como empresa exportadora, no asumimos ninguna responsabilidad por el IVA y los derechos de importaci\u00f3n o cualquier impuesto que se aplique en el pa\u00eds de entrega fuera de la UE. Por lo tanto, le recomendamos que lo confirme con las autoridades locales antes de realizar su compra libre de impuestos.<\/p><hr data-start=\"811\" data-end=\"814\" \/><h2 data-start=\"816\" data-end=\"835\">2. Devoluci\u00f3n del IVA<\/h2><p data-start=\"836\" data-end=\"1143\">Los clientes de fuera de la UE tienen derecho a recibir un <strong data-start=\"890\" data-end=\"909\">Devoluci\u00f3n \u00edntegra del IVA<\/strong> sobre cualquier art\u00edculo comprado en la UE, siempre que se muestre la mercanc\u00eda y su factura sea sellada por la aduana a la salida de la UE. Cuando recibamos su documento sellado, podremos solicitar la devoluci\u00f3n del IVA y reembols\u00e1rselo.<\/p><p data-start=\"1145\" data-end=\"1162\"><strong data-start=\"1145\" data-end=\"1160\">Condiciones:<\/strong><\/p><ul data-start=\"1163\" data-end=\"1401\"><li data-start=\"1163\" data-end=\"1252\"><p data-start=\"1165\" data-end=\"1252\">Los visitantes deber\u00e1n acreditar su condici\u00f3n de residentes no comunitarios (por ejemplo, pasaporte no comunitario).<\/p><\/li><li data-start=\"1253\" data-end=\"1324\"><p data-start=\"1255\" data-end=\"1324\">Las mercanc\u00edas deben exportarse desde la UE en un plazo de <strong data-start=\"1297\" data-end=\"1309\">3 meses<\/strong> de compra.<\/p><\/li><li data-start=\"1325\" data-end=\"1401\"><p data-start=\"1327\" data-end=\"1401\">El valor m\u00ednimo de compra en Belgium Diamonds es de <strong data-start=\"1378\" data-end=\"1398\">125,00 euros (sin IVA)<\/strong>.<\/p><\/li><\/ul><p data-start=\"1403\" data-end=\"1430\"><strong data-start=\"1403\" data-end=\"1428\">Procedimiento de devoluci\u00f3n del IVA:<\/strong><\/p><ol data-start=\"1431\" data-end=\"1802\"><li data-start=\"1431\" data-end=\"1531\"><p data-start=\"1434\" data-end=\"1531\">En la zona de salidas del aeropuerto, muestre los art\u00edculos comprados en la aduana con los documentos requeridos.<\/p><\/li><li data-start=\"1532\" data-end=\"1585\"><p data-start=\"1535\" data-end=\"1585\">La aduana validar\u00e1 su factura con un sello.<\/p><\/li><li data-start=\"1586\" data-end=\"1687\"><p data-start=\"1589\" data-end=\"1687\">Env\u00edenos una copia de la factura sellada por correo electr\u00f3nico: <strong data-start=\"1644\" data-end=\"1684\"><a class=\"decorated-link cursor-pointer\" rel=\"noopener\" data-start=\"1646\" data-end=\"1682\">info@belgiumdiamond.be<\/a><\/strong><\/p><\/li><li data-start=\"1688\" data-end=\"1802\"><p data-start=\"1691\" data-end=\"1802\">Para devolver el IVA, env\u00ede los recibos originales sellados con sus datos bancarios a <strong data-start=\"1776\" data-end=\"1799\">Belgium Diamonds Bv<\/strong>.<\/p><\/li><\/ol><h3 data-start=\"1804\" data-end=\"1827\">Calendario de devoluciones:<\/h3><ul data-start=\"1828\" data-end=\"2193\"><li data-start=\"1828\" data-end=\"1912\"><p data-start=\"1830\" data-end=\"1912\"><strong data-start=\"1830\" data-end=\"1844\">Trimestre 1:<\/strong> Factura recibida antes del 8 de abril \u2192 Reembolso entre finales de mayo y mediados de junio.<\/p><\/li><li data-start=\"1913\" data-end=\"2004\"><p data-start=\"1915\" data-end=\"2004\"><strong data-start=\"1915\" data-end=\"1929\">Trimestre 2:<\/strong> Factura recibida antes del 8 de julio \u2192 Reembolso entre finales de agosto y mediados de septiembre.<\/p><\/li><li data-start=\"2005\" data-end=\"2100\"><p data-start=\"2007\" data-end=\"2100\"><strong data-start=\"2007\" data-end=\"2021\">Trimestre 3:<\/strong> Factura recibida antes del 8 de octubre \u2192 Reembolso entre finales de noviembre y mediados de diciembre.<\/p><\/li><li data-start=\"2101\" data-end=\"2193\"><p data-start=\"2103\" data-end=\"2193\"><strong data-start=\"2103\" data-end=\"2117\">Cuarto trimestre:<\/strong> Factura recibida antes del 8 de enero \u2192 Reembolso entre finales de febrero y mediados de marzo.<\/p><\/li><\/ul><p data-start=\"2195\" data-end=\"2216\"><strong data-start=\"2195\" data-end=\"2214\">Opciones de reembolso:<\/strong><\/p><ul data-start=\"2217\" data-end=\"2396\"><li data-start=\"2217\" data-end=\"2286\"><p data-start=\"2219\" data-end=\"2286\">Devoluci\u00f3n \u00edntegra del IVA: Tarda entre 1 y 4 meses (depende del ciclo trimestral).<\/p><\/li><li data-start=\"2287\" data-end=\"2396\"><p data-start=\"2289\" data-end=\"2396\">Reembolso r\u00e1pido: 80% de IVA reembolsado en 8 d\u00edas laborables (condicionado a la aprobaci\u00f3n de Belgium Diamonds Ltd.).<\/p><\/li><\/ul><hr data-start=\"2398\" data-end=\"2401\" \/><h2 data-start=\"2403\" data-end=\"2437\">Diamantes libres de impuestos en Suiza<\/h2><p data-start=\"2438\" data-end=\"2511\">Los suizos residentes que compren en <strong data-start=\"2466\" data-end=\"2488\">belgiumdiamonds.be<\/strong> est\u00e1n exentas del IVA.<\/p><ul data-start=\"2512\" data-end=\"2749\"><li data-start=\"2512\" data-end=\"2577\"><p data-start=\"2514\" data-end=\"2577\">Entrega: <strong data-start=\"2524\" data-end=\"2544\">1-5 d\u00edas laborables<\/strong>totalmente asegurado y garantizado.<\/p><\/li><li data-start=\"2578\" data-end=\"2626\"><p data-start=\"2580\" data-end=\"2626\">Env\u00edo gratuito para compras superiores a <strong data-start=\"2613\" data-end=\"2623\">\u20ac2,500<\/strong>.<\/p><\/li><li data-start=\"2627\" data-end=\"2683\"><p data-start=\"2629\" data-end=\"2683\">Pedidos bajo <strong data-start=\"2642\" data-end=\"2652\">\u20ac2,500<\/strong>: Gastos de env\u00edo de <strong data-start=\"2673\" data-end=\"2680\">\u20ac50<\/strong>.<\/p><\/li><li data-start=\"2684\" data-end=\"2749\"><p data-start=\"2686\" data-end=\"2749\">A su llegada a Suiza, un <strong data-start=\"2717\" data-end=\"2736\">7,5% Impuesto de importaci\u00f3n<\/strong> pueden aplicarse.<\/p><\/li><\/ul><p data-start=\"2751\" data-end=\"2837\"><em data-start=\"2751\" data-end=\"2835\">Nota: Belgium Diamonds Ltd. no se hace responsable de las tasas o impuestos aduaneros suizos.<\/em><\/p><hr data-start=\"2839\" data-end=\"2842\" \/><h2 data-start=\"2844\" data-end=\"2870\">Diamantes libres de impuestos en EE.UU.<\/h2><p data-start=\"2871\" data-end=\"2936\">Para los residentes en EE.UU., comprar en <strong data-start=\"2902\" data-end=\"2924\">belgiumdiamonds.be<\/strong> proporciona:<\/p><ul data-start=\"2937\" data-end=\"3009\"><li data-start=\"2937\" data-end=\"2955\"><p data-start=\"2939\" data-end=\"2955\"><strong data-start=\"2939\" data-end=\"2953\">Exento de IVA<\/strong><\/p><\/li><li data-start=\"2956\" data-end=\"2980\"><p data-start=\"2958\" data-end=\"2980\"><strong data-start=\"2958\" data-end=\"2978\">Exento del impuesto sobre las ventas<\/strong><\/p><\/li><li data-start=\"2981\" data-end=\"3009\"><p data-start=\"2983\" data-end=\"3009\"><strong data-start=\"2983\" data-end=\"3007\">Derechos de importaci\u00f3n exentos<\/strong><\/p><\/li><\/ul><p data-start=\"3011\" data-end=\"3185\"><strong data-start=\"3011\" data-end=\"3020\">Nota:<\/strong> Una tasa de tramitaci\u00f3n de mercanc\u00edas de <strong data-start=\"3053\" data-end=\"3080\">0,34% del valor del env\u00edo<\/strong> (m\u00ednimo $75, m\u00e1ximo $485). Se abona al mensajero en el momento de la recepci\u00f3n. Se aplica a <strong data-start=\"3159\" data-end=\"3182\">s\u00f3lo diamantes sueltos<\/strong>.<\/p><h3 data-start=\"3187\" data-end=\"3214\">Compra de joyas en EE.UU.<\/h3><p data-start=\"3215\" data-end=\"3254\">Las importaciones de joyas se gravan del siguiente modo:<\/p><ul data-start=\"3255\" data-end=\"3405\"><li data-start=\"3255\" data-end=\"3278\"><p data-start=\"3257\" data-end=\"3278\">Cuota de inscripci\u00f3n: <strong data-start=\"3268\" data-end=\"3276\">$120<\/strong><\/p><\/li><li data-start=\"3279\" data-end=\"3315\"><p data-start=\"3281\" data-end=\"3315\">Deber: <strong data-start=\"3287\" data-end=\"3295\">5.5%<\/strong> del valor facturado<\/p><\/li><li data-start=\"3316\" data-end=\"3352\"><p data-start=\"3318\" data-end=\"3352\">MPF: <strong data-start=\"3323\" data-end=\"3332\">0.34%<\/strong> del valor facturado<\/p><\/li><li data-start=\"3353\" data-end=\"3405\"><p data-start=\"3355\" data-end=\"3405\">Fianza de entrada \u00fanica: <strong data-start=\"3374\" data-end=\"3403\">$3,50 por $1.000 facturados<\/strong><\/p><\/li><\/ul><p data-start=\"3407\" data-end=\"3517\"><strong data-start=\"3407\" data-end=\"3419\">Por ejemplo:<\/strong> En la compra de una joya de $10.000, las tasas ascienden a aprox. <strong data-start=\"3470\" data-end=\"3478\">$739<\/strong>a pagar al mensajero antes de la entrega.<\/p><hr data-start=\"3519\" data-end=\"3522\" \/><h2 data-start=\"3524\" data-end=\"3556\">Diamantes libres de impuestos en Australia<\/h2><p data-start=\"3557\" data-end=\"3644\">Para los clientes australianos, comprar en <strong data-start=\"3595\" data-end=\"3615\">B\u00e9lgica Diamantes<\/strong> est\u00e1 libre de impuestos por nuestra parte.<\/p><ul data-start=\"3645\" data-end=\"3763\"><li data-start=\"3645\" data-end=\"3704\"><p data-start=\"3647\" data-end=\"3704\">Entrega: <strong data-start=\"3657\" data-end=\"3677\">3-5 d\u00edas laborables<\/strong>asegurado y garantizado.<\/p><\/li><li data-start=\"3705\" data-end=\"3763\"><p data-start=\"3707\" data-end=\"3763\">Gastos de env\u00edo: Hasta <strong data-start=\"3728\" data-end=\"3736\">\u20ac150<\/strong> (en funci\u00f3n de la compra).<\/p><\/li><\/ul><p data-start=\"3765\" data-end=\"3797\"><strong data-start=\"3765\" data-end=\"3795\">A su llegada a Australia:<\/strong><\/p><ul data-start=\"3798\" data-end=\"3865\"><li data-start=\"3798\" data-end=\"3823\"><p data-start=\"3800\" data-end=\"3823\">Diamantes: <strong data-start=\"3810\" data-end=\"3821\">10% GST<\/strong><\/p><\/li><li data-start=\"3824\" data-end=\"3865\"><p data-start=\"3826\" data-end=\"3865\">Joyas: <strong data-start=\"3835\" data-end=\"3863\">10% IVA + 5% derechos de importaci\u00f3n<\/strong><\/p><\/li><\/ul><p data-start=\"3867\" data-end=\"3958\"><em data-start=\"3867\" data-end=\"3956\">Nota: Belgium Diamonds Ltd. no se hace responsable de las tasas o impuestos aduaneros australianos.<\/em><\/p>\n\t\t\t\t\t<\/div>\n\t\t\t\t\t\t<\/div>\n\t\t\t\t<\/div>\n\t\t\t\t\t<\/div>\n\t\t\t\t<\/div>\n\t\t\t\t<\/div>","protected":false},"excerpt":{"rendered":"<p>1. VAT Free Diamond Purchases Buying from belgiumdiamonds.be is perfect for customers from outside of the EU. We ship our<\/p>","protected":false},"author":244474332,"featured_media":0,"parent":0,"menu_order":0,"comment_status":"closed","ping_status":"closed","template":"","meta":{"_acf_changed":false,"footnotes":""},"class_list":["post-9609","page","type-page","status-publish","hentry"],"acf":[],"_hostinger_reach_plugin_has_subscription_block":false,"_hostinger_reach_plugin_is_elementor":false,"_links":{"self":[{"href":"https:\/\/belgiumdiamonds.be\/es\/wp-json\/wp\/v2\/pages\/9609","targetHints":{"allow":["GET"]}}],"collection":[{"href":"https:\/\/belgiumdiamonds.be\/es\/wp-json\/wp\/v2\/pages"}],"about":[{"href":"https:\/\/belgiumdiamonds.be\/es\/wp-json\/wp\/v2\/types\/page"}],"author":[{"embeddable":true,"href":"https:\/\/belgiumdiamonds.be\/es\/wp-json\/wp\/v2\/users\/244474332"}],"replies":[{"embeddable":true,"href":"https:\/\/belgiumdiamonds.be\/es\/wp-json\/wp\/v2\/comments?post=9609"}],"version-history":[{"count":1,"href":"https:\/\/belgiumdiamonds.be\/es\/wp-json\/wp\/v2\/pages\/9609\/revisions"}],"predecessor-version":[{"id":32677,"href":"https:\/\/belgiumdiamonds.be\/es\/wp-json\/wp\/v2\/pages\/9609\/revisions\/32677"}],"wp:attachment":[{"href":"https:\/\/belgiumdiamonds.be\/es\/wp-json\/wp\/v2\/media?parent=9609"}],"curies":[{"name":"wp","href":"https:\/\/api.w.org\/{rel}","templated":true}]}}