{"id":9617,"date":"2024-01-27T21:01:13","date_gmt":"2024-01-27T21:01:13","guid":{"rendered":"https:\/\/belgiumdiamond.petpetshopi.shop\/?page_id=9617"},"modified":"2026-01-18T09:35:45","modified_gmt":"2026-01-18T08:35:45","slug":"condiciones-generales","status":"publish","type":"page","link":"https:\/\/belgiumdiamonds.be\/es\/terms-and-conditions\/","title":{"rendered":"CONDICIONES GENERALES"},"content":{"rendered":"<div data-elementor-type=\"wp-page\" data-elementor-id=\"9617\" class=\"elementor elementor-9617\">\n\t\t\t\t<div class=\"wd-negative-gap elementor-element elementor-element-f188d9c e-flex e-con-boxed e-con e-parent\" data-id=\"f188d9c\" data-element_type=\"container\" data-e-type=\"container\">\n\t\t\t\t\t<div class=\"e-con-inner\">\n\t\t\t\t<div class=\"elementor-element elementor-element-3f5bf12 elementor-widget elementor-widget-wd_text_block\" data-id=\"3f5bf12\" data-element_type=\"widget\" data-e-type=\"widget\" data-widget_type=\"wd_text_block.default\">\n\t\t\t\t<div class=\"elementor-widget-container\">\n\t\t\t\t\t\t\t<div class=\"wd-text-block reset-last-child text-left\">\n\t\t\t\n\t\t\t<h1><strong>GENERAL<\/strong><\/h1><p>Por favor, lea atentamente estas condiciones (\u201cCondiciones\u201d). Al utilizar este sitio web, usted acepta quedar vinculado por los T\u00e9rminos y Condiciones que se describen a continuaci\u00f3n. Si no est\u00e1 de acuerdo con todas estas condiciones, le rogamos que no utilice este sitio web ni realice compras en \u00e9l.<\/p><p>Las presentes Condiciones Generales regulan el uso que usted haga del sitio web y las compras que realice en el mismo. <strong>belgiumdiamonds.be<\/strong> y constituyen un acuerdo entre usted y <strong>belgiumdiamonds.be.<\/strong><\/p><p>Belgiumdiamonds.be se reserva el derecho de cambiar o modificar cualquiera de estos T\u00e9rminos y Condiciones o cualquier pol\u00edtica o directriz de este sitio en cualquier momento y a su sola discreci\u00f3n. Cualquier cambio o modificaci\u00f3n ser\u00e1 efectiva inmediatamente despu\u00e9s de publicar las revisiones en l\u00ednea.<\/p><p>Su uso continuado de este sitio tras la publicaci\u00f3n de sus cambios o modificaciones constituir\u00e1 su aceptaci\u00f3n de dichos cambios y\/o modificaciones. Por lo tanto, debe revisar con frecuencia estas Condiciones y cualquier otra pol\u00edtica aplicable para estar al tanto de los t\u00e9rminos y condiciones que se aplican a su uso de este sitio.<\/p><p>Si no est\u00e1 de acuerdo con las condiciones modificadas, no utilice este sitio.<\/p><hr><h2><strong>LA P\u00c1GINA WEB<\/strong><\/h2><p>Este sitio web <strong>belgiumdiamonds.be<\/strong> es propiedad de <strong>Belgium Diamonds Ltd.<\/strong><\/p><p>Cualquier consulta sobre pedidos o comentarios y solicitudes relativos a los productos expuestos en el sitio debe remitirse a:<br><strong>Correo electr\u00f3nico:<\/strong> <a href=\"mailto:info@belgiumdiamonds.be\">info@belgiumdiamonds.be<\/a><br><strong>Direcci\u00f3n:<\/strong> Hoveniersstraat 2 Edificio ADC, Off 322, Amberes 2018<br><strong>Tel:<\/strong> +32 475 500 195<\/p><hr><h2><strong>PEDIDOS<\/strong><\/h2><p>La tramitaci\u00f3n y gesti\u00f3n de los pedidos corre a cargo exclusivamente de:<br><strong>Belgium Diamonds Ltd.<\/strong><br><strong>Direcci\u00f3n:<\/strong> Hoveniersstraat 2 Edificio ADC, Off 322, Amberes 2018, B\u00e9lgica<\/p><hr><h2><strong>PAGOS<\/strong><\/h2><p>Los pagos son procesados y gestionados por <strong>Belgium Diamonds Ltd.<\/strong><\/p><p><strong>Est\u00e1n disponibles los siguientes m\u00e9todos de pago:<\/strong><\/p><p><strong>Tarjetas de cr\u00e9dito:<\/strong><br>Se aceptan las principales tarjetas de cr\u00e9dito.<\/p><p><strong>Tarjetas bancarias:<\/strong><br>Se aceptan las principales tarjetas bancarias.<\/p><p><strong>Paypal:<\/strong><br>Transactions are limited to 5000 euro.<\/p><p><strong>Transferencia bancaria:<\/strong><br>Se aceptan pagos por transferencia bancaria en todos los pedidos. (Sin gastos de tramitaci\u00f3n).<br><strong>IBAN:<\/strong> BE88737036481541<br><strong>BIC:<\/strong> KREDBEBB<br><strong>Beneficiario:<\/strong> Belgium Diamonds Ltd.<br><strong>Direcci\u00f3n:<\/strong> Hovenierstraat 2. Off 322, 2018 Antwerpen, B\u00e9lgica<\/p><p><strong>Note: We do not accept crypto payment.<\/strong><\/p><hr><h2><strong>IVA<\/strong><\/h2><p>21% Se a\u00f1adir\u00e1 el IVA a los clientes de la Uni\u00f3n Europea (las direcciones de env\u00edo y facturaci\u00f3n est\u00e1n dentro de un pa\u00eds de la UE). Los clientes de fuera de la Uni\u00f3n Europea (las direcciones de env\u00edo y facturaci\u00f3n no est\u00e1n dentro de un pa\u00eds de la UE) est\u00e1n libres de este cargo y no se les aplicar\u00e1 el IVA.<\/p><hr><h2><strong>ENV\u00cdO<\/strong><\/h2><p>Todos los pedidos se env\u00edan por correo ordinario, totalmente asegurados y gratuitos dentro de la UE.<\/p><p>Para pedidos de valor superior a 2500 euros (sin IVA), el pedido se entregar\u00e1 por <strong>Env\u00edo prioritario gratuito<\/strong> en <strong>1-5 d\u00edas laborables<\/strong> por mensajer\u00eda urgente puerta a puerta asegurada, tras la producci\u00f3n de la joya.<\/p><p>Para todos los pedidos inferiores a 2500 euros (sin IVA), su pedido se entregar\u00e1 en un plazo de <strong>3-20 d\u00edas laborables<\/strong> y es gratuito.<\/p><p>Env\u00edo de compras inferiores a 2500 euros a <strong>Alemania, Austria, B\u00e9lgica, Dinamarca, Espa\u00f1a, Finlandia, Francia, Gibraltar, Grecia, Irlanda, Italia, Pa\u00edses Bajos, Portugal, Reino Unido y Suecia.<\/strong> puede actualizarse a <strong>Env\u00edo prioritario<\/strong> para <strong>50,00 euros (sin IVA)<\/strong> y se entregar\u00e1 en 3-5 d\u00edas laborables.<\/p><p>Env\u00edo en compras a <strong>Bulgaria, Croacia, Rep\u00fablica de Chipre, Rep\u00fablica Checa, Estonia, Hungr\u00eda, Letonia, Lituania, Luxemburgo, Malta, Polonia, Ruman\u00eda, Eslovaquia y Eslovenia.<\/strong> tendr\u00e1 una tarifa plana de <strong>50,00 euros (sin IVA)<\/strong> y se entregar\u00e1 en 3-5 d\u00edas laborables.<\/p><p>Para los env\u00edos fuera de la regi\u00f3n de la UE, se a\u00f1adir\u00e1 un cargo adicional. Este cargo se confirmar\u00e1 con el cliente antes del env\u00edo.<\/p><hr><h2><strong>SEGURO<\/strong><\/h2><p>Nuestros env\u00edos son <strong>totalmente asegurado<\/strong>.<\/p><hr><h2><strong>POL\u00cdTICA DE CANCELACI\u00d3N Y DEVOLUCI\u00d3N<\/strong><\/h2><p>En Belgium Diamonds Ltd., nos enorgullecemos de fabricar joyas de alta calidad y por encargo. Entendemos que a veces los planes cambian, por lo que ofrecemos una <strong>14 d\u00edas para devoluciones y anulaciones.<\/strong><\/p><p><strong>Para solicitar una devoluci\u00f3n o anulaci\u00f3n:<\/strong><br>S\u00f3lo tiene que enviarnos un correo electr\u00f3nico con el n\u00famero de pedido, una breve descripci\u00f3n del art\u00edculo y el motivo de la devoluci\u00f3n. Nuestro equipo le guiar\u00e1 a trav\u00e9s de los siguientes pasos.<\/p><p><strong>Tenga en cuenta lo siguiente:<\/strong><\/p><ul><li><p>Todas nuestras joyas est\u00e1ndar est\u00e1n cubiertas por esta cl\u00e1usula. Las joyas a medida y personalizadas no est\u00e1n incluidas en esta cl\u00e1usula. De conformidad con la legislaci\u00f3n de la UE en materia de protecci\u00f3n de los consumidores, estos art\u00edculos no admiten devoluciones \u00edntegras.<\/p><\/li><li><p>Para sufragar los gastos administrativos, se aplicar\u00e1 una deducci\u00f3n del <strong>20% (m\u00ednimo 180 euros sin IVA)<\/strong> se aplicar\u00e1 a su reembolso.<\/p><\/li><li><p>Para las joyas a medida y personalizadas, se calcular\u00e1 un presupuesto del material y las piedras en el momento de la recepci\u00f3n del art\u00edculo, y se enviar\u00e1 una oferta al cliente. Si la oferta es aceptada, los fondos ser\u00e1n devueltos en un plazo de 90 d\u00edas. Si se rechaza la oferta, Belgium Diamonds devolver\u00e1 el art\u00edculo al cliente sin cargo alguno.<\/p><\/li><li><p>El env\u00edo para devolver el art\u00edculo a Belgium Diamonds Ltd es por cuenta y responsabilidad del cliente. Belgium Diamonds no asumir\u00e1 ninguna responsabilidad por el env\u00edo de devoluci\u00f3n por parte del cliente.<\/p><\/li><\/ul><p>Le agradecemos su comprensi\u00f3n y estamos aqu\u00ed para ayudarle en todo momento.<\/p><hr><h2><strong>DIAMANTES SUELTOS<\/strong><\/h2><p>En BelgiumDiamonds.be, nos esforzamos por ofrecer una calidad y un servicio excepcionales. Entendemos que la compra de joyas y diamantes es una decisi\u00f3n importante. Por eso ofrecemos un <strong>Pol\u00edtica de cancelaci\u00f3n y devoluci\u00f3n de 14 d\u00edas<\/strong> en art\u00edculos elegibles.<\/p><p><strong>C\u00f3mo solicitar una devoluci\u00f3n o anulaci\u00f3n<\/strong><br>Para iniciar el proceso, env\u00edenos un correo electr\u00f3nico en los 14 d\u00edas siguientes a su compra con su n\u00famero de pedido y el motivo de la devoluci\u00f3n. Nuestro equipo le guiar\u00e1 a trav\u00e9s de los pasos necesarios.<\/p><p><strong>Tasas y deducciones<\/strong><br>Debido a las fluctuaciones del mercado de diamantes y a los costes relacionados con la administraci\u00f3n, la manipulaci\u00f3n y el env\u00edo seguro, se aplican las siguientes tarifas:<\/p><ul><li><p>Para sufragar los gastos administrativos, se aplicar\u00e1 una deducci\u00f3n del <strong>20% (m\u00ednimo 180 euros sin IVA)<\/strong> se aplicar\u00e1 a su reembolso. Para los art\u00edculos hechos a medida, el dep\u00f3sito no reembolsable de <strong>35%<\/strong> se conservar\u00e1n.<\/p><\/li><li><p>Cualquier fluctuaci\u00f3n del mercado en los diamantes tambi\u00e9n se deducir\u00e1 del importe del reembolso.<\/p><\/li><\/ul><p><strong>Importante:<\/strong> Los diamantes deben devolverse precintados, inscritos con l\u00e1ser y en su estado original. Si se rompe el precinto, se desprecinta la piedra o se detecta cualquier da\u00f1o, no se aceptar\u00e1 la devoluci\u00f3n y no se efectuar\u00e1 ning\u00fan reembolso.<\/p><p><strong>Tiempo de tramitaci\u00f3n de la devoluci\u00f3n<\/strong><br>Tenga en cuenta que el reembolso de diamantes y piedras preciosas puede demorarse hasta el <strong>90 d\u00edas<\/strong> tras la recepci\u00f3n y confirmaci\u00f3n de los art\u00edculos devueltos.<\/p><hr><h2><strong>PEDIDOS ESPECIALES Y DISE\u00d1OS PERSONALIZADOS<\/strong><\/h2><p>Para joyas a medida, un <strong>35% dep\u00f3sito<\/strong> en el momento de realizar el pedido.<\/p><ul><li><p>Este dep\u00f3sito no es reembolsable si se cancela el pedido, ya que estos art\u00edculos se adaptan espec\u00edficamente a su solicitud e implican mano de obra y materiales adicionales.<\/p><\/li><\/ul><hr><h2><strong>DETALLES SOBRE JOYAS Y DEVOLUCIONES<\/strong><\/h2><p>Todas las devoluciones y consultas sobre devoluciones son gestionadas y tramitadas por <strong>Belgium Diamonds Ltd.<\/strong><br><strong>Correo electr\u00f3nico:<\/strong> <a href=\"mailto:info@belgiumdiamonds.be\">info@belgiumdiamonds.be<\/a><br><strong>Direcci\u00f3n postal:<\/strong> Hoveniersstraat 2 Edificio ADC, Off 322, Box 311, Amberes 2018, B\u00e9lgica<\/p><hr><h2><strong>APROBACI\u00d3N DE COMPRA<\/strong><\/h2><p>Todas las compras est\u00e1n sujetas al <strong>aprobaci\u00f3n final<\/strong> de <strong>Belgium Diamonds Ltd.<\/strong><\/p><p>Si alguno de los art\u00edculos adquiridos no est\u00e1 disponible, se le ofrecer\u00e1 un art\u00edculo de sustituci\u00f3n. Si no acepta el art\u00edculo de sustituci\u00f3n, recibir\u00e1 un reembolso del pago 100%.<\/p><p>Si el precio mostrado y\/o las caracter\u00edsticas del producto son err\u00f3neos debido a problemas t\u00e9cnicos o administrativos, tenemos la facultad discrecional de rechazar la transacci\u00f3n, en cuyo caso recibir\u00e1 un reembolso del pago 100%.<\/p><hr><h2><strong>GARANT\u00cdA POSTERIOR A LA ENTREGA<\/strong><\/h2><p>Nos comprometemos a garantizar la calidad y la artesan\u00eda de sus joyas. Despu\u00e9s de recibir su art\u00edculo, usted est\u00e1 cubierto por nuestra <strong>garant\u00eda posventa.<\/strong><\/p><p>Si cree que su art\u00edculo tiene un defecto de fabricaci\u00f3n, puede devolv\u00e9rnoslo para que lo inspeccionemos en el plazo de <strong>14 d\u00edas a partir de la recepci\u00f3n.<\/strong> Si nuestra evaluaci\u00f3n confirma un defecto de fabricaci\u00f3n, repararemos o sustituiremos el art\u00edculo a nuestra discreci\u00f3n.<\/p><p>Como parte de nuestro compromiso de atenci\u00f3n al cliente, ofrecemos un <strong>redimensionamiento y limpieza profesional gratuitos una sola vez<\/strong>, que incluye una inspecci\u00f3n completa de sus joyas. Los clientes son responsables s\u00f3lo por el costo de env\u00edo de ida y vuelta.<\/p><p><strong>Tenga en cuenta lo siguiente:<\/strong><br>No nos hacemos responsables de los diamantes, piedras preciosas u otros materiales que se pierdan o se salgan de su engaste despu\u00e9s de la entrega. Por este motivo, le recomendamos encarecidamente que asegure sus joyas en cuanto las reciba.<\/p><p>El paquete incluye una factura y un certificado de valoraci\u00f3n a efectos de seguro.<\/p>\n\t\t\t\t\t<\/div>\n\t\t\t\t\t\t<\/div>\n\t\t\t\t<\/div>\n\t\t\t\t\t<\/div>\n\t\t\t\t<\/div>\n\t\t\t\t<\/div>","protected":false},"excerpt":{"rendered":"<p>GENERAL Please read these terms and conditions (\u201cTerms and Conditions\u201d) carefully. By using this website, you agree to be bound<\/p>","protected":false},"author":244474332,"featured_media":0,"parent":0,"menu_order":0,"comment_status":"closed","ping_status":"closed","template":"","meta":{"_acf_changed":false,"footnotes":""},"class_list":["post-9617","page","type-page","status-publish","hentry"],"acf":[],"_links":{"self":[{"href":"https:\/\/belgiumdiamonds.be\/es\/wp-json\/wp\/v2\/pages\/9617","targetHints":{"allow":["GET"]}}],"collection":[{"href":"https:\/\/belgiumdiamonds.be\/es\/wp-json\/wp\/v2\/pages"}],"about":[{"href":"https:\/\/belgiumdiamonds.be\/es\/wp-json\/wp\/v2\/types\/page"}],"author":[{"embeddable":true,"href":"https:\/\/belgiumdiamonds.be\/es\/wp-json\/wp\/v2\/users\/244474332"}],"replies":[{"embeddable":true,"href":"https:\/\/belgiumdiamonds.be\/es\/wp-json\/wp\/v2\/comments?post=9617"}],"version-history":[{"count":6,"href":"https:\/\/belgiumdiamonds.be\/es\/wp-json\/wp\/v2\/pages\/9617\/revisions"}],"predecessor-version":[{"id":32520,"href":"https:\/\/belgiumdiamonds.be\/es\/wp-json\/wp\/v2\/pages\/9617\/revisions\/32520"}],"wp:attachment":[{"href":"https:\/\/belgiumdiamonds.be\/es\/wp-json\/wp\/v2\/media?parent=9617"}],"curies":[{"name":"wp","href":"https:\/\/api.w.org\/{rel}","templated":true}]}}