{"id":17711,"date":"2024-05-24T16:09:42","date_gmt":"2024-05-24T14:09:42","guid":{"rendered":"https:\/\/belgiumdiamond.petpetshopi.shop\/?post_type=product&#038;p=17711"},"modified":"2026-03-23T12:55:59","modified_gmt":"2026-03-23T11:55:59","slug":"engagement-ring-f-vs-0-70ct","status":"publish","type":"product","link":"https:\/\/belgiumdiamonds.be\/es\/product\/engagement-ring-f-vs-0-70ct\/","title":{"rendered":"Anillo de compromiso con diamante redondo F\/VS 0.70CT"},"content":{"rendered":"<p>El anillo de compromiso Ready-to-wear est\u00e1 meticulosamente elaborado con una elegante banda de oro de 18k disponible en oro blanco, amarillo o rosa. Con un \u00fanico e impresionante diamante natural sin tratar, este anillo solitario irradia elegancia y sofisticaci\u00f3n atemporales. El diamante est\u00e1 certificado por IGI o GIA, lo que garantiza los m\u00e1s altos est\u00e1ndares de calidad y autenticidad.<\/p>\n<p><strong>Informaci\u00f3n sobre el anillo:<\/strong><\/p>\n<ul>\n<li>Color medio: F<\/li>\n<li>Claridad media: VS<\/li>\n<li>Grado de corte: VG-EX (Muy bueno a excelente)<\/li>\n<li>Un diamante de 0,70 quilates incluido en el precio<\/li>\n<li>El peso del diamante puede tener hasta 0,05 quilates de diferencia<\/li>\n<\/ul>\n<p>El precio es el mismo para el oro blanco, amarillo o rosa de 18 quilates.<br \/>\nEl IVA se a\u00f1adir\u00e1 al precio en la cesta cuando se env\u00ede a una direcci\u00f3n de la UE.<br \/>\nEstado: Nuevo.<br \/>\nFabricado en Amberes, B\u00e9lgica.<\/p>\n<p>Cada anillo est\u00e1 dise\u00f1ado para resaltar el brillo del diamante con garras planas, lo que le confiere un aspecto moderno y atemporal. El peso total en quilates puede diferir ligeramente del indicado en funci\u00f3n del tama\u00f1o del diamante central y de la talla del anillo.<\/p>\n<p>Este exquisito anillo viene con todo incluido en el precio, lo que lo convierte en la elecci\u00f3n perfecta para quienes buscan una elegancia instant\u00e1nea y una belleza sin igual<\/p>\n<p>&nbsp;<\/p>\n<p><strong>ENV\u00cdO EN 2 D\u00cdAS LABORABLES<\/strong><\/p>","protected":false},"excerpt":{"rendered":"<p>El anillo de compromiso Ready-to-wear est\u00e1 meticulosamente elaborado con una elegante banda de oro de 18k disponible en oro blanco, amarillo o rosa. Con un \u00fanico e impresionante diamante natural sin tratar, este anillo solitario irradia elegancia y sofisticaci\u00f3n atemporales. El diamante est\u00e1 certificado por IGI o GIA, lo que garantiza los m\u00e1s altos est\u00e1ndares de calidad y autenticidad.<\/p>","protected":false},"featured_media":34460,"comment_status":"open","ping_status":"closed","template":"","meta":{"_acf_changed":false},"product_brand":[],"product_cat":[189],"product_tag":[],"class_list":{"0":"post-17711","1":"product","2":"type-product","3":"status-publish","4":"has-post-thumbnail","6":"product_cat-rings","7":"pa_choose-gold-18k-rose-gold","8":"pa_choose-gold-18k-white-gold","9":"pa_choose-gold-18k-yellow-gold","10":"pa_choose-gold-platinum","11":"pa_size-405","12":"pa_size-404","13":"pa_size-403","14":"pa_size-402","15":"pa_size-401","16":"pa_size-400","17":"pa_size-399","18":"pa_size-398","19":"pa_size-397","20":"pa_size-396","21":"pa_size-395","22":"pa_size-394","23":"pa_size-393","24":"pa_size-392","25":"pa_size-391","26":"pa_size-390","27":"pa_size-389","29":"first","30":"instock","31":"taxable","32":"shipping-taxable","33":"purchasable","34":"product-type-variable"},"acf":[],"_links":{"self":[{"href":"https:\/\/belgiumdiamonds.be\/es\/wp-json\/wp\/v2\/product\/17711","targetHints":{"allow":["GET"]}}],"collection":[{"href":"https:\/\/belgiumdiamonds.be\/es\/wp-json\/wp\/v2\/product"}],"about":[{"href":"https:\/\/belgiumdiamonds.be\/es\/wp-json\/wp\/v2\/types\/product"}],"replies":[{"embeddable":true,"href":"https:\/\/belgiumdiamonds.be\/es\/wp-json\/wp\/v2\/comments?post=17711"}],"version-history":[{"count":1,"href":"https:\/\/belgiumdiamonds.be\/es\/wp-json\/wp\/v2\/product\/17711\/revisions"}],"predecessor-version":[{"id":34488,"href":"https:\/\/belgiumdiamonds.be\/es\/wp-json\/wp\/v2\/product\/17711\/revisions\/34488"}],"wp:featuredmedia":[{"embeddable":true,"href":"https:\/\/belgiumdiamonds.be\/es\/wp-json\/wp\/v2\/media\/34460"}],"wp:attachment":[{"href":"https:\/\/belgiumdiamonds.be\/es\/wp-json\/wp\/v2\/media?parent=17711"}],"wp:term":[{"taxonomy":"product_brand","embeddable":true,"href":"https:\/\/belgiumdiamonds.be\/es\/wp-json\/wp\/v2\/product_brand?post=17711"},{"taxonomy":"product_cat","embeddable":true,"href":"https:\/\/belgiumdiamonds.be\/es\/wp-json\/wp\/v2\/product_cat?post=17711"},{"taxonomy":"product_tag","embeddable":true,"href":"https:\/\/belgiumdiamonds.be\/es\/wp-json\/wp\/v2\/product_tag?post=17711"}],"curies":[{"name":"wp","href":"https:\/\/api.w.org\/{rel}","templated":true}]}}