{"id":17772,"date":"2024-05-26T21:25:26","date_gmt":"2024-05-26T19:25:26","guid":{"rendered":"https:\/\/belgiumdiamond.petpetshopi.shop\/?post_type=product&#038;p=17772"},"modified":"2026-03-23T12:51:09","modified_gmt":"2026-03-23T11:51:09","slug":"round-diamond-earring-0-50ct","status":"publish","type":"product","link":"https:\/\/belgiumdiamonds.be\/es\/product\/round-diamond-earring-0-50ct\/","title":{"rendered":"Pendiente con Diamante Redondo F\/VS 0.50CT"},"content":{"rendered":"<p>El pendiente solitario Ready-to-wear est\u00e1 meticulosamente elaborado con una elegante cadena de oro de 18 quilates disponible en oro blanco, amarillo o rosa. Con un \u00fanico y espectacular diamante natural sin tratar, este pendiente irradia elegancia y sofisticaci\u00f3n atemporales. El diamante est\u00e1 certificado por IGI o GIA, lo que garantiza los m\u00e1s altos niveles de calidad y autenticidad.<\/p>\n<p><strong>Informaci\u00f3n sobre los pendientes:<\/strong><\/p>\n<ul>\n<li>Color medio: F<\/li>\n<li>Claridad media: VS<\/li>\n<li>Grado de corte: VG-EX (Muy bueno a excelente)<\/li>\n<li>Incluye 2 diamantes de 0.50Ct cada uno<\/li>\n<li>El peso del diamante puede tener hasta 0,05 quilates de diferencia<\/li>\n<\/ul>\n<p>El precio es el mismo para el oro blanco, amarillo o rosa de 18 quilates.<br \/>\nEl IVA se a\u00f1adir\u00e1 al precio en la cesta cuando se env\u00ede a una direcci\u00f3n de la UE.<br \/>\nEstado: Nuevo.<br \/>\nFabricado en Amberes, B\u00e9lgica.<\/p>\n<p>Cada pendiente est\u00e1 dise\u00f1ado para resaltar el brillo del diamante con un elegante engaste, lo que le confiere un aspecto moderno y atemporal a la vez. El peso total en quilates puede diferir ligeramente del indicado en funci\u00f3n del tama\u00f1o del diamante central.<\/p>\n<p>Este exquisito pendiente viene con todo incluido en el precio, lo que lo convierte en la elecci\u00f3n perfecta para quienes buscan una elegancia instant\u00e1nea y una belleza sin igual.<\/p>\n<p>&nbsp;<\/p>\n<p><strong>ENV\u00cdO EN 2 D\u00cdAS LABORABLES<\/strong><\/p>","protected":false},"excerpt":{"rendered":"<p>El pendiente solitario Ready-to-wear est\u00e1 meticulosamente elaborado con una elegante cadena de oro de 18 quilates disponible en oro blanco, amarillo o rosa. Con un \u00fanico y espectacular diamante natural sin tratar, este pendiente irradia elegancia y sofisticaci\u00f3n atemporales. El diamante est\u00e1 certificado por IGI o GIA, lo que garantiza los m\u00e1s altos niveles de calidad y autenticidad.<\/p>","protected":false},"featured_media":34319,"comment_status":"open","ping_status":"closed","template":"","meta":{"_acf_changed":false},"product_brand":[],"product_cat":[190],"product_tag":[],"class_list":{"0":"post-17772","1":"product","2":"type-product","3":"status-publish","4":"has-post-thumbnail","6":"product_cat-earrings-ready-to-wear","7":"pa_choose-gold-18k-rose-gold","8":"pa_choose-gold-18k-white-gold","9":"pa_choose-gold-18k-yellow-gold","11":"first","12":"instock","13":"sale","14":"taxable","15":"shipping-taxable","16":"purchasable","17":"product-type-variable"},"acf":[],"_links":{"self":[{"href":"https:\/\/belgiumdiamonds.be\/es\/wp-json\/wp\/v2\/product\/17772","targetHints":{"allow":["GET"]}}],"collection":[{"href":"https:\/\/belgiumdiamonds.be\/es\/wp-json\/wp\/v2\/product"}],"about":[{"href":"https:\/\/belgiumdiamonds.be\/es\/wp-json\/wp\/v2\/types\/product"}],"replies":[{"embeddable":true,"href":"https:\/\/belgiumdiamonds.be\/es\/wp-json\/wp\/v2\/comments?post=17772"}],"version-history":[{"count":1,"href":"https:\/\/belgiumdiamonds.be\/es\/wp-json\/wp\/v2\/product\/17772\/revisions"}],"predecessor-version":[{"id":34336,"href":"https:\/\/belgiumdiamonds.be\/es\/wp-json\/wp\/v2\/product\/17772\/revisions\/34336"}],"wp:featuredmedia":[{"embeddable":true,"href":"https:\/\/belgiumdiamonds.be\/es\/wp-json\/wp\/v2\/media\/34319"}],"wp:attachment":[{"href":"https:\/\/belgiumdiamonds.be\/es\/wp-json\/wp\/v2\/media?parent=17772"}],"wp:term":[{"taxonomy":"product_brand","embeddable":true,"href":"https:\/\/belgiumdiamonds.be\/es\/wp-json\/wp\/v2\/product_brand?post=17772"},{"taxonomy":"product_cat","embeddable":true,"href":"https:\/\/belgiumdiamonds.be\/es\/wp-json\/wp\/v2\/product_cat?post=17772"},{"taxonomy":"product_tag","embeddable":true,"href":"https:\/\/belgiumdiamonds.be\/es\/wp-json\/wp\/v2\/product_tag?post=17772"}],"curies":[{"name":"wp","href":"https:\/\/api.w.org\/{rel}","templated":true}]}}