{"id":17792,"date":"2024-05-26T22:15:19","date_gmt":"2024-05-26T20:15:19","guid":{"rendered":"https:\/\/belgiumdiamond.petpetshopi.shop\/?post_type=product&#038;p=17792"},"modified":"2025-12-13T09:53:36","modified_gmt":"2025-12-13T08:53:36","slug":"colgante-con-diamante-redondo-f-vs-0-50ct","status":"publish","type":"product","link":"https:\/\/belgiumdiamonds.be\/es\/product\/pendant-with-round-diamond-f-vs-0-50ct\/","title":{"rendered":"Colgante con diamante redondo F\/VS 0.50CT"},"content":{"rendered":"<p>El Colgante Solitario Ready-to-wear es una pieza de joyer\u00eda cl\u00e1sica e impresionante que a\u00f1adir\u00e1 elegancia y sofisticaci\u00f3n a cualquier atuendo. Meticulosamente elaborado con una elegante cadena de oro de 18k disponible en oro blanco, amarillo o rosa, este colgante cuenta con un brillante diamante redondo, firmemente sujeto por cuatro garras, creando un dise\u00f1o atemporal y vers\u00e1til que nunca pasar\u00e1 de moda.<\/p>\n<p>El diamante es natural y no est\u00e1 tratado, certificado por IGI o GIA, lo que garantiza los m\u00e1s altos niveles de calidad y autenticidad.<\/p>\n<p><strong>Informaci\u00f3n del colgante:<\/strong><\/p>\n<ul>\n<li>Color medio: F<\/li>\n<li>Claridad media: VS<\/li>\n<li>Grado de corte: VG-EX (Muy bueno a excelente)<\/li>\n<li>Incluye 1 diamante de 0.50Ct<\/li>\n<li>El peso del diamante puede tener hasta 0,05 quilates de diferencia<\/li>\n<\/ul>\n<p>El precio en oro blanco, amarillo o rosa de 18 quilates se calcula en funci\u00f3n del tama\u00f1o de la piedra elegida.<br \/>\nEl IVA se a\u00f1adir\u00e1 al precio en la cesta cuando se env\u00ede a una direcci\u00f3n de la UE.<br \/>\nEstado: Nuevo.<br \/>\nFabricado en Amberes, B\u00e9lgica.<\/p>\n<p>Ya sea para darse un capricho o para hacer el regalo perfecto a alguien especial, este colgante causar\u00e1 una impresi\u00f3n duradera. Cada colgante est\u00e1 dise\u00f1ado para mostrar el brillo del diamante con un elegante engaste, d\u00e1ndole un aspecto moderno pero atemporal. El peso total en quilates puede diferir ligeramente del peso en quilates indicado en funci\u00f3n del tama\u00f1o del diamante central.<\/p>\n<p>Este exquisito colgante viene con todo incluido en el precio, lo que lo convierte en la elecci\u00f3n perfecta para quienes buscan una elegancia instant\u00e1nea y una belleza sin igual.<\/p>\n<p>&nbsp;<\/p>\n<p><strong>ENV\u00cdO EN 2 D\u00cdAS LABORABLES<\/strong><\/p>","protected":false},"excerpt":{"rendered":"<p>El Colgante Solitario Ready-to-wear es una pieza de joyer\u00eda cl\u00e1sica e impresionante que a\u00f1adir\u00e1 elegancia y sofisticaci\u00f3n a cualquier atuendo. Meticulosamente elaborado con una elegante cadena de oro de 18k disponible en oro blanco, amarillo o rosa, este colgante cuenta con un brillante diamante redondo, firmemente sujeto por cuatro garras, creando un dise\u00f1o atemporal y vers\u00e1til que nunca pasar\u00e1 de moda.<\/p>","protected":false},"featured_media":17784,"comment_status":"open","ping_status":"closed","template":"","meta":{"_acf_changed":false},"product_brand":[],"product_cat":[191],"product_tag":[],"class_list":{"0":"post-17792","1":"product","2":"type-product","3":"status-publish","4":"has-post-thumbnail","6":"product_cat-pendants","8":"first","9":"instock","10":"sale","11":"taxable","12":"shipping-taxable","13":"purchasable","14":"product-type-variable","15":"has-default-attributes"},"acf":[],"_links":{"self":[{"href":"https:\/\/belgiumdiamonds.be\/es\/wp-json\/wp\/v2\/product\/17792","targetHints":{"allow":["GET"]}}],"collection":[{"href":"https:\/\/belgiumdiamonds.be\/es\/wp-json\/wp\/v2\/product"}],"about":[{"href":"https:\/\/belgiumdiamonds.be\/es\/wp-json\/wp\/v2\/types\/product"}],"replies":[{"embeddable":true,"href":"https:\/\/belgiumdiamonds.be\/es\/wp-json\/wp\/v2\/comments?post=17792"}],"version-history":[{"count":0,"href":"https:\/\/belgiumdiamonds.be\/es\/wp-json\/wp\/v2\/product\/17792\/revisions"}],"wp:featuredmedia":[{"embeddable":true,"href":"https:\/\/belgiumdiamonds.be\/es\/wp-json\/wp\/v2\/media\/17784"}],"wp:attachment":[{"href":"https:\/\/belgiumdiamonds.be\/es\/wp-json\/wp\/v2\/media?parent=17792"}],"wp:term":[{"taxonomy":"product_brand","embeddable":true,"href":"https:\/\/belgiumdiamonds.be\/es\/wp-json\/wp\/v2\/product_brand?post=17792"},{"taxonomy":"product_cat","embeddable":true,"href":"https:\/\/belgiumdiamonds.be\/es\/wp-json\/wp\/v2\/product_cat?post=17792"},{"taxonomy":"product_tag","embeddable":true,"href":"https:\/\/belgiumdiamonds.be\/es\/wp-json\/wp\/v2\/product_tag?post=17792"}],"curies":[{"name":"wp","href":"https:\/\/api.w.org\/{rel}","templated":true}]}}