{"id":17796,"date":"2024-05-26T22:21:46","date_gmt":"2024-05-26T20:21:46","guid":{"rendered":"https:\/\/belgiumdiamond.petpetshopi.shop\/?post_type=product&#038;p=17796"},"modified":"2026-05-04T13:59:08","modified_gmt":"2026-05-04T11:59:08","slug":"round-diamond-pendant-f-vs-1-00ct","status":"publish","type":"product","link":"https:\/\/belgiumdiamonds.be\/es\/product\/round-diamond-pendant-f-vs-1-00ct\/","title":{"rendered":"Round Diamond Pendant F\/VS 1.00CT"},"content":{"rendered":"<p>Round Diamond Pendant is a stunning and classic piece of jewelry that will add elegance and sophistication to any outfit. Meticulously crafted with an 18k gold stylish chain available in white, yellow, or rose gold, this pendant features a brilliant round diamond, securely held in place by four prongs, creating a timeless and versatile design that will never go out of style.<\/p>\n<p>El diamante es natural y no est\u00e1 tratado, certificado por IGI o GIA, lo que garantiza los m\u00e1s altos niveles de calidad y autenticidad.<\/p>\n<p><strong>Informaci\u00f3n del colgante:<\/strong><\/p>\n<ul>\n<li>Color medio: F<\/li>\n<li>Claridad media: VS<\/li>\n<li>Grado de corte: VG-EX (Muy bueno a excelente)<\/li>\n<li>Incluye 1 diamante de 1.00Ct<\/li>\n<li>El peso del diamante puede tener hasta 0,05 quilates de diferencia<\/li>\n<\/ul>\n<p>El precio es el mismo para el oro blanco, amarillo o rosa de 18 quilates.<br \/>\nEl IVA se a\u00f1adir\u00e1 al precio en la cesta cuando se env\u00ede a una direcci\u00f3n de la UE.<br \/>\nEstado: Nuevo.<br \/>\nFabricado en Amberes, B\u00e9lgica.<\/p>\n<p>Ya sea para darse un capricho o para hacer el regalo perfecto a alguien especial, este colgante causar\u00e1 una impresi\u00f3n duradera. Cada colgante est\u00e1 dise\u00f1ado para mostrar el brillo del diamante con un elegante engaste, d\u00e1ndole un aspecto moderno pero atemporal. El peso total en quilates puede diferir ligeramente del peso en quilates indicado en funci\u00f3n del tama\u00f1o del diamante central.<\/p>\n<p>Este exquisito colgante viene con todo incluido en el precio, lo que lo convierte en la elecci\u00f3n perfecta para quienes buscan una elegancia instant\u00e1nea y una belleza sin igual.<\/p>\n<p>&nbsp;<\/p>\n<p><strong>ENV\u00cdO EN 2 D\u00cdAS LABORABLES<\/strong><\/p>","protected":false},"excerpt":{"rendered":"<p>Round Diamond Pendant F\/VS 1.00CT is a stunning and classic piece of jewelry that will add elegance and sophistication to any outfit. Meticulously crafted with an 18k gold stylish chain available in white, yellow, or rose gold, this pendant features a brilliant round diamond, securely held in place by four prongs, creating a timeless and versatile design that will never go out of style.<\/p>","protected":false},"featured_media":34436,"comment_status":"open","ping_status":"closed","template":"","meta":{"_acf_changed":false},"product_brand":[],"product_cat":[191],"product_tag":[],"class_list":{"0":"post-17796","1":"product","2":"type-product","3":"status-publish","4":"has-post-thumbnail","6":"product_cat-pendants","7":"pa_choose-gold-18k-rose-gold","8":"pa_choose-gold-18k-white-gold","9":"pa_choose-gold-18k-yellow-gold","11":"first","12":"instock","13":"taxable","14":"shipping-taxable","15":"purchasable","16":"product-type-variable"},"acf":[],"_links":{"self":[{"href":"https:\/\/belgiumdiamonds.be\/es\/wp-json\/wp\/v2\/product\/17796","targetHints":{"allow":["GET"]}}],"collection":[{"href":"https:\/\/belgiumdiamonds.be\/es\/wp-json\/wp\/v2\/product"}],"about":[{"href":"https:\/\/belgiumdiamonds.be\/es\/wp-json\/wp\/v2\/types\/product"}],"replies":[{"embeddable":true,"href":"https:\/\/belgiumdiamonds.be\/es\/wp-json\/wp\/v2\/comments?post=17796"}],"version-history":[{"count":3,"href":"https:\/\/belgiumdiamonds.be\/es\/wp-json\/wp\/v2\/product\/17796\/revisions"}],"predecessor-version":[{"id":42808,"href":"https:\/\/belgiumdiamonds.be\/es\/wp-json\/wp\/v2\/product\/17796\/revisions\/42808"}],"wp:featuredmedia":[{"embeddable":true,"href":"https:\/\/belgiumdiamonds.be\/es\/wp-json\/wp\/v2\/media\/34436"}],"wp:attachment":[{"href":"https:\/\/belgiumdiamonds.be\/es\/wp-json\/wp\/v2\/media?parent=17796"}],"wp:term":[{"taxonomy":"product_brand","embeddable":true,"href":"https:\/\/belgiumdiamonds.be\/es\/wp-json\/wp\/v2\/product_brand?post=17796"},{"taxonomy":"product_cat","embeddable":true,"href":"https:\/\/belgiumdiamonds.be\/es\/wp-json\/wp\/v2\/product_cat?post=17796"},{"taxonomy":"product_tag","embeddable":true,"href":"https:\/\/belgiumdiamonds.be\/es\/wp-json\/wp\/v2\/product_tag?post=17796"}],"curies":[{"name":"wp","href":"https:\/\/api.w.org\/{rel}","templated":true}]}}