{"id":20145,"date":"2025-01-23T13:54:03","date_gmt":"2025-01-23T12:54:03","guid":{"rendered":"https:\/\/belgiumdiamond.petpetshopi.shop\/?post_type=product&#038;p=20145"},"modified":"2026-04-30T11:10:30","modified_gmt":"2026-04-30T09:10:30","slug":"heart-unity-stud-earrings","status":"publish","type":"product","link":"https:\/\/belgiumdiamonds.be\/es\/product\/heart-unity-stud-earrings\/","title":{"rendered":"Heart Unity Diamond Stud Earrings"},"content":{"rendered":"<p>Heart Unity Diamond Stud Earrings, the perfect accessory to elevate any look from drab to fab ! These stunning earrings are available in White Gold, Yellow Gold, or Pink Gold, so you can pick the perfect shade to match your personal style. With the invisible setting the diamonds form one Unity showing as one large stone.<\/p>\n<p><strong>Informaci\u00f3n sobre los pendientes:<\/strong><\/p>\n<ul>\n<li>Color medio: E\/F<\/li>\n<li>Claridad media: VS<\/li>\n<li>Grado de corte: VG-EX (Muy bueno a excelente)<\/li>\n<li>Incluye un total de diamantes de 0,25 qt<\/li>\n<li>El peso del diamante puede tener hasta 0,05 quilates de diferencia<\/li>\n<\/ul>\n<p>El precio es el mismo para el oro blanco, amarillo o rosa de 18 quilates.<br \/>\nEl IVA se a\u00f1adir\u00e1 al precio en la cesta cuando se env\u00ede a una direcci\u00f3n de la UE.<\/p>\n<p>C\u00f3digos de descuento a aplicar en el carrito.<br \/>\nEstado: Nuevo.<br \/>\nFabricado en Amberes, B\u00e9lgica.<\/p>\n<p>&nbsp;<\/p>\n<p><strong>ENV\u00cdO EN 2 D\u00cdAS LABORABLES<\/strong><\/p>","protected":false},"excerpt":{"rendered":"<p>Introducing our Heart Unity Diamond Stud Earrings<em>,<\/em> el accesorio perfecto para elevar cualquier look de mon\u00f3tono a fabuloso. Estos impresionantes pendientes est\u00e1n disponibles en oro blanco, oro amarillo u oro rosa, para que puedas elegir el tono perfecto que combine con tu estilo personal.<\/p>","protected":false},"featured_media":34366,"comment_status":"open","ping_status":"closed","template":"","meta":{"_acf_changed":false},"product_brand":[],"product_cat":[190,378],"product_tag":[],"class_list":{"0":"post-20145","1":"product","2":"type-product","3":"status-publish","4":"has-post-thumbnail","6":"product_cat-earrings-ready-to-wear","7":"product_cat-valentines-day-collection","8":"pa_choose-gold-18k-rose-gold","9":"pa_choose-gold-18k-white-gold","10":"pa_choose-gold-18k-yellow-gold","12":"first","13":"instock","14":"taxable","15":"shipping-taxable","16":"purchasable","17":"product-type-variable"},"acf":[],"_links":{"self":[{"href":"https:\/\/belgiumdiamonds.be\/es\/wp-json\/wp\/v2\/product\/20145","targetHints":{"allow":["GET"]}}],"collection":[{"href":"https:\/\/belgiumdiamonds.be\/es\/wp-json\/wp\/v2\/product"}],"about":[{"href":"https:\/\/belgiumdiamonds.be\/es\/wp-json\/wp\/v2\/types\/product"}],"replies":[{"embeddable":true,"href":"https:\/\/belgiumdiamonds.be\/es\/wp-json\/wp\/v2\/comments?post=20145"}],"version-history":[{"count":3,"href":"https:\/\/belgiumdiamonds.be\/es\/wp-json\/wp\/v2\/product\/20145\/revisions"}],"predecessor-version":[{"id":42800,"href":"https:\/\/belgiumdiamonds.be\/es\/wp-json\/wp\/v2\/product\/20145\/revisions\/42800"}],"wp:featuredmedia":[{"embeddable":true,"href":"https:\/\/belgiumdiamonds.be\/es\/wp-json\/wp\/v2\/media\/34366"}],"wp:attachment":[{"href":"https:\/\/belgiumdiamonds.be\/es\/wp-json\/wp\/v2\/media?parent=20145"}],"wp:term":[{"taxonomy":"product_brand","embeddable":true,"href":"https:\/\/belgiumdiamonds.be\/es\/wp-json\/wp\/v2\/product_brand?post=20145"},{"taxonomy":"product_cat","embeddable":true,"href":"https:\/\/belgiumdiamonds.be\/es\/wp-json\/wp\/v2\/product_cat?post=20145"},{"taxonomy":"product_tag","embeddable":true,"href":"https:\/\/belgiumdiamonds.be\/es\/wp-json\/wp\/v2\/product_tag?post=20145"}],"curies":[{"name":"wp","href":"https:\/\/api.w.org\/{rel}","templated":true}]}}