{"id":20175,"date":"2025-01-23T15:02:53","date_gmt":"2025-01-23T14:02:53","guid":{"rendered":"https:\/\/belgiumdiamond.petpetshopi.shop\/?post_type=product&#038;p=20175"},"modified":"2025-12-13T09:53:39","modified_gmt":"2025-12-13T08:53:39","slug":"cadena-de-oro-con-diamantes","status":"publish","type":"product","link":"https:\/\/belgiumdiamonds.be\/es\/product\/gold-diamond-stations-chain\/","title":{"rendered":"Cadena de Estaciones de Diamantes de Oro"},"content":{"rendered":"<p>El pr\u00eat-\u00e0-porter <em>Cadena de Estaciones de Diamantes de Oro<\/em> es una impresionante y cl\u00e1sica pieza de joyer\u00eda que a\u00f1adir\u00e1 elegancia y sofisticaci\u00f3n a cualquier atuendo. Meticulosamente elaborada con una elegante cadena de oro de 18k disponible en oro blanco, amarillo o rosa.<\/p>\n<p><strong>Informaci\u00f3n del colgante:<\/strong><\/p>\n<ul>\n<li>Color medio: E\/F<\/li>\n<li>Claridad media: VS<\/li>\n<li>Grado de corte: VG-EX (Muy bueno a excelente)<\/li>\n<li>Incluye 5+ diamantes de 0.23Ct<\/li>\n<li>El peso del diamante puede tener hasta 0,05 quilates de diferencia<\/li>\n<\/ul>\n<p>El precio es el mismo para el oro blanco, amarillo o rosa de 18 quilates.<br \/>\nEl IVA se a\u00f1adir\u00e1 al precio en la cesta cuando se env\u00ede a una direcci\u00f3n de la UE.<br \/>\nEstado: Nuevo.<br \/>\nFabricado en Amberes, B\u00e9lgica.<\/p>\n<p>Ya sea para darse un capricho o para hacer el regalo perfecto a alguien especial, este colgante causar\u00e1 una impresi\u00f3n duradera. Cada colgante est\u00e1 dise\u00f1ado para mostrar el brillo del diamante con un elegante engaste, d\u00e1ndole un aspecto moderno pero atemporal. El peso total en quilates puede diferir ligeramente del peso en quilates indicado en funci\u00f3n del tama\u00f1o del diamante central.<\/p>\n<p>Este exquisito colgante viene con todo incluido en el precio, lo que lo convierte en la elecci\u00f3n perfecta para quienes buscan una elegancia instant\u00e1nea y una belleza sin igual.<\/p>\n<p>&nbsp;<\/p>\n<p><strong>ENV\u00cdO EN 2 D\u00cdAS LABORABLES<\/strong><\/p>","protected":false},"excerpt":{"rendered":"<p>El pr\u00eat-\u00e0-porter <em>Cadena de Estaciones de Diamantes de Oro<\/em> es una impresionante y cl\u00e1sica pieza de joyer\u00eda que a\u00f1adir\u00e1 elegancia y sofisticaci\u00f3n a cualquier atuendo. Meticulosamente elaborada con una elegante cadena de oro de 18k disponible en oro blanco, amarillo o rosa.<\/p>","protected":false},"featured_media":20177,"comment_status":"open","ping_status":"closed","template":"","meta":{"_acf_changed":false},"product_brand":[],"product_cat":[191],"product_tag":[],"class_list":{"0":"post-20175","1":"product","2":"type-product","3":"status-publish","4":"has-post-thumbnail","6":"product_cat-pendants","8":"first","9":"instock","10":"taxable","11":"shipping-taxable","12":"purchasable","13":"product-type-variable","14":"has-default-attributes"},"acf":[],"_links":{"self":[{"href":"https:\/\/belgiumdiamonds.be\/es\/wp-json\/wp\/v2\/product\/20175","targetHints":{"allow":["GET"]}}],"collection":[{"href":"https:\/\/belgiumdiamonds.be\/es\/wp-json\/wp\/v2\/product"}],"about":[{"href":"https:\/\/belgiumdiamonds.be\/es\/wp-json\/wp\/v2\/types\/product"}],"replies":[{"embeddable":true,"href":"https:\/\/belgiumdiamonds.be\/es\/wp-json\/wp\/v2\/comments?post=20175"}],"version-history":[{"count":0,"href":"https:\/\/belgiumdiamonds.be\/es\/wp-json\/wp\/v2\/product\/20175\/revisions"}],"wp:featuredmedia":[{"embeddable":true,"href":"https:\/\/belgiumdiamonds.be\/es\/wp-json\/wp\/v2\/media\/20177"}],"wp:attachment":[{"href":"https:\/\/belgiumdiamonds.be\/es\/wp-json\/wp\/v2\/media?parent=20175"}],"wp:term":[{"taxonomy":"product_brand","embeddable":true,"href":"https:\/\/belgiumdiamonds.be\/es\/wp-json\/wp\/v2\/product_brand?post=20175"},{"taxonomy":"product_cat","embeddable":true,"href":"https:\/\/belgiumdiamonds.be\/es\/wp-json\/wp\/v2\/product_cat?post=20175"},{"taxonomy":"product_tag","embeddable":true,"href":"https:\/\/belgiumdiamonds.be\/es\/wp-json\/wp\/v2\/product_tag?post=20175"}],"curies":[{"name":"wp","href":"https:\/\/api.w.org\/{rel}","templated":true}]}}