{"id":22344,"date":"2025-08-10T11:19:23","date_gmt":"2025-08-10T09:19:23","guid":{"rendered":"https:\/\/belgiumdiamond.petpetshopi.shop\/product\/elegant-brilliant-cut-solitaire-8\/"},"modified":"2026-05-04T13:58:56","modified_gmt":"2026-05-04T11:58:56","slug":"twisted-pave-round-side-stone","status":"publish","type":"product","link":"https:\/\/belgiumdiamonds.be\/es\/product\/twisted-pave-round-side-stone\/","title":{"rendered":"Twisted Pav\u00e9 Round Side Stone Solitaire Ring"},"content":{"rendered":"<p class=\"ai-optimize-24 ai-optimize-introduction\">Elegant Twisted Pav\u00e9 Round Side Stone in 18k gold features a graceful twist shank adorned with pav\u00e9-set diamonds, leading up to a secure four-prong setting that elevates the center stone for maximum brilliance.<\/p>\n<p class=\"ai-optimize-25\">Informaci\u00f3n sobre el anillo de diamantes:<br \/>\nColor medio: a elegir<br \/>\nClaridad media: por seleccionar<br \/>\nSe puede engastar con: 0.50 - 10 ct diamante central.<\/p>\n<p class=\"ai-optimize-26\">El IVA se a\u00f1adir\u00e1 al precio del carrito cuando el env\u00edo se realice a una direcci\u00f3n de la UE.<br \/>\nEl precio incluye el montaje de los diamantes en el engaste.<br \/>\nEstado: Nuevo.<br \/>\nFabricado en Amberes, B\u00e9lgica.<\/p>\n<p class=\"ai-optimize-27\">* El peso total en quilates puede variar ligeramente dependiendo del tama\u00f1o del diamante central y de la talla del anillo.<\/p>\n<p class=\"ai-optimize-28\">DIAMANTE CENTRAL NO INCLUIDO EN EL PRECIO.<\/p>","protected":false},"excerpt":{"rendered":"<p class=\"ai-optimize-11 ai-optimize-introduction\">El anillo de compromiso Belgium Diamonds Round Brilliant Cut de oro de 18 quilates presenta un elegante cuerpo giratorio adornado con pav\u00e9 de diamantes, que conduce a un seguro engaste de cuatro garras que eleva la piedra central para conseguir el m\u00e1ximo brillo.<\/p>","protected":false},"featured_media":33408,"comment_status":"open","ping_status":"closed","template":"","meta":{"_acf_changed":false},"product_brand":[192],"product_cat":[120,123],"product_tag":[],"class_list":{"0":"post-22344","1":"product","2":"type-product","3":"status-publish","4":"has-post-thumbnail","6":"product_brand-bd","7":"product_cat-halo-side-stone-rings","8":"product_cat-solitaire-rings","9":"pa_choose-gold-18k-rose-gold","10":"pa_choose-gold-18k-white-gold","11":"pa_choose-gold-18k-yellow-gold","12":"pa_choose-gold-platinum","13":"pa_size-405","14":"pa_size-404","15":"pa_size-403","16":"pa_size-402","17":"pa_size-401","18":"pa_size-400","19":"pa_size-399","20":"pa_size-398","21":"pa_size-397","22":"pa_size-396","23":"pa_size-395","24":"pa_size-394","25":"pa_size-393","26":"pa_size-392","27":"pa_size-391","28":"pa_size-390","29":"pa_size-389","31":"first","32":"instock","33":"taxable","34":"shipping-taxable","35":"purchasable","36":"product-type-variable","37":"has-default-attributes"},"acf":[],"_links":{"self":[{"href":"https:\/\/belgiumdiamonds.be\/es\/wp-json\/wp\/v2\/product\/22344","targetHints":{"allow":["GET"]}}],"collection":[{"href":"https:\/\/belgiumdiamonds.be\/es\/wp-json\/wp\/v2\/product"}],"about":[{"href":"https:\/\/belgiumdiamonds.be\/es\/wp-json\/wp\/v2\/types\/product"}],"replies":[{"embeddable":true,"href":"https:\/\/belgiumdiamonds.be\/es\/wp-json\/wp\/v2\/comments?post=22344"}],"version-history":[{"count":4,"href":"https:\/\/belgiumdiamonds.be\/es\/wp-json\/wp\/v2\/product\/22344\/revisions"}],"predecessor-version":[{"id":42492,"href":"https:\/\/belgiumdiamonds.be\/es\/wp-json\/wp\/v2\/product\/22344\/revisions\/42492"}],"wp:featuredmedia":[{"embeddable":true,"href":"https:\/\/belgiumdiamonds.be\/es\/wp-json\/wp\/v2\/media\/33408"}],"wp:attachment":[{"href":"https:\/\/belgiumdiamonds.be\/es\/wp-json\/wp\/v2\/media?parent=22344"}],"wp:term":[{"taxonomy":"product_brand","embeddable":true,"href":"https:\/\/belgiumdiamonds.be\/es\/wp-json\/wp\/v2\/product_brand?post=22344"},{"taxonomy":"product_cat","embeddable":true,"href":"https:\/\/belgiumdiamonds.be\/es\/wp-json\/wp\/v2\/product_cat?post=22344"},{"taxonomy":"product_tag","embeddable":true,"href":"https:\/\/belgiumdiamonds.be\/es\/wp-json\/wp\/v2\/product_tag?post=22344"}],"curies":[{"name":"wp","href":"https:\/\/api.w.org\/{rel}","templated":true}]}}