{"id":31436,"date":"2025-12-17T19:38:48","date_gmt":"2025-12-17T18:38:48","guid":{"rendered":"https:\/\/belgiumdiamonds.be\/?post_type=product&#038;p=31436"},"modified":"2026-05-04T13:59:56","modified_gmt":"2026-05-04T11:59:56","slug":"eternity-ring-0-72ct-e-f-vs-si","status":"publish","type":"product","link":"https:\/\/belgiumdiamonds.be\/es\/product\/eternity-ring-0-72ct-e-f-vs-si\/","title":{"rendered":"Classic Fullset Eternity Ring 0.72ct E\/F VS\/SI in 18k Gold"},"content":{"rendered":"<p class=\"ai-optimize-16 ai-optimize-introduction\">Classic 0.72 ct Diamond Eternity Ring in 18k gold or platinum. This beautiful eternity\/alliance ring is set with \u00a036 x 0.02 ct round brilliant diamonds giving the total carat weight of minimum 0.72 ct. color E\/F, clarity VS\/SI.<\/p>\n<p class=\"ai-optimize-17\">21% El IVA se a\u00f1adir\u00e1 al precio en el carrito cuando el env\u00edo se establezca a una direcci\u00f3n de la UE.<br \/>\nEstado: Nuevo<br \/>\nHecho a mano en Amberes, B\u00e9lgica.<br \/>\nThis jewel is certified by Belgium Diamond\u2019s licensed gemologist<\/p>","protected":false},"excerpt":{"rendered":"<p>Classic 0.72\u00a0 ct Diamond Eternity Ring in 18k gold or platinum. This beautiful eternity\/alliance ring is set with 36 x 0.02 ct round brilliant diamonds giving the total carat weight of minimum 0.72 ct. color E\/F, clarity VS\/SI.<\/p>","protected":false},"featured_media":31577,"comment_status":"open","ping_status":"closed","template":"","meta":{"_acf_changed":false},"product_brand":[],"product_cat":[114],"product_tag":[],"class_list":{"0":"post-31436","1":"product","2":"type-product","3":"status-publish","4":"has-post-thumbnail","6":"product_cat-wedding-eternity-bands","8":"first","9":"instock","10":"taxable","11":"shipping-taxable","12":"purchasable","13":"product-type-variable","14":"has-default-attributes"},"acf":[],"_links":{"self":[{"href":"https:\/\/belgiumdiamonds.be\/es\/wp-json\/wp\/v2\/product\/31436","targetHints":{"allow":["GET"]}}],"collection":[{"href":"https:\/\/belgiumdiamonds.be\/es\/wp-json\/wp\/v2\/product"}],"about":[{"href":"https:\/\/belgiumdiamonds.be\/es\/wp-json\/wp\/v2\/types\/product"}],"replies":[{"embeddable":true,"href":"https:\/\/belgiumdiamonds.be\/es\/wp-json\/wp\/v2\/comments?post=31436"}],"version-history":[{"count":4,"href":"https:\/\/belgiumdiamonds.be\/es\/wp-json\/wp\/v2\/product\/31436\/revisions"}],"predecessor-version":[{"id":32903,"href":"https:\/\/belgiumdiamonds.be\/es\/wp-json\/wp\/v2\/product\/31436\/revisions\/32903"}],"wp:featuredmedia":[{"embeddable":true,"href":"https:\/\/belgiumdiamonds.be\/es\/wp-json\/wp\/v2\/media\/31577"}],"wp:attachment":[{"href":"https:\/\/belgiumdiamonds.be\/es\/wp-json\/wp\/v2\/media?parent=31436"}],"wp:term":[{"taxonomy":"product_brand","embeddable":true,"href":"https:\/\/belgiumdiamonds.be\/es\/wp-json\/wp\/v2\/product_brand?post=31436"},{"taxonomy":"product_cat","embeddable":true,"href":"https:\/\/belgiumdiamonds.be\/es\/wp-json\/wp\/v2\/product_cat?post=31436"},{"taxonomy":"product_tag","embeddable":true,"href":"https:\/\/belgiumdiamonds.be\/es\/wp-json\/wp\/v2\/product_tag?post=31436"}],"curies":[{"name":"wp","href":"https:\/\/api.w.org\/{rel}","templated":true}]}}