{"id":7006,"date":"2024-01-14T15:47:50","date_gmt":"2024-01-14T15:47:50","guid":{"rendered":"https:\/\/belgiumdiamond.petpetshopi.shop\/?post_type=product&#038;p=7006"},"modified":"2026-04-13T10:38:10","modified_gmt":"2026-04-13T08:38:10","slug":"6-72-ct-diamond-tennis-bracelet","status":"publish","type":"product","link":"https:\/\/belgiumdiamonds.be\/es\/product\/6-72-ct-diamond-tennis-bracelet\/","title":{"rendered":"6.72 CT. E\/F-VVS Pulsera de Tenis de Diamantes en Oro Blanco, Amarillo o Rosa de 18k."},"content":{"rendered":"<p>Esta deslumbrante pulsera tenis cl\u00e1sica de diamantes presenta 48 diamantes redondos, color E\/F, claridad VVS, engastados en una pulsera de oro blanco, amarillo o rosa de 18k. Cada diamante es 0,14 ct (promedio) dando a este brazalete de tenis especial y brillante un peso en quilates *total de 6.72ct.<\/p>\n<p>21% El IVA se a\u00f1adir\u00e1 al precio en el carrito cuando el env\u00edo se establezca a una direcci\u00f3n de la UE.<br \/>\nEl precio incluye el env\u00edo dentro de la UE.<br \/>\nEstado: Nuevo.<br \/>\nHecho a mano en Amberes, B\u00e9lgica.<br \/>\n100% diamantes naturales, certificados y libres de conflicto.<\/p>\n<p><strong>* El peso total en quilates puede variar ligeramente de 6,72 quilates.<\/strong><\/p>","protected":false},"excerpt":{"rendered":"<p>Esta deslumbrante pulsera tenis cl\u00e1sica de diamantes presenta 48 diamantes redondos, color E\/F, claridad VVS, engastados en una pulsera de oro blanco, amarillo o rosa de 18k. Cada diamante es 0,14 ct (promedio) dando a este brazalete de tenis especial y brillante un peso en quilates *total de 6.72ct.<\/p>","protected":false},"featured_media":34227,"comment_status":"open","ping_status":"closed","template":"","meta":{"_acf_changed":false},"product_brand":[],"product_cat":[112,111],"product_tag":[113],"class_list":{"0":"post-7006","1":"product","2":"type-product","3":"status-publish","4":"has-post-thumbnail","6":"product_cat-dtb","7":"product_cat-jewellery","8":"product_tag-tennis-bracelets","9":"pa_choose-gold-18k-rose-gold","10":"pa_choose-gold-18k-white-gold","11":"pa_choose-gold-18k-yellow-gold","12":"pa_choose-gold-platinum","14":"first","15":"instock","16":"taxable","17":"shipping-taxable","18":"purchasable","19":"product-type-variable"},"acf":[],"_links":{"self":[{"href":"https:\/\/belgiumdiamonds.be\/es\/wp-json\/wp\/v2\/product\/7006","targetHints":{"allow":["GET"]}}],"collection":[{"href":"https:\/\/belgiumdiamonds.be\/es\/wp-json\/wp\/v2\/product"}],"about":[{"href":"https:\/\/belgiumdiamonds.be\/es\/wp-json\/wp\/v2\/types\/product"}],"replies":[{"embeddable":true,"href":"https:\/\/belgiumdiamonds.be\/es\/wp-json\/wp\/v2\/comments?post=7006"}],"version-history":[{"count":3,"href":"https:\/\/belgiumdiamonds.be\/es\/wp-json\/wp\/v2\/product\/7006\/revisions"}],"predecessor-version":[{"id":42597,"href":"https:\/\/belgiumdiamonds.be\/es\/wp-json\/wp\/v2\/product\/7006\/revisions\/42597"}],"wp:featuredmedia":[{"embeddable":true,"href":"https:\/\/belgiumdiamonds.be\/es\/wp-json\/wp\/v2\/media\/34227"}],"wp:attachment":[{"href":"https:\/\/belgiumdiamonds.be\/es\/wp-json\/wp\/v2\/media?parent=7006"}],"wp:term":[{"taxonomy":"product_brand","embeddable":true,"href":"https:\/\/belgiumdiamonds.be\/es\/wp-json\/wp\/v2\/product_brand?post=7006"},{"taxonomy":"product_cat","embeddable":true,"href":"https:\/\/belgiumdiamonds.be\/es\/wp-json\/wp\/v2\/product_cat?post=7006"},{"taxonomy":"product_tag","embeddable":true,"href":"https:\/\/belgiumdiamonds.be\/es\/wp-json\/wp\/v2\/product_tag?post=7006"}],"curies":[{"name":"wp","href":"https:\/\/api.w.org\/{rel}","templated":true}]}}