{"id":8093,"date":"2024-01-23T08:00:23","date_gmt":"2024-01-23T08:00:23","guid":{"rendered":"https:\/\/belgiumdiamond.petpetshopi.shop\/?page_id=8093"},"modified":"2026-01-18T09:18:26","modified_gmt":"2026-01-18T08:18:26","slug":"belgiumdiamondsltd-com-diamond-university","status":"publish","type":"page","link":"https:\/\/belgiumdiamonds.be\/fr\/belgiumdiamondsltd-com-diamond-university\/","title":{"rendered":"Belgique Diamonds University"},"content":{"rendered":"<div data-elementor-type=\"wp-page\" data-elementor-id=\"8093\" class=\"elementor elementor-8093\">\n\t\t\t\t<div class=\"wd-negative-gap elementor-element elementor-element-18e4eea e-flex e-con-boxed e-con e-parent\" data-id=\"18e4eea\" data-element_type=\"container\" data-e-type=\"container\">\n\t\t\t\t\t<div class=\"e-con-inner\">\n\t\t\t\t<div class=\"elementor-element elementor-element-2635d8a elementor-widget elementor-widget-wd_text_block\" data-id=\"2635d8a\" data-element_type=\"widget\" data-e-type=\"widget\" data-widget_type=\"wd_text_block.default\">\n\t\t\t\t<div class=\"elementor-widget-container\">\n\t\t\t\t\t\t\t<div class=\"wd-text-block reset-last-child text-left\">\n\t\t\t\n\t\t\t<p>La valeur des diamants naturels est d\u00e9termin\u00e9e par plusieurs param\u00e8tres, commun\u00e9ment appel\u00e9s \"les quatre C\". Ils sont compos\u00e9s de <strong>Le<\/strong>\u00a0<strong>Le carat, la coupe, la clart\u00e9,<\/strong>\u00a0et\u00a0<strong>la couleur<\/strong>\u00a0des diamants. Chacun de ces sujets est expliqu\u00e9 s\u00e9par\u00e9ment afin de vous donner, en tant qu'acheteur, une id\u00e9e de ce \u00e0 quoi vous donnez la priorit\u00e9, de ce qui est le plus important pour vous dans un bijou.<\/p>\n\t\t\t\t\t<\/div>\n\t\t\t\t\t\t<\/div>\n\t\t\t\t<\/div>\n\t\t\t\t\t<\/div>\n\t\t\t\t<\/div>\n\t\t\t\t<section class=\"wd-negative-gap elementor-section elementor-top-section elementor-element elementor-element-7f20f594 elementor-section-content-middle elementor-section-boxed elementor-section-height-default elementor-section-height-default\" data-id=\"7f20f594\" data-element_type=\"section\" data-e-type=\"section\">\n\t\t\t\t\t\t<div class=\"elementor-container elementor-column-gap-extended\">\n\t\t\t\t\t<div class=\"elementor-column elementor-col-50 elementor-top-column elementor-element elementor-element-18f3d868\" data-id=\"18f3d868\" data-element_type=\"column\" data-e-type=\"column\">\n\t\t\t<div class=\"elementor-widget-wrap elementor-element-populated\">\n\t\t\t\t\t\t<div class=\"elementor-element elementor-element-5e8e04bd wd-width-100 elementor-widget elementor-widget-wd_images_gallery\" data-id=\"5e8e04bd\" data-element_type=\"widget\" data-e-type=\"widget\" data-widget_type=\"wd_images_gallery.default\">\n\t\t\t\t<div class=\"elementor-widget-container\">\n\t\t\t\t\t\t\t<div class=\"wd-images-gallery\" style=\"--wd-align-items:center; --wd-justify-content:center;\">\n\t\t\t\t\t\t<div class=\"wd-grid-g\" style=\"--wd-col-lg:2;--wd-col-md:2;--wd-col-sm:2;--wd-gap-lg:20px;--wd-gap-sm:10px;\" >\n\t\t\t\t\t\t\t\t\t\t\t\t\t\t\t\t\t\t<div class=\"wd-gallery-item wd-col\">\n\t\t\t\t\t\t\n\t\t\t\t\t\t<img loading=\"lazy\" decoding=\"async\" width=\"300\" height=\"300\" src=\"https:\/\/belgiumdiamonds.be\/wp-content\/uploads\/2025\/09\/Picture1.webp\" class=\"attachment-full size-full\" alt=\"Belgique Diamants\" srcset=\"https:\/\/belgiumdiamonds.be\/wp-content\/uploads\/2025\/09\/Picture1.webp 300w, https:\/\/belgiumdiamonds.be\/wp-content\/uploads\/2025\/09\/Picture1-150x150.webp 150w\" sizes=\"auto, (max-width: 300px) 100vw, 300px\" \/>\n\t\t\t\t\t\t\t\t\t\t\t<\/div>\n\t\t\t\t\t\t\t\t\t\t\t\t\t<\/div>\n\t\t\t\t\t<\/div>\n\t\t\t\t\t\t<\/div>\n\t\t\t\t<\/div>\n\t\t\t\t\t<\/div>\n\t\t<\/div>\n\t\t\t\t<div class=\"elementor-column elementor-col-50 elementor-top-column elementor-element elementor-element-2ce67285\" data-id=\"2ce67285\" data-element_type=\"column\" data-e-type=\"column\">\n\t\t\t<div class=\"elementor-widget-wrap elementor-element-populated\">\n\t\t\t\t\t\t<div class=\"elementor-element elementor-element-16c06626 wd-width-100 elementor-widget elementor-widget-wd_title\" data-id=\"16c06626\" data-element_type=\"widget\" data-e-type=\"widget\" data-widget_type=\"wd_title.default\">\n\t\t\t\t<div class=\"elementor-widget-container\">\n\t\t\t\t\t\t\t<div class=\"title-wrapper wd-set-mb reset-last-child wd-title-color-default wd-title-style-shadow wd-title-size-default text-left\">\n\n\t\t\t\n\t\t\t<div class=\"liner-continer\">\n\t\t\t\t<h4 class=\"woodmart-title-container title wd-fontsize-l\">Le CARAT<\/h4> \n\t\t\t\t\t\t\t<\/div>\n\n\t\t\t\t\t<\/div>\n\t\t\t\t\t\t<\/div>\n\t\t\t\t<\/div>\n\t\t\t\t<div class=\"elementor-element elementor-element-2573b861 elementor-widget elementor-widget-wd_text_block\" data-id=\"2573b861\" data-element_type=\"widget\" data-e-type=\"widget\" data-widget_type=\"wd_text_block.default\">\n\t\t\t\t<div class=\"elementor-widget-container\">\n\t\t\t\t\t\t\t<div class=\"wd-text-block reset-last-child text-left\">\n\t\t\t\n\t\t\t<p>Le poids des diamants est exprim\u00e9 en carats, de sorte que 1 carat \u00e9quivaut \u00e0 environ 0,20 gramme. Les d\u00e9cimales du poids d'un diamant sont appel\u00e9es points, 100 points \u00e9quivalent \u00e0 1 carat. Contrairement \u00e0 l'or, le carat ne d\u00e9finit que le poids d'une pierre. Dans le cas de l'or, il d\u00e9finit la puret\u00e9 de l'or, par exemple l'or 18 carats. Le poids est d\u00e9termin\u00e9 \u00e0 l'aide d'une balance et est \u00e9galement mentionn\u00e9 sur le certificat de chaque diamant.<\/p>\n<p>En bref, un Diamant de\u00a0<em>1,85 carats<\/em>\u00a0p\u00e8se 1 carat et 85 points.<\/p>\n\n\t\t\t\t\t<\/div>\n\t\t\t\t\t\t<\/div>\n\t\t\t\t<\/div>\n\t\t\t\t\t<\/div>\n\t\t<\/div>\n\t\t\t\t\t<\/div>\n\t\t<\/section>\n\t\t\t\t<section class=\"wd-negative-gap elementor-section elementor-top-section elementor-element elementor-element-3698a871 elementor-section-content-middle elementor-reverse-tablet elementor-reverse-mobile elementor-section-boxed elementor-section-height-default elementor-section-height-default\" data-id=\"3698a871\" data-element_type=\"section\" data-e-type=\"section\">\n\t\t\t\t\t\t<div class=\"elementor-container elementor-column-gap-extended\">\n\t\t\t\t\t<div class=\"elementor-column elementor-col-50 elementor-top-column elementor-element elementor-element-ed9e851\" data-id=\"ed9e851\" data-element_type=\"column\" data-e-type=\"column\">\n\t\t\t<div class=\"elementor-widget-wrap elementor-element-populated\">\n\t\t\t\t\t\t<div class=\"elementor-element elementor-element-587f5698 wd-width-100 elementor-widget elementor-widget-wd_title\" data-id=\"587f5698\" data-element_type=\"widget\" data-e-type=\"widget\" data-widget_type=\"wd_title.default\">\n\t\t\t\t<div class=\"elementor-widget-container\">\n\t\t\t\t\t\t\t<div class=\"title-wrapper wd-set-mb reset-last-child wd-title-color-default wd-title-style-shadow wd-title-size-default text-left\">\n\n\t\t\t\n\t\t\t<div class=\"liner-continer\">\n\t\t\t\t<h4 class=\"woodmart-title-container title wd-fontsize-l\"> LA CLART\u00c9<\/h4> \n\t\t\t\t\t\t\t<\/div>\n\n\t\t\t\t\t<\/div>\n\t\t\t\t\t\t<\/div>\n\t\t\t\t<\/div>\n\t\t\t\t<div class=\"elementor-element elementor-element-3ca1fdb4 elementor-widget elementor-widget-wd_text_block\" data-id=\"3ca1fdb4\" data-element_type=\"widget\" data-e-type=\"widget\" data-widget_type=\"wd_text_block.default\">\n\t\t\t\t<div class=\"elementor-widget-container\">\n\t\t\t\t\t\t\t<div class=\"wd-text-block reset-last-child text-left\">\n\t\t\t\n\t\t\t<p>La puret\u00e9 d'un diamant naturel d\u00e9pend de la pr\u00e9sence d'impuret\u00e9s naturelles ou d'\"inclusions\" \u00e0 l'int\u00e9rieur de la pierre. Au cours de sa formation, des impuret\u00e9s telles que des salet\u00e9s ou des bulles de gaz peuvent \u00eatre pi\u00e9g\u00e9es \u00e0 l'int\u00e9rieur du diamant pendant son processus de cristallisation. Ces inclusions font partie de ce qui rend la pierre unique. Il s'agit d'un ph\u00e9nom\u00e8ne naturel et nous nous effor\u00e7ons toujours de trouver des diamants dont les inclusions sont invisibles \u00e0 l'\u0153il nu (Eye-clean). Au niveau mondial, seuls 1-2% des diamants naturels sont totalement propres ou sans d\u00e9faut interne. Ces diamants sont \u00e9videmment beaucoup plus chers en raison de leur raret\u00e9.\u00a0<\/p>\n\t\t\t\t\t<\/div>\n\t\t\t\t\t\t<\/div>\n\t\t\t\t<\/div>\n\t\t\t\t\t<\/div>\n\t\t<\/div>\n\t\t\t\t<div class=\"elementor-column elementor-col-50 elementor-top-column elementor-element elementor-element-7bb309c9\" data-id=\"7bb309c9\" data-element_type=\"column\" data-e-type=\"column\">\n\t\t\t<div class=\"elementor-widget-wrap elementor-element-populated\">\n\t\t\t\t\t\t<div class=\"elementor-element elementor-element-4a161ed0 elementor-widget elementor-widget-wd_image_or_svg\" data-id=\"4a161ed0\" data-element_type=\"widget\" data-e-type=\"widget\" data-widget_type=\"wd_image_or_svg.default\">\n\t\t\t\t<div class=\"elementor-widget-container\">\n\t\t\t\t\t\n\t\t<div class=\"wd-image text-left\">\n\t\t\t\t\t\t\t\t<img loading=\"lazy\" decoding=\"async\" width=\"944\" height=\"576\" src=\"https:\/\/belgiumdiamonds.be\/wp-content\/uploads\/2025\/09\/Picture2.webp\" class=\"attachment-full size-full\" alt=\"Belgique Diamants\" srcset=\"https:\/\/belgiumdiamonds.be\/wp-content\/uploads\/2025\/09\/Picture2.webp 944w, https:\/\/belgiumdiamonds.be\/wp-content\/uploads\/2025\/09\/Picture2-430x262.webp 430w, https:\/\/belgiumdiamonds.be\/wp-content\/uploads\/2025\/09\/Picture2-150x92.webp 150w, https:\/\/belgiumdiamonds.be\/wp-content\/uploads\/2025\/09\/Picture2-700x427.webp 700w, https:\/\/belgiumdiamonds.be\/wp-content\/uploads\/2025\/09\/Picture2-400x244.webp 400w, https:\/\/belgiumdiamonds.be\/wp-content\/uploads\/2025\/09\/Picture2-768x469.webp 768w\" sizes=\"auto, (max-width: 944px) 100vw, 944px\" \/>\t\t\t\t\t<\/div>\n\n\t\t\t\t\t\t<\/div>\n\t\t\t\t<\/div>\n\t\t\t\t\t<\/div>\n\t\t<\/div>\n\t\t\t\t\t<\/div>\n\t\t<\/section>\n\t\t\t\t<section class=\"wd-negative-gap elementor-section elementor-top-section elementor-element elementor-element-e7a4645 elementor-section-content-middle elementor-section-boxed elementor-section-height-default elementor-section-height-default\" data-id=\"e7a4645\" data-element_type=\"section\" data-e-type=\"section\">\n\t\t\t\t\t\t<div class=\"elementor-container elementor-column-gap-extended\">\n\t\t\t\t\t<div class=\"elementor-column elementor-col-50 elementor-top-column elementor-element elementor-element-4d3b0a36\" data-id=\"4d3b0a36\" data-element_type=\"column\" data-e-type=\"column\">\n\t\t\t<div class=\"elementor-widget-wrap elementor-element-populated\">\n\t\t\t\t\t\t<div class=\"elementor-element elementor-element-1dff91f elementor-widget elementor-widget-wd_image_or_svg\" data-id=\"1dff91f\" data-element_type=\"widget\" data-e-type=\"widget\" data-widget_type=\"wd_image_or_svg.default\">\n\t\t\t\t<div class=\"elementor-widget-container\">\n\t\t\t\t\t\n\t\t<div class=\"wd-image text-left\">\n\t\t\t\t\t\t\t\t<img loading=\"lazy\" decoding=\"async\" width=\"839\" height=\"395\" src=\"https:\/\/belgiumdiamonds.be\/wp-content\/uploads\/2025\/09\/Picture3.webp\" class=\"attachment-full size-full\" alt=\"Belgique Diamants\" srcset=\"https:\/\/belgiumdiamonds.be\/wp-content\/uploads\/2025\/09\/Picture3.webp 839w, https:\/\/belgiumdiamonds.be\/wp-content\/uploads\/2025\/09\/Picture3-430x202.webp 430w, https:\/\/belgiumdiamonds.be\/wp-content\/uploads\/2025\/09\/Picture3-150x71.webp 150w, https:\/\/belgiumdiamonds.be\/wp-content\/uploads\/2025\/09\/Picture3-700x330.webp 700w, https:\/\/belgiumdiamonds.be\/wp-content\/uploads\/2025\/09\/Picture3-400x188.webp 400w, https:\/\/belgiumdiamonds.be\/wp-content\/uploads\/2025\/09\/Picture3-768x362.webp 768w\" sizes=\"auto, (max-width: 839px) 100vw, 839px\" \/>\t\t\t\t\t<\/div>\n\n\t\t\t\t\t\t<\/div>\n\t\t\t\t<\/div>\n\t\t\t\t\t<\/div>\n\t\t<\/div>\n\t\t\t\t<div class=\"elementor-column elementor-col-50 elementor-top-column elementor-element elementor-element-7e5c7c59\" data-id=\"7e5c7c59\" data-element_type=\"column\" data-e-type=\"column\">\n\t\t\t<div class=\"elementor-widget-wrap elementor-element-populated\">\n\t\t\t\t\t\t<div class=\"elementor-element elementor-element-2e63a0a0 wd-width-100 elementor-widget elementor-widget-wd_title\" data-id=\"2e63a0a0\" data-element_type=\"widget\" data-e-type=\"widget\" data-widget_type=\"wd_title.default\">\n\t\t\t\t<div class=\"elementor-widget-container\">\n\t\t\t\t\t\t\t<div class=\"title-wrapper wd-set-mb reset-last-child wd-title-color-default wd-title-style-shadow wd-title-size-default text-left\">\n\n\t\t\t\n\t\t\t<div class=\"liner-continer\">\n\t\t\t\t<h4 class=\"woodmart-title-container title wd-fontsize-l\">LA COULEUR<\/h4> \n\t\t\t\t\t\t\t<\/div>\n\n\t\t\t\t\t<\/div>\n\t\t\t\t\t\t<\/div>\n\t\t\t\t<\/div>\n\t\t\t\t<div class=\"elementor-element elementor-element-2bbea1db elementor-widget elementor-widget-wd_text_block\" data-id=\"2bbea1db\" data-element_type=\"widget\" data-e-type=\"widget\" data-widget_type=\"wd_text_block.default\">\n\t\t\t\t<div class=\"elementor-widget-container\">\n\t\t\t\t\t\t\t<div class=\"wd-text-block reset-last-child text-left\">\n\t\t\t\n\t\t\t<p>Plus de 90% de tous les diamants naturels ont une teinte jaun\u00e2tre. L'intensit\u00e9 de la saturation de la couleur dans le diamant est ce qui d\u00e9termine le grade de la couleur. Plus la saturation de la couleur est faible, plus la pierre para\u00eet blanche et plus sa valeur est \u00e9lev\u00e9e. La couleur des diamants naturels est d\u00e9termin\u00e9e par une lettre, la couleur la plus \u00e9lev\u00e9e \u00e9tant la couleur \"D\". La couleur la plus \u00e9lev\u00e9e est d\u00e9finie par la couleur \"D\", puis on descend jusqu'\u00e0 la lettre \"Z\".<\/p>\n<p>\u00a0Si la saturation des couleurs est extr\u00eamement \u00e9lev\u00e9e, nous obtenons alors une cat\u00e9gorie diff\u00e9rente, principalement la cat\u00e9gorie\u00a0<strong><u>COULEURS FANTAISISTES<\/u>.<\/strong><\/p>\n<p>Ces diamants naturels sont tr\u00e8s color\u00e9s. Selon le type de couleur, la valeur augmente. Plus la couleur est rare, plus la valeur est \u00e9lev\u00e9e. Cela signifie que le rouge, le bleu, le rose, le vert et l'orange sont les couleurs les plus rares et peuvent atteindre des valeurs extr\u00eamement \u00e9lev\u00e9es.<\/p>\n\n\t\t\t\t\t<\/div>\n\t\t\t\t\t\t<\/div>\n\t\t\t\t<\/div>\n\t\t\t\t\t<\/div>\n\t\t<\/div>\n\t\t\t\t\t<\/div>\n\t\t<\/section>\n\t\t\t\t<section class=\"wd-negative-gap elementor-section elementor-top-section elementor-element elementor-element-dd6a561 elementor-section-content-middle elementor-reverse-tablet elementor-reverse-mobile elementor-section-boxed elementor-section-height-default elementor-section-height-default\" data-id=\"dd6a561\" data-element_type=\"section\" data-e-type=\"section\">\n\t\t\t\t\t\t<div class=\"elementor-container elementor-column-gap-extended\">\n\t\t\t\t\t<div class=\"elementor-column elementor-col-50 elementor-top-column elementor-element elementor-element-a124df9\" data-id=\"a124df9\" data-element_type=\"column\" data-e-type=\"column\">\n\t\t\t<div class=\"elementor-widget-wrap elementor-element-populated\">\n\t\t\t\t\t\t<div class=\"elementor-element elementor-element-958869d wd-width-100 elementor-widget elementor-widget-wd_title\" data-id=\"958869d\" data-element_type=\"widget\" data-e-type=\"widget\" data-widget_type=\"wd_title.default\">\n\t\t\t\t<div class=\"elementor-widget-container\">\n\t\t\t\t\t\t\t<div class=\"title-wrapper wd-set-mb reset-last-child wd-title-color-default wd-title-style-shadow wd-title-size-default text-left\">\n\n\t\t\t\n\t\t\t<div class=\"liner-continer\">\n\t\t\t\t<h4 class=\"woodmart-title-container title wd-fontsize-l\"> LA COUPE<\/h4> \n\t\t\t\t\t\t\t<\/div>\n\n\t\t\t\t\t<\/div>\n\t\t\t\t\t\t<\/div>\n\t\t\t\t<\/div>\n\t\t\t\t<div class=\"elementor-element elementor-element-1de9545 elementor-widget elementor-widget-wd_text_block\" data-id=\"1de9545\" data-element_type=\"widget\" data-e-type=\"widget\" data-widget_type=\"wd_text_block.default\">\n\t\t\t\t<div class=\"elementor-widget-container\">\n\t\t\t\t\t\t\t<div class=\"wd-text-block reset-last-child text-left\">\n\t\t\t\n\t\t\t<p>Les proportions, la sym\u00e9trie et le degr\u00e9 de finition d'un diamant d\u00e9terminent la qualit\u00e9 de la taille. Un bon degr\u00e9 de finition t\u00e9moigne de la qualit\u00e9 du travail du polisseur de diamants. Il se r\u00e9f\u00e8re \u00e0 la sym\u00e9trie des facettes et \u00e0 leur finition g\u00e9n\u00e9rale. Les diamants les mieux taill\u00e9s pr\u00e9sentent \u00e9galement les bonnes proportions entre les diff\u00e9rentes parties du diamant. Si ces proportions ne sont pas optimales, le feu et la scintillation du diamant sont affect\u00e9s et des effets visuels ind\u00e9sirables peuvent se produire. Outre la taille \"brillant rond\", la plus r\u00e9pandue, il existe une s\u00e9rie d'autres mod\u00e8les fr\u00e9quemment utilis\u00e9s, et l'on peut \u00e9galement rencontrer de magnifiques diamants \"fancy cut\"... Le grade de taille d\u00e9crit une s\u00e9rie de param\u00e8tres du diamant naturel : proportions, taille de la cupule et de la table, \u00e9paisseur de la gaine, polissage et sym\u00e9trie.<\/p>\n<p>Les quatre C sont un excellent outil \u00e0 utiliser lorsque vous envisagez d'acheter une pierre. L'importance des quatre C varie d'une personne \u00e0 l'autre. La plupart des clients demandent d'abord une pierre parfaite, c'est-\u00e0-dire une excellente taille, sans d\u00e9faut et de la plus haute couleur...., mais ils peuvent rarement payer pour cela...<\/p>\n<p>C'est \u00e0 vous qu'il incombera de vous guider, en tant qu'acheteur potentiel, vers la pierre qui correspond \u00e0 votre budget. Par exemple, certaines personnes pr\u00e9f\u00e9reront une taille plus grande, d'autres une couleur plus blanche, d'autres encore une puret\u00e9 plus \u00e9lev\u00e9e (......).<\/p>\n<p>En fin de compte, vous nous ferez confiance pour vous guider vers la meilleure pierre....<\/p>\n\n\t\t\t\t\t<\/div>\n\t\t\t\t\t\t<\/div>\n\t\t\t\t<\/div>\n\t\t\t\t\t<\/div>\n\t\t<\/div>\n\t\t\t\t<div class=\"elementor-column elementor-col-50 elementor-top-column elementor-element elementor-element-d6c6d8b\" data-id=\"d6c6d8b\" data-element_type=\"column\" data-e-type=\"column\">\n\t\t\t<div class=\"elementor-widget-wrap elementor-element-populated\">\n\t\t\t\t\t\t<div class=\"elementor-element elementor-element-e0fcf85 elementor-widget elementor-widget-wd_image_or_svg\" data-id=\"e0fcf85\" data-element_type=\"widget\" data-e-type=\"widget\" data-widget_type=\"wd_image_or_svg.default\">\n\t\t\t\t<div class=\"elementor-widget-container\">\n\t\t\t\t\t\n\t\t<div class=\"wd-image text-left\">\n\t\t\t\t\t\t\t\t<img loading=\"lazy\" decoding=\"async\" width=\"474\" height=\"382\" src=\"https:\/\/belgiumdiamonds.be\/wp-content\/uploads\/2025\/09\/Picture4.webp\" class=\"attachment-full size-full\" alt=\"Belgique Diamants\" srcset=\"https:\/\/belgiumdiamonds.be\/wp-content\/uploads\/2025\/09\/Picture4.webp 474w, https:\/\/belgiumdiamonds.be\/wp-content\/uploads\/2025\/09\/Picture4-430x347.webp 430w, https:\/\/belgiumdiamonds.be\/wp-content\/uploads\/2025\/09\/Picture4-150x121.webp 150w, https:\/\/belgiumdiamonds.be\/wp-content\/uploads\/2025\/09\/Picture4-372x300.webp 372w\" sizes=\"auto, (max-width: 474px) 100vw, 474px\" \/>\t\t\t\t\t<\/div>\n\n\t\t\t\t\t\t<\/div>\n\t\t\t\t<\/div>\n\t\t\t\t\t<\/div>\n\t\t<\/div>\n\t\t\t\t\t<\/div>\n\t\t<\/section>\n\t\t\t\t<\/div>","protected":false},"excerpt":{"rendered":"<p>The Value of Natural Diamonds are determined by several parameters; these are commonly called \u201cThe Four C\u2019s\u201d. They are composed<\/p>","protected":false},"author":244474332,"featured_media":0,"parent":0,"menu_order":0,"comment_status":"closed","ping_status":"closed","template":"","meta":{"_acf_changed":false,"footnotes":""},"class_list":["post-8093","page","type-page","status-publish","hentry"],"acf":[],"_links":{"self":[{"href":"https:\/\/belgiumdiamonds.be\/fr\/wp-json\/wp\/v2\/pages\/8093","targetHints":{"allow":["GET"]}}],"collection":[{"href":"https:\/\/belgiumdiamonds.be\/fr\/wp-json\/wp\/v2\/pages"}],"about":[{"href":"https:\/\/belgiumdiamonds.be\/fr\/wp-json\/wp\/v2\/types\/page"}],"author":[{"embeddable":true,"href":"https:\/\/belgiumdiamonds.be\/fr\/wp-json\/wp\/v2\/users\/244474332"}],"replies":[{"embeddable":true,"href":"https:\/\/belgiumdiamonds.be\/fr\/wp-json\/wp\/v2\/comments?post=8093"}],"version-history":[{"count":1,"href":"https:\/\/belgiumdiamonds.be\/fr\/wp-json\/wp\/v2\/pages\/8093\/revisions"}],"predecessor-version":[{"id":32650,"href":"https:\/\/belgiumdiamonds.be\/fr\/wp-json\/wp\/v2\/pages\/8093\/revisions\/32650"}],"wp:attachment":[{"href":"https:\/\/belgiumdiamonds.be\/fr\/wp-json\/wp\/v2\/media?parent=8093"}],"curies":[{"name":"wp","href":"https:\/\/api.w.org\/{rel}","templated":true}]}}