{"id":8101,"date":"2024-01-23T07:55:26","date_gmt":"2024-01-23T07:55:26","guid":{"rendered":"https:\/\/belgiumdiamond.petpetshopi.shop\/?page_id=8101"},"modified":"2026-01-18T09:37:43","modified_gmt":"2026-01-18T08:37:43","slug":"comprendre-les-certificats","status":"publish","type":"page","link":"https:\/\/belgiumdiamonds.be\/fr\/understanding-certificates\/","title":{"rendered":"Comprendre les certificats"},"content":{"rendered":"<div data-elementor-type=\"wp-page\" data-elementor-id=\"8101\" class=\"elementor elementor-8101\">\n\t\t\t\t<div class=\"wd-negative-gap elementor-element elementor-element-d3f1031 e-flex e-con-boxed e-con e-parent\" data-id=\"d3f1031\" data-element_type=\"container\" data-e-type=\"container\">\n\t\t\t\t\t<div class=\"e-con-inner\">\n\t\t\t\t<div class=\"elementor-element elementor-element-2710aa6 elementor-widget elementor-widget-wd_image_or_svg\" data-id=\"2710aa6\" data-element_type=\"widget\" data-e-type=\"widget\" data-widget_type=\"wd_image_or_svg.default\">\n\t\t\t\t<div class=\"elementor-widget-container\">\n\t\t\t\t\t\n\t\t<div class=\"wd-image text-left\">\n\t\t\t\t\t\t\t\t<img loading=\"lazy\" decoding=\"async\" width=\"1024\" height=\"359\" src=\"https:\/\/belgiumdiamonds.be\/wp-content\/uploads\/2025\/09\/DIAMOND-CERTIFICATES.webp\" class=\"attachment-full size-full\" alt=\"Belgique Diamants\" srcset=\"https:\/\/belgiumdiamonds.be\/wp-content\/uploads\/2025\/09\/DIAMOND-CERTIFICATES.webp 1024w, https:\/\/belgiumdiamonds.be\/wp-content\/uploads\/2025\/09\/DIAMOND-CERTIFICATES-430x151.webp 430w, https:\/\/belgiumdiamonds.be\/wp-content\/uploads\/2025\/09\/DIAMOND-CERTIFICATES-150x53.webp 150w, https:\/\/belgiumdiamonds.be\/wp-content\/uploads\/2025\/09\/DIAMOND-CERTIFICATES-700x245.webp 700w, https:\/\/belgiumdiamonds.be\/wp-content\/uploads\/2025\/09\/DIAMOND-CERTIFICATES-400x140.webp 400w, https:\/\/belgiumdiamonds.be\/wp-content\/uploads\/2025\/09\/DIAMOND-CERTIFICATES-768x269.webp 768w\" sizes=\"auto, (max-width: 1024px) 100vw, 1024px\" \/>\t\t\t\t\t<\/div>\n\n\t\t\t\t\t\t<\/div>\n\t\t\t\t<\/div>\n\t\t\t\t<div class=\"elementor-element elementor-element-020bcdd wd-width-100 elementor-widget elementor-widget-wd_title\" data-id=\"020bcdd\" data-element_type=\"widget\" data-e-type=\"widget\" data-widget_type=\"wd_title.default\">\n\t\t\t\t<div class=\"elementor-widget-container\">\n\t\t\t\t\t\t\t<div class=\"title-wrapper wd-set-mb reset-last-child wd-title-color-default wd-title-style-default wd-title-size-extra-large text-left\">\n\n\t\t\t\n\t\t\t<div class=\"liner-continer\">\n\t\t\t\t<h4 class=\"woodmart-title-container title wd-fontsize-xxxl\">Acheter un diamant naturel<\/h4> \n\t\t\t\t\t\t\t<\/div>\n\n\t\t\t\t\t\t\t<div class=\"title-after_title reset-last-child wd-fontsize-s\">\n\t\t\t\t\t<p>L'achat d'un diamant naturel peut s'apparenter \u00e0 un v\u00e9ritable d\u00e9fi. La plus grande difficult\u00e9 est <strong>confiance<\/strong> - faire confiance \u00e0 votre expert en diamants, c'est-\u00e0-dire \u00e0 notre entreprise.<br \/>La meilleure fa\u00e7on d'instaurer cette confiance est d'engager une conversation ouverte en <strong>par t\u00e9l\u00e9phone, par courrier \u00e9lectronique ou par les m\u00e9dias sociaux<\/strong>.<\/p><br \/>\n<p>Pour soutenir cette confiance, il existe un outil essentiel \u00e0 la disposition de chaque acheteur : le <strong>Certificat de diamant ind\u00e9pendant<\/strong>.<\/p>\t\t\t\t<\/div>\n\t\t\t\t\t<\/div>\n\t\t\t\t\t\t<\/div>\n\t\t\t\t<\/div>\n\t\t\t\t<div class=\"elementor-element elementor-element-3bc3cc2 elementor-widget elementor-widget-wd_accordion\" data-id=\"3bc3cc2\" data-element_type=\"widget\" data-e-type=\"widget\" data-widget_type=\"wd_accordion.default\">\n\t\t\t\t<div class=\"elementor-widget-container\">\n\t\t\t\t\t\n\t\t<div class=\"wd-accordion wd-style-shadow wd-titles-left wd-opener-pos-left wd-opener-style-arrow\" data-state=\"first\">\n\t\t\t\t\t\t\t\n\t\t\t\t<div class=\"wd-accordion-item\">\n\t\t\t\t\t<div class=\"wd-accordion-title wd-role-btn wd-active\" data-accordion-index=\"0\" tabindex=\"0\">\n\t\t\t\t\t\t<div class=\"wd-accordion-title-text\">\n\t\t\t\t\t\t\t\t\t\t\t\t\t\t<span>\n\t\t\t\t\t\t\t\tQu'est-ce qu'un certificat de diamant ?\t\t\t\t\t\t\t<\/span>\n\t\t\t\t\t\t<\/div>\n\t\t\t\t\t\t<span class=\"wd-accordion-opener\"><\/span>\n\t\t\t\t\t<\/div>\n\n\t\t\t\t\t<div class=\"wd-accordion-content wd-entry-content wd-active\" data-accordion-index=\"0\">\n\t\t\t\t\t\t\t\t\t\t\t\t\t\n\t\t\t\t\t\t\t<p data-start=\"679\" data-end=\"790\">Un certificat de diamant est essentiellement le <strong data-start=\"720\" data-end=\"747\">\"passeport\" d'un diamant<\/strong>.<br data-start=\"748\" data-end=\"751\" \/>Il fournit des informations v\u00e9rifi\u00e9es telles que<\/p><ul data-start=\"791\" data-end=\"861\"><li data-start=\"791\" data-end=\"813\"><p data-start=\"793\" data-end=\"813\">Mesures exactes<\/p><\/li><li data-start=\"814\" data-end=\"830\"><p data-start=\"816\" data-end=\"830\">Poids en carats<\/p><\/li><li data-start=\"831\" data-end=\"844\"><p data-start=\"833\" data-end=\"844\">Niveau de coupe<\/p><\/li><li data-start=\"845\" data-end=\"861\"><p data-start=\"847\" data-end=\"861\">Grade de puret\u00e9<\/p><\/li><\/ul><p data-start=\"863\" data-end=\"1074\">Tout cela est d\u00e9livr\u00e9 par un <strong data-start=\"891\" data-end=\"917\">laboratoire ind\u00e9pendant<\/strong>, neutre par rapport \u00e0 la vente.<br data-start=\"939\" data-end=\"942\" \/>Vous n'avez donc pas \u00e0 vous fier uniquement \u00e0 la parole du vendeur : la qualit\u00e9 du diamant est confirm\u00e9e par un certificat d'authenticit\u00e9. <strong data-start=\"1048\" data-end=\"1071\">autorit\u00e9 r\u00e9put\u00e9e<\/strong>.<\/p>\n\t\t\t\t\t\t\t\t\t\t\t\t\t\t\t\t\t\t<\/div>\n\t\t\t\t<\/div>\n\t\t\t\t\t\t\t\n\t\t\t\t<div class=\"wd-accordion-item\">\n\t\t\t\t\t<div class=\"wd-accordion-title wd-role-btn\" data-accordion-index=\"1\" tabindex=\"0\">\n\t\t\t\t\t\t<div class=\"wd-accordion-title-text\">\n\t\t\t\t\t\t\t\t\t\t\t\t\t\t<span>\n\t\t\t\t\t\t\t\tGIA - Institut gemmologique d'Am\u00e9rique\t\t\t\t\t\t\t<\/span>\n\t\t\t\t\t\t<\/div>\n\t\t\t\t\t\t<span class=\"wd-accordion-opener\"><\/span>\n\t\t\t\t\t<\/div>\n\n\t\t\t\t\t<div class=\"wd-accordion-content wd-entry-content\" data-accordion-index=\"1\">\n\t\t\t\t\t\t\t\t\t\t\t\t\t\n\t\t\t\t\t\t\t<p>Fond\u00e9 en 1931, le GIA est une organisation \u00e0 but non lucratif largement consid\u00e9r\u00e9e comme la plus grande organisation de protection de l'environnement au monde. <strong data-start=\"1332\" data-end=\"1374\">la plus grande autorit\u00e9 mondiale en mati\u00e8re de gemmologie<\/strong>.<br data-start=\"1375\" data-end=\"1378\" \/>Ils ont \u00e9t\u00e9 les premiers \u00e0 classer les diamants par cat\u00e9gories. <strong data-start=\"1424\" data-end=\"1445\">couleur et clart\u00e9<\/strong>La mission de l'association est de d\u00e9fendre l'int\u00e9grit\u00e9, la science et l'\u00e9ducation dans le domaine de la bijouterie.<\/p>\n\t\t\t\t\t\t\t\t\t\t\t\t\t\t\t\t\t\t<\/div>\n\t\t\t\t<\/div>\n\t\t\t\t\t\t\t\n\t\t\t\t<div class=\"wd-accordion-item\">\n\t\t\t\t\t<div class=\"wd-accordion-title wd-role-btn\" data-accordion-index=\"2\" tabindex=\"0\">\n\t\t\t\t\t\t<div class=\"wd-accordion-title-text\">\n\t\t\t\t\t\t\t\t\t\t\t\t\t\t<span>\n\t\t\t\t\t\t\t\tHRD - Hoge Raad voor Diamant (Belgique)\t\t\t\t\t\t\t<\/span>\n\t\t\t\t\t\t<\/div>\n\t\t\t\t\t\t<span class=\"wd-accordion-opener\"><\/span>\n\t\t\t\t\t<\/div>\n\n\t\t\t\t\t<div class=\"wd-accordion-content wd-entry-content\" data-accordion-index=\"2\">\n\t\t\t\t\t\t\t\t\t\t\t\t\t\n\t\t\t\t\t\t\t<p>Le DRH est le <strong data-start=\"1597\" data-end=\"1656\">repr\u00e9sentant officiel de l'industrie diamantaire belge<\/strong>dont le si\u00e8ge se trouve \u00e0 l'Antwerp World Diamond Center (AWDC).<br data-start=\"1715\" data-end=\"1718\" \/>Un certificat HRD garantit l'authenticit\u00e9 d'un diamant, excluant toute possibilit\u00e9 d'imitation ou de substitut synth\u00e9tique.<\/p>\n\t\t\t\t\t\t\t\t\t\t\t\t\t\t\t\t\t\t<\/div>\n\t\t\t\t<\/div>\n\t\t\t\t\t\t\t\n\t\t\t\t<div class=\"wd-accordion-item\">\n\t\t\t\t\t<div class=\"wd-accordion-title wd-role-btn\" data-accordion-index=\"3\" tabindex=\"0\">\n\t\t\t\t\t\t<div class=\"wd-accordion-title-text\">\n\t\t\t\t\t\t\t\t\t\t\t\t\t\t<span>\n\t\t\t\t\t\t\t\tIGI - Institut international de gemmologie\t\t\t\t\t\t\t<\/span>\n\t\t\t\t\t\t<\/div>\n\t\t\t\t\t\t<span class=\"wd-accordion-opener\"><\/span>\n\t\t\t\t\t<\/div>\n\n\t\t\t\t\t<div class=\"wd-accordion-content wd-entry-content\" data-accordion-index=\"3\">\n\t\t\t\t\t\t\t\t\t\t\t\t\t\n\t\t\t\t\t\t\t<p data-start=\"1900\" data-end=\"2149\">Fond\u00e9e \u00e0 Anvers en 1975, l'IGI est l'organisation la plus importante au monde dans le domaine de l'\u00e9ducation et de la formation. <strong data-start=\"1939\" data-end=\"1971\">le plus ancien institut de ce type<\/strong> et exploite d\u00e9sormais des laboratoires dans les pays suivants <strong data-start=\"1997\" data-end=\"2037\">New York, Bangkok, Mumbai et Tokyo<\/strong>.<br data-start=\"2038\" data-end=\"2041\" \/>Un rapport de l'IGI confirme la <strong data-start=\"2068\" data-end=\"2090\">identit\u00e9 et grade<\/strong> d'un diamant en utilisant un syst\u00e8me internationalement reconnu.<\/p>\n\t\t\t\t\t\t\t\t\t\t\t\t\t\t\t\t\t\t<\/div>\n\t\t\t\t<\/div>\n\t\t\t\t\t\t\t\n\t\t\t\t<div class=\"wd-accordion-item\">\n\t\t\t\t\t<div class=\"wd-accordion-title wd-role-btn\" data-accordion-index=\"4\" tabindex=\"0\">\n\t\t\t\t\t\t<div class=\"wd-accordion-title-text\">\n\t\t\t\t\t\t\t\t\t\t\t\t\t\t<span>\n\t\t\t\t\t\t\t\tInscription au laser pour la s\u00e9curit\u00e9\t\t\t\t\t\t\t<\/span>\n\t\t\t\t\t\t<\/div>\n\t\t\t\t\t\t<span class=\"wd-accordion-opener\"><\/span>\n\t\t\t\t\t<\/div>\n\n\t\t\t\t\t<div class=\"wd-accordion-content wd-entry-content\" data-accordion-index=\"4\">\n\t\t\t\t\t\t\t\t\t\t\t\t\t\n\t\t\t\t\t\t\t<p data-start=\"2196\" data-end=\"2310\">Tous nos diamants naturels sont <strong data-start=\"2228\" data-end=\"2247\">inscrit au laser<\/strong> avec leur num\u00e9ro de certificat sur la gaine.<br data-start=\"2292\" data-end=\"2295\" \/>Cela permet de garantir :<\/p><ul data-start=\"2311\" data-end=\"2480\"><li data-start=\"2311\" data-end=\"2393\"><p data-start=\"2313\" data-end=\"2393\">Le diamant de votre bijou est le <strong data-start=\"2346\" data-end=\"2364\">exactement le m\u00eame<\/strong> figurant sur le certificat.<\/p><\/li><li data-start=\"2394\" data-end=\"2480\"><p data-start=\"2396\" data-end=\"2480\">Vous pouvez v\u00e9rifier le certificat en consultant le site web du laboratoire. <strong data-start=\"2450\" data-end=\"2469\">base de donn\u00e9es en ligne<\/strong> \u00e0 tout moment.<\/p><\/li><\/ul><p data-start=\"2482\" data-end=\"2557\">Cela vous permet <strong data-start=\"2497\" data-end=\"2523\">une totale tranquillit\u00e9 d'esprit<\/strong> lorsque vous investissez dans votre diamant.<\/p>\n\t\t\t\t\t\t\t\t\t\t\t\t\t\t\t\t\t\t<\/div>\n\t\t\t\t<\/div>\n\t\t\t\t\t<\/div>\n\t\t\t\t\t\t<\/div>\n\t\t\t\t<\/div>\n\t\t\t\t\t<\/div>\n\t\t\t\t<\/div>\n\t\t\t\t<\/div>","protected":false},"excerpt":{"rendered":"<p>Buying a Natural Diamond Buying a natural diamond can feel like a challenge. The biggest difficulty is trust \u2014 trusting<\/p>","protected":false},"author":244474332,"featured_media":0,"parent":0,"menu_order":0,"comment_status":"closed","ping_status":"closed","template":"","meta":{"_acf_changed":false,"footnotes":""},"class_list":["post-8101","page","type-page","status-publish","hentry"],"acf":[],"_links":{"self":[{"href":"https:\/\/belgiumdiamonds.be\/fr\/wp-json\/wp\/v2\/pages\/8101","targetHints":{"allow":["GET"]}}],"collection":[{"href":"https:\/\/belgiumdiamonds.be\/fr\/wp-json\/wp\/v2\/pages"}],"about":[{"href":"https:\/\/belgiumdiamonds.be\/fr\/wp-json\/wp\/v2\/types\/page"}],"author":[{"embeddable":true,"href":"https:\/\/belgiumdiamonds.be\/fr\/wp-json\/wp\/v2\/users\/244474332"}],"replies":[{"embeddable":true,"href":"https:\/\/belgiumdiamonds.be\/fr\/wp-json\/wp\/v2\/comments?post=8101"}],"version-history":[{"count":1,"href":"https:\/\/belgiumdiamonds.be\/fr\/wp-json\/wp\/v2\/pages\/8101\/revisions"}],"predecessor-version":[{"id":32678,"href":"https:\/\/belgiumdiamonds.be\/fr\/wp-json\/wp\/v2\/pages\/8101\/revisions\/32678"}],"wp:attachment":[{"href":"https:\/\/belgiumdiamonds.be\/fr\/wp-json\/wp\/v2\/media?parent=8101"}],"curies":[{"name":"wp","href":"https:\/\/api.w.org\/{rel}","templated":true}]}}