{"id":9600,"date":"2024-01-27T20:41:36","date_gmt":"2024-01-27T20:41:36","guid":{"rendered":"https:\/\/belgiumdiamond.petpetshopi.shop\/?page_id=9600"},"modified":"2026-01-18T09:26:24","modified_gmt":"2026-01-18T08:26:24","slug":"rejoindre-notre-reseau","status":"publish","type":"page","link":"https:\/\/belgiumdiamonds.be\/fr\/join-our-network\/","title":{"rendered":"REJOINDRE NOTRE R\u00c9SEAU"},"content":{"rendered":"<div data-elementor-type=\"wp-page\" data-elementor-id=\"9600\" class=\"elementor elementor-9600\">\n\t\t\t\t<div class=\"wd-negative-gap elementor-element elementor-element-55d5fb7f e-flex e-con-boxed e-con e-parent\" data-id=\"55d5fb7f\" data-element_type=\"container\" data-e-type=\"container\">\n\t\t\t\t\t<div class=\"e-con-inner\">\n\t\t<div class=\"elementor-element elementor-element-1e82f666 e-con-full e-flex e-con e-child\" data-id=\"1e82f666\" data-element_type=\"container\" data-e-type=\"container\">\n\t\t<div class=\"elementor-element elementor-element-9c0ce48 e-con-full e-flex e-con e-child\" data-id=\"9c0ce48\" data-element_type=\"container\" data-e-type=\"container\">\n\t\t\t\t<div class=\"elementor-element elementor-element-16748ce7 elementor-widget elementor-widget-wd_text_block\" data-id=\"16748ce7\" data-element_type=\"widget\" data-e-type=\"widget\" data-widget_type=\"wd_text_block.default\">\n\t\t\t\t<div class=\"elementor-widget-container\">\n\t\t\t\t\t\t\t<div class=\"wd-text-block reset-last-child text-left\">\n\t\t\t\n\t\t\t<p class=\"has-text-align-justify\">Nous cherchons toujours \u00e0 d\u00e9velopper notre \u00e9quipe et notre r\u00e9seau \u00e0 l'\u00e9chelle mondiale.<br \/>Vous \u00eates la bonne personne pour nous rejoindre ? Vous \u00eates un professionnel ou un semi-professionnel \u00e0 la recherche d'un fournisseur ou d'un partenaire strat\u00e9gique ?\u00a0<a href=\"https:\/\/belgiumdiamonds.be\/fr\/nous-contacter\/\" data-type=\"page\" data-id=\"9628\">Tenez-nous au courant.<\/a><\/p>\n<p class=\"has-text-align-justify\">Faites partie des prochaines options list\u00e9es et travaillez avec Belgium Diamonds Ltd.<\/p>\n\n\t\t\t\t\t<\/div>\n\t\t\t\t\t\t<\/div>\n\t\t\t\t<\/div>\n\t\t\t\t<div class=\"elementor-element elementor-element-d105eb6 elementor-widget__width-auto elementor-widget elementor-widget-wd_button\" data-id=\"d105eb6\" data-element_type=\"widget\" data-e-type=\"widget\" data-widget_type=\"wd_button.default\">\n\t\t\t\t<div class=\"elementor-widget-container\">\n\t\t\t\t\t\t\t<div class=\"wd-button-wrapper text-left\" >\n\t\t\t<a class=\"btn btn-style-round btn-shape-rectangle btn-size-default btn-color-primary btn-icon-pos-right\" href=\"https:\/\/belgiumdiamond.petpetshopi.shop\/contact-us\/\" target=\"_blank\" rel=\"noopener\">\n\t\t\t\t<span class=\"wd-btn-text\" data-elementor-setting-key=\"text\">\n\t\t\t\t\tRejoignez-nous\t\t\t\t<\/span>\n\n\t\t\t\t\t\t\t<\/a>\n\t\t<\/div>\n\t\t\t\t\t\t<\/div>\n\t\t\t\t<\/div>\n\t\t\t\t<\/div>\n\t\t<div class=\"elementor-element elementor-element-5ce6afa9 e-con-full e-flex e-con e-child\" data-id=\"5ce6afa9\" data-element_type=\"container\" data-e-type=\"container\">\n\t\t\t\t<div class=\"elementor-element elementor-element-5d546738 elementor-widget elementor-widget-wd_image_or_svg\" data-id=\"5d546738\" data-element_type=\"widget\" data-e-type=\"widget\" data-widget_type=\"wd_image_or_svg.default\">\n\t\t\t\t<div class=\"elementor-widget-container\">\n\t\t\t\t\t\n\t\t<div class=\"wd-image text-center\">\n\t\t\t\t\t\t\t\t<img loading=\"lazy\" decoding=\"async\" width=\"298\" height=\"300\" src=\"https:\/\/belgiumdiamonds.be\/wp-content\/uploads\/2025\/06\/5.png\" class=\"attachment-medium size-medium\" alt=\"Belgique Diamants\" srcset=\"https:\/\/belgiumdiamonds.be\/wp-content\/uploads\/2025\/06\/5.png 716w, https:\/\/belgiumdiamonds.be\/wp-content\/uploads\/2025\/06\/5-430x432.png 430w, https:\/\/belgiumdiamonds.be\/wp-content\/uploads\/2025\/06\/5-150x151.png 150w, https:\/\/belgiumdiamonds.be\/wp-content\/uploads\/2025\/06\/5-700x704.png 700w\" sizes=\"auto, (max-width: 298px) 100vw, 298px\" \/>\t\t\t\t\t<\/div>\n\n\t\t\t\t\t\t<\/div>\n\t\t\t\t<\/div>\n\t\t\t\t<\/div>\n\t\t\t\t<\/div>\n\t\t<div class=\"elementor-element elementor-element-95120eb e-con-full e-flex e-con e-child\" data-id=\"95120eb\" data-element_type=\"container\" data-e-type=\"container\">\n\t\t<div class=\"elementor-element elementor-element-ca2c1f e-con-full e-flex e-con e-child\" data-id=\"ca2c1f\" data-element_type=\"container\" data-e-type=\"container\">\n\t\t\t\t<div class=\"elementor-element elementor-element-661f49fd elementor-widget elementor-widget-wd_infobox\" data-id=\"661f49fd\" data-element_type=\"widget\" data-e-type=\"widget\" data-widget_type=\"wd_infobox.default\">\n\t\t\t\t<div class=\"elementor-widget-container\">\n\t\t\t\t\t\t\t<div class=\"info-box-wrapper\">\n\t\t\t<div class=\"wd-info-box text-left box-icon-align-left box-style-base color-scheme- wd-items-middle\">\n\t\t\t\t\t\t\t\t\t<div class=\"box-icon-wrapper  box-with-text text-size-small box-icon-simple\">\n\t\t\t\t\t\t<div class=\"info-box-icon\">\n\t\t\t\t\t\t\t\t\t\t\t\t\t\t\t1.\t\t\t\t\t\t\t\t\t\t\t\t\t<\/div>\n\t\t\t\t\t<\/div>\n\t\t\t\t\n\t\t\t\t<div class=\"info-box-content\">\n\t\t\t\t\t\n\t\t\t\t\t\t\t\t\t\t\t<h4\t\t\t\t\t\tclass=\"info-box-title title box-title-style-default wd-fontsize-m\" data-elementor-setting-key=\"title\">\n\t\t\t\t\t\t\t\tPartenariats mondiaux\t\t\t\t\t\t<\/h4>\n\t\t\t\t\t\n\t\t\t\t\t<div class=\"info-box-inner reset-last-child\"data-elementor-setting-key=\"content\"><p>Croissez avec nous dans le monde entier.<\/p>\n<\/div>\n\n\t\t\t\t\t\t\t\t\t<\/div>\n\n\t\t\t\t\t\t\t<\/div>\n\t\t<\/div>\n\t\t\t\t\t\t<\/div>\n\t\t\t\t<\/div>\n\t\t\t\t<div class=\"elementor-element elementor-element-121f06e2 elementor-widget elementor-widget-wd_infobox\" data-id=\"121f06e2\" data-element_type=\"widget\" data-e-type=\"widget\" data-widget_type=\"wd_infobox.default\">\n\t\t\t\t<div class=\"elementor-widget-container\">\n\t\t\t\t\t\t\t<div class=\"info-box-wrapper\">\n\t\t\t<div class=\"wd-info-box text-left box-icon-align-left box-style-base color-scheme- wd-items-middle\">\n\t\t\t\t\t\t\t\t\t<div class=\"box-icon-wrapper  box-with-text text-size-small box-icon-simple\">\n\t\t\t\t\t\t<div class=\"info-box-icon\">\n\t\t\t\t\t\t\t\t\t\t\t\t\t\t\t2.\t\t\t\t\t\t\t\t\t\t\t\t\t<\/div>\n\t\t\t\t\t<\/div>\n\t\t\t\t\n\t\t\t\t<div class=\"info-box-content\">\n\t\t\t\t\t\n\t\t\t\t\t\t\t\t\t\t\t<h4\t\t\t\t\t\tclass=\"info-box-title title box-title-style-default wd-fontsize-m\" data-elementor-setting-key=\"title\">\n\t\t\t\t\t\t\t\tCroissance de la carri\u00e8re\t\t\t\t\t\t<\/h4>\n\t\t\t\t\t\n\t\t\t\t\t<div class=\"info-box-inner reset-last-child\"data-elementor-setting-key=\"content\"><p data-start=\"209\" data-end=\"363\">Rejoignez notre \u00e9quipe d'experts.<\/p>\n<p data-start=\"365\" data-end=\"499\" data-is-last-node=\"\" data-is-only-node=\"\">\u00a0<\/p>\n<\/div>\n\n\t\t\t\t\t\t\t\t\t<\/div>\n\n\t\t\t\t\t\t\t<\/div>\n\t\t<\/div>\n\t\t\t\t\t\t<\/div>\n\t\t\t\t<\/div>\n\t\t\t\t<\/div>\n\t\t\t\t<\/div>\n\t\t\t\t\t<\/div>\n\t\t\t\t<\/div>\n\t\t\t\t<section class=\"wd-negative-gap elementor-section elementor-top-section elementor-element elementor-element-7f850ead elementor-section-content-middle elementor-section-boxed elementor-section-height-default elementor-section-height-default\" data-id=\"7f850ead\" data-element_type=\"section\" data-e-type=\"section\">\n\t\t\t\t\t\t<div class=\"elementor-container elementor-column-gap-extended\">\n\t\t\t\t\t<div class=\"elementor-column elementor-col-25 elementor-top-column elementor-element elementor-element-6a801cf2\" data-id=\"6a801cf2\" data-element_type=\"column\" data-e-type=\"column\">\n\t\t\t<div class=\"elementor-widget-wrap elementor-element-populated\">\n\t\t\t\t\t\t<div class=\"elementor-element elementor-element-90cbb5f elementor-widget elementor-widget-wd_image_or_svg\" data-id=\"90cbb5f\" data-element_type=\"widget\" data-e-type=\"widget\" data-widget_type=\"wd_image_or_svg.default\">\n\t\t\t\t<div class=\"elementor-widget-container\">\n\t\t\t\t\t\n\t\t<div class=\"wd-image text-left\">\n\t\t\t\t\t\t\t\t<img loading=\"lazy\" decoding=\"async\" width=\"300\" height=\"300\" src=\"https:\/\/belgiumdiamonds.be\/wp-content\/uploads\/2025\/06\/pear.jpg\" class=\"attachment-full size-full\" alt=\"Pear &#8211; 2487897292 &#8211; 15.12ct &#8211; GIA - Belgium Diamonds\" srcset=\"https:\/\/belgiumdiamonds.be\/wp-content\/uploads\/2025\/06\/pear.jpg 300w, https:\/\/belgiumdiamonds.be\/wp-content\/uploads\/2025\/06\/pear-150x150.jpg 150w\" sizes=\"auto, (max-width: 300px) 100vw, 300px\" \/>\t\t\t\t\t<\/div>\n\n\t\t\t\t\t\t<\/div>\n\t\t\t\t<\/div>\n\t\t\t\t\t<\/div>\n\t\t<\/div>\n\t\t\t\t<div class=\"elementor-column elementor-col-25 elementor-top-column elementor-element elementor-element-66c25bd1\" data-id=\"66c25bd1\" data-element_type=\"column\" data-e-type=\"column\">\n\t\t\t<div class=\"elementor-widget-wrap elementor-element-populated\">\n\t\t\t\t\t\t<div class=\"elementor-element elementor-element-cd3fa39 elementor-widget elementor-widget-wd_image_or_svg\" data-id=\"cd3fa39\" data-element_type=\"widget\" data-e-type=\"widget\" data-widget_type=\"wd_image_or_svg.default\">\n\t\t\t\t<div class=\"elementor-widget-container\">\n\t\t\t\t\t\n\t\t<div class=\"wd-image text-left\">\n\t\t\t\t\t\t\t\t<img loading=\"lazy\" decoding=\"async\" width=\"705\" height=\"661\" src=\"https:\/\/belgiumdiamonds.be\/wp-content\/uploads\/2024\/02\/9-1.png\" class=\"attachment-full size-full\" alt=\"Belgique Diamants\" srcset=\"https:\/\/belgiumdiamonds.be\/wp-content\/uploads\/2024\/02\/9-1.png 705w, https:\/\/belgiumdiamonds.be\/wp-content\/uploads\/2024\/02\/9-1-430x403.png 430w, https:\/\/belgiumdiamonds.be\/wp-content\/uploads\/2024\/02\/9-1-150x141.png 150w, https:\/\/belgiumdiamonds.be\/wp-content\/uploads\/2024\/02\/9-1-700x656.png 700w\" sizes=\"auto, (max-width: 705px) 100vw, 705px\" \/>\t\t\t\t\t<\/div>\n\n\t\t\t\t\t\t<\/div>\n\t\t\t\t<\/div>\n\t\t\t\t\t<\/div>\n\t\t<\/div>\n\t\t\t\t<div class=\"elementor-column elementor-col-50 elementor-top-column elementor-element elementor-element-21b88fbd\" data-id=\"21b88fbd\" data-element_type=\"column\" data-e-type=\"column\">\n\t\t\t<div class=\"elementor-widget-wrap elementor-element-populated\">\n\t\t\t\t\t\t<div class=\"elementor-element elementor-element-583801ce wd-width-100 elementor-widget elementor-widget-wd_title\" data-id=\"583801ce\" data-element_type=\"widget\" data-e-type=\"widget\" data-widget_type=\"wd_title.default\">\n\t\t\t\t<div class=\"elementor-widget-container\">\n\t\t\t\t\t\t\t<div class=\"title-wrapper wd-set-mb reset-last-child wd-title-color-default wd-title-style-default wd-title-size-default text-left\">\n\n\t\t\t\n\t\t\t<div class=\"liner-continer\">\n\t\t\t\t<h4 class=\"woodmart-title-container title wd-fontsize-l\">Personnel<\/h4> \n\t\t\t\t\t\t\t<\/div>\n\n\t\t\t\t\t<\/div>\n\t\t\t\t\t\t<\/div>\n\t\t\t\t<\/div>\n\t\t\t\t<div class=\"elementor-element elementor-element-66def298 wd-width-100 elementor-widget elementor-widget-wd_title\" data-id=\"66def298\" data-element_type=\"widget\" data-e-type=\"widget\" data-widget_type=\"wd_title.default\">\n\t\t\t\t<div class=\"elementor-widget-container\">\n\t\t\t\t\t\t\t<div class=\"title-wrapper wd-set-mb reset-last-child wd-title-color-default wd-title-style-default wd-title-size-default text-left\">\n\n\t\t\t\n\t\t\t<div class=\"liner-continer\">\n\t\t\t\t<h4 class=\"woodmart-title-container title wd-fontsize-l wd-underline-colored\">Diamant <u>Les acheteurs :<\/u><\/h4> \n\t\t\t\t\t\t\t<\/div>\n\n\t\t\t\t\t<\/div>\n\t\t\t\t\t\t<\/div>\n\t\t\t\t<\/div>\n\t\t\t\t<div class=\"elementor-element elementor-element-744df76d elementor-widget elementor-widget-wd_text_block\" data-id=\"744df76d\" data-element_type=\"widget\" data-e-type=\"widget\" data-widget_type=\"wd_text_block.default\">\n\t\t\t\t<div class=\"elementor-widget-container\">\n\t\t\t\t\t\t\t<div class=\"wd-text-block reset-last-child text-left\">\n\t\t\t\n\t\t\t<p>Notre croissance\u00a0<strong><em>Personnel<\/em><\/strong><strong><em>\u00a0<\/em><\/strong><strong><em>\u00a0R\u00e9seau des acheteurs<\/em><\/strong>\u00a0 dans diff\u00e9rents pays vous permet, ainsi qu'\u00e0 vos clients, d'\u00e9viter les prix de vente au d\u00e9tail dans les magasins de d\u00e9tail, tout en b\u00e9n\u00e9ficiant de l'aide d'un professionnel du diamant et de la bijouterie qui vous aidera dans votre s\u00e9lection ou votre achat, ainsi que dans l'apr\u00e8s-vente. Demandez-nous s'il existe un Personal Diamond Shopper dans votre r\u00e9gion.<\/p>\n\t\t\t\t\t<\/div>\n\t\t\t\t\t\t<\/div>\n\t\t\t\t<\/div>\n\t\t\t\t\t<\/div>\n\t\t<\/div>\n\t\t\t\t\t<\/div>\n\t\t<\/section>\n\t\t<div class=\"elementor-element elementor-element-1d21b4e e-con-full e-flex e-con e-parent\" data-id=\"1d21b4e\" data-element_type=\"container\" data-e-type=\"container\">\n\t\t\t\t<div class=\"elementor-element elementor-element-9fd434a wd-width-100 elementor-widget elementor-widget-wd_title\" data-id=\"9fd434a\" data-element_type=\"widget\" data-e-type=\"widget\" data-widget_type=\"wd_title.default\">\n\t\t\t\t<div class=\"elementor-widget-container\">\n\t\t\t\t\t\t\t<div class=\"title-wrapper wd-set-mb reset-last-child wd-title-color-default wd-title-style-default wd-title-size-default text-left\">\n\n\t\t\t\n\t\t\t<div class=\"liner-continer\">\n\t\t\t\t<h4 class=\"woodmart-title-container title wd-fontsize-l wd-underline-colored\">Notre <u>Agent local :<\/u><\/h4> \n\t\t\t\t\t\t\t<\/div>\n\n\t\t\t\t\t<\/div>\n\t\t\t\t\t\t<\/div>\n\t\t\t\t<\/div>\n\t\t\t\t<\/div>\n\t\t<div class=\"elementor-element elementor-element-2571b32 e-con-full e-flex e-con e-parent\" data-id=\"2571b32\" data-element_type=\"container\" data-e-type=\"container\">\n\t\t\t\t<div class=\"elementor-element elementor-element-66a066b elementor-widget elementor-widget-wd_text_block\" data-id=\"66a066b\" data-element_type=\"widget\" data-e-type=\"widget\" data-widget_type=\"wd_text_block.default\">\n\t\t\t\t<div class=\"elementor-widget-container\">\n\t\t\t\t\t\t\t<div class=\"wd-text-block reset-last-child text-left\">\n\t\t\t\n\t\t\t<p>Nous avons plusieurs agents locaux dans diff\u00e9rents pays qui cr\u00e9ent leur r\u00e9seau local et fournissent des services locaux pour les clients qui pr\u00e9f\u00e8rent les r\u00e9unions en personne. L'avantage d'avoir une explication <strong>dans votre langue<\/strong>\u00a0avec une personne de\u00a0<strong>confiance<\/strong>\u00a0est tr\u00e8s important.\u00a0<\/p>\n\t\t\t\t\t<\/div>\n\t\t\t\t\t\t<\/div>\n\t\t\t\t<\/div>\n\t\t\t\t<\/div>\n\t\t\t\t<section class=\"wd-negative-gap elementor-section elementor-top-section elementor-element elementor-element-766708f2 elementor-section-content-middle elementor-reverse-mobile elementor-section-boxed elementor-section-height-default elementor-section-height-default\" data-id=\"766708f2\" data-element_type=\"section\" data-e-type=\"section\">\n\t\t\t\t\t\t<div class=\"elementor-container elementor-column-gap-extended\">\n\t\t\t\t\t<div class=\"elementor-column elementor-col-50 elementor-top-column elementor-element elementor-element-1db3d277\" data-id=\"1db3d277\" data-element_type=\"column\" data-e-type=\"column\">\n\t\t\t<div class=\"elementor-widget-wrap elementor-element-populated\">\n\t\t\t\t\t\t<div class=\"elementor-element elementor-element-442a765d wd-width-100 elementor-widget elementor-widget-wd_title\" data-id=\"442a765d\" data-element_type=\"widget\" data-e-type=\"widget\" data-widget_type=\"wd_title.default\">\n\t\t\t\t<div class=\"elementor-widget-container\">\n\t\t\t\t\t\t\t<div class=\"title-wrapper wd-set-mb reset-last-child wd-title-color-default wd-title-style-default wd-title-size-default text-center\">\n\n\t\t\t\n\t\t\t<div class=\"liner-continer\">\n\t\t\t\t<h4 class=\"woodmart-title-container title wd-fontsize-l\">MALTE - GR\u00c8CE<\/h4> \n\t\t\t\t\t\t\t<\/div>\n\n\t\t\t\t\t<\/div>\n\t\t\t\t\t\t<\/div>\n\t\t\t\t<\/div>\n\t\t\t\t<div class=\"elementor-element elementor-element-762c31f6 wd-width-100 elementor-widget elementor-widget-wd_title\" data-id=\"762c31f6\" data-element_type=\"widget\" data-e-type=\"widget\" data-widget_type=\"wd_title.default\">\n\t\t\t\t<div class=\"elementor-widget-container\">\n\t\t\t\t\t\t\t<div class=\"title-wrapper wd-set-mb reset-last-child wd-title-color-default wd-title-style-default wd-title-size-default text-center\">\n\n\t\t\t\n\t\t\t<div class=\"liner-continer\">\n\t\t\t\t<h4 class=\"woodmart-title-container title wd-fontsize-l wd-underline-colored\"><u>Rc Diamonds<\/u> Ltd <\/h4> \n\t\t\t\t\t\t\t<\/div>\n\n\t\t\t\t\t<\/div>\n\t\t\t\t\t\t<\/div>\n\t\t\t\t<\/div>\n\t\t\t\t<div class=\"elementor-element elementor-element-690da922 elementor-widget__width-auto elementor-widget elementor-widget-wd_button\" data-id=\"690da922\" data-element_type=\"widget\" data-e-type=\"widget\" data-widget_type=\"wd_button.default\">\n\t\t\t\t<div class=\"elementor-widget-container\">\n\t\t\t\t\t\t\t<div class=\"wd-button-wrapper text-left\" >\n\t\t\t<a class=\"btn btn-style-round btn-shape-rectangle btn-size-default btn-color-primary btn-icon-pos-right\"  href=\"\">\n\t\t\t\t<span class=\"wd-btn-text\" data-elementor-setting-key=\"text\">\n\t\t\t\t\tAppeler\t\t\t\t<\/span>\n\n\t\t\t\t\t\t\t<\/a>\n\t\t<\/div>\n\t\t\t\t\t\t<\/div>\n\t\t\t\t<\/div>\n\t\t\t\t<div class=\"elementor-element elementor-element-546e770c elementor-widget__width-auto elementor-widget elementor-widget-wd_button\" data-id=\"546e770c\" data-element_type=\"widget\" data-e-type=\"widget\" data-widget_type=\"wd_button.default\">\n\t\t\t\t<div class=\"elementor-widget-container\">\n\t\t\t\t\t\t\t<div class=\"wd-button-wrapper text-left\" >\n\t\t\t<a class=\"btn btn-style-round btn-shape-rectangle btn-size-default btn-icon-pos-right\"  href=\"mailto:rcdiamondsmalta@gmail.com\">\n\t\t\t\t<span class=\"wd-btn-text\" data-elementor-setting-key=\"text\">\n\t\t\t\t\tCourrier\t\t\t\t<\/span>\n\n\t\t\t\t\t\t\t<\/a>\n\t\t<\/div>\n\t\t\t\t\t\t<\/div>\n\t\t\t\t<\/div>\n\t\t\t\t\t<\/div>\n\t\t<\/div>\n\t\t\t\t<div class=\"elementor-column elementor-col-50 elementor-top-column elementor-element elementor-element-5efda23b\" data-id=\"5efda23b\" data-element_type=\"column\" data-e-type=\"column\">\n\t\t\t<div class=\"elementor-widget-wrap elementor-element-populated\">\n\t\t\t\t\t\t<div class=\"elementor-element elementor-element-385118ed elementor-widget__width-initial elementor-widget-mobile__width-initial elementor-widget elementor-widget-wd_team_member\" data-id=\"385118ed\" data-element_type=\"widget\" data-e-type=\"widget\" data-widget_type=\"wd_team_member.default\">\n\t\t\t\t<div class=\"elementor-widget-container\">\n\t\t\t\t\t\t\t<div class=\"team-member member-layout-hover text-center color-scheme-light\">\n\t\t\t\t\t\t\t<div class=\"member-image-wrapper\">\n\t\t\t\t\t<div class=\"member-image\">\n\t\t\t\t\t\t<img loading=\"lazy\" decoding=\"async\" width=\"237\" height=\"300\" src=\"https:\/\/belgiumdiamonds.be\/wp-content\/uploads\/2025\/09\/Agent.webp\" class=\"attachment-full size-full\" alt=\"Belgique Diamants\" srcset=\"https:\/\/belgiumdiamonds.be\/wp-content\/uploads\/2025\/09\/Agent.webp 237w, https:\/\/belgiumdiamonds.be\/wp-content\/uploads\/2025\/09\/Agent-150x190.webp 150w\" sizes=\"auto, (max-width: 237px) 100vw, 237px\" \/>\t\t\t\t\t<\/div>\n\t\t\t\t<\/div>\n\t\t\t\n\t\t\t<div class=\"member-details wd-set-mb reset-last-child\">\n\t\t\t\t\t\t\t\t\t<h4 class=\"member-name\">\n\t\t\t\t\t\tM. Raymond Cassar \t\t\t\t\t<\/h4>\n\t\t\t\t\n\t\t\t\t\t\t\t\t\t<div class=\"member-position\">\n\t\t\t\t\t\tAGENT\t\t\t\t\t<\/div>\n\t\t\t\t\n\t\t\t\t\n\t\t\t\t\t\t\t<\/div>\n\t\t<\/div>\n\t\t\t\t\t\t<\/div>\n\t\t\t\t<\/div>\n\t\t\t\t\t<\/div>\n\t\t<\/div>\n\t\t\t\t\t<\/div>\n\t\t<\/section>\n\t\t\t\t<\/div>","protected":false},"excerpt":{"rendered":"<p>We are always looking to grow our team and network globally.Are you the right person to join us? are you<\/p>","protected":false},"author":244474332,"featured_media":0,"parent":0,"menu_order":0,"comment_status":"closed","ping_status":"closed","template":"","meta":{"_acf_changed":false,"footnotes":""},"class_list":["post-9600","page","type-page","status-publish","hentry"],"acf":[],"_links":{"self":[{"href":"https:\/\/belgiumdiamonds.be\/fr\/wp-json\/wp\/v2\/pages\/9600","targetHints":{"allow":["GET"]}}],"collection":[{"href":"https:\/\/belgiumdiamonds.be\/fr\/wp-json\/wp\/v2\/pages"}],"about":[{"href":"https:\/\/belgiumdiamonds.be\/fr\/wp-json\/wp\/v2\/types\/page"}],"author":[{"embeddable":true,"href":"https:\/\/belgiumdiamonds.be\/fr\/wp-json\/wp\/v2\/users\/244474332"}],"replies":[{"embeddable":true,"href":"https:\/\/belgiumdiamonds.be\/fr\/wp-json\/wp\/v2\/comments?post=9600"}],"version-history":[{"count":1,"href":"https:\/\/belgiumdiamonds.be\/fr\/wp-json\/wp\/v2\/pages\/9600\/revisions"}],"predecessor-version":[{"id":32662,"href":"https:\/\/belgiumdiamonds.be\/fr\/wp-json\/wp\/v2\/pages\/9600\/revisions\/32662"}],"wp:attachment":[{"href":"https:\/\/belgiumdiamonds.be\/fr\/wp-json\/wp\/v2\/media?parent=9600"}],"curies":[{"name":"wp","href":"https:\/\/api.w.org\/{rel}","templated":true}]}}