{"id":9609,"date":"2024-01-27T20:46:33","date_gmt":"2024-01-27T20:46:33","guid":{"rendered":"https:\/\/belgiumdiamond.petpetshopi.shop\/?page_id=9609"},"modified":"2026-01-18T09:36:45","modified_gmt":"2026-01-18T08:36:45","slug":"tva-vat-btw-iva","status":"publish","type":"page","link":"https:\/\/belgiumdiamonds.be\/fr\/tva-vat-btw-iva\/","title":{"rendered":"TVA - VAT - BTW - IVA"},"content":{"rendered":"<div data-elementor-type=\"wp-page\" data-elementor-id=\"9609\" class=\"elementor elementor-9609\">\n\t\t\t\t<div class=\"wd-negative-gap elementor-element elementor-element-df01d4e e-flex e-con-boxed e-con e-parent\" data-id=\"df01d4e\" data-element_type=\"container\" data-e-type=\"container\">\n\t\t\t\t\t<div class=\"e-con-inner\">\n\t\t\t\t<div class=\"elementor-element elementor-element-182ff82 elementor-widget elementor-widget-wd_text_block\" data-id=\"182ff82\" data-element_type=\"widget\" data-e-type=\"widget\" data-widget_type=\"wd_text_block.default\">\n\t\t\t\t<div class=\"elementor-widget-container\">\n\t\t\t\t\t\t\t<div class=\"wd-text-block reset-last-child text-left\">\n\t\t\t\n\t\t\t<h2 data-start=\"178\" data-end=\"212\">1. Achats de diamants en franchise de TVA<\/h2><p data-start=\"213\" data-end=\"449\">Achat de <strong data-start=\"225\" data-end=\"247\">belgiumdiamonds.be<\/strong> est parfait pour les clients r\u00e9sidant en dehors de l'UE. Nos produits sont exp\u00e9di\u00e9s dans le monde entier par des soci\u00e9t\u00e9s de transport express et assur\u00e9. Les clients hors de l'UE et les entreprises enregistr\u00e9es sont exempt\u00e9s de la TVA.<\/p><p data-start=\"451\" data-end=\"809\">Toutefois, veuillez noter que dans votre pays d'origine, des droits d'importation locaux et\/ou la TVA peuvent \u00eatre appliqu\u00e9s. En tant que soci\u00e9t\u00e9 exportatrice, nous ne sommes pas responsables de la TVA, des droits d'importation ou de toute autre taxe appliqu\u00e9e dans le pays de livraison en dehors de l'UE. Par cons\u00e9quent, nous vous recommandons de vous renseigner aupr\u00e8s de vos autorit\u00e9s locales avant d'effectuer un achat hors taxes.<\/p><hr data-start=\"811\" data-end=\"814\" \/><h2 data-start=\"816\" data-end=\"835\">2. Remboursements de la TVA<\/h2><p data-start=\"836\" data-end=\"1143\">Les clients r\u00e9sidant en dehors de l'UE ont le droit de recevoir un <strong data-start=\"890\" data-end=\"909\">Remboursement int\u00e9gral de la TVA<\/strong> sur tous les articles achet\u00e9s dans l'UE, \u00e0 condition que les marchandises soient pr\u00e9sent\u00e9es et que votre facture soit vis\u00e9e par le bureau de douane au moment du d\u00e9part de l'UE. D\u00e8s r\u00e9ception de votre document tamponn\u00e9, nous pouvons demander le remboursement de la TVA et vous rembourser.<\/p><p data-start=\"1145\" data-end=\"1162\"><strong data-start=\"1145\" data-end=\"1160\">Conditions :<\/strong><\/p><ul data-start=\"1163\" data-end=\"1401\"><li data-start=\"1163\" data-end=\"1252\"><p data-start=\"1165\" data-end=\"1252\">Les visiteurs doivent fournir une preuve de leur statut de r\u00e9sident non europ\u00e9en (par exemple, un passeport non europ\u00e9en).<\/p><\/li><li data-start=\"1253\" data-end=\"1324\"><p data-start=\"1255\" data-end=\"1324\">Les marchandises doivent \u00eatre export\u00e9es de l'UE dans un d\u00e9lai de <strong data-start=\"1297\" data-end=\"1309\">3 mois<\/strong> d'achat.<\/p><\/li><li data-start=\"1325\" data-end=\"1401\"><p data-start=\"1327\" data-end=\"1401\">La valeur minimale des achats effectu\u00e9s aupr\u00e8s de Belgium Diamonds est de <strong data-start=\"1378\" data-end=\"1398\">125,00 \u20ac (hors TVA)<\/strong>.<\/p><\/li><\/ul><p data-start=\"1403\" data-end=\"1430\"><strong data-start=\"1403\" data-end=\"1428\">Proc\u00e9dure de remboursement de la TVA :<\/strong><\/p><ol data-start=\"1431\" data-end=\"1802\"><li data-start=\"1431\" data-end=\"1531\"><p data-start=\"1434\" data-end=\"1531\">Dans la zone de d\u00e9part de l'a\u00e9roport, pr\u00e9sentez les articles achet\u00e9s aux douanes avec les documents requis.<\/p><\/li><li data-start=\"1532\" data-end=\"1585\"><p data-start=\"1535\" data-end=\"1585\">Les douanes valideront votre facture par un cachet.<\/p><\/li><li data-start=\"1586\" data-end=\"1687\"><p data-start=\"1589\" data-end=\"1687\">Veuillez nous envoyer une copie de la facture timbr\u00e9e par courrier \u00e9lectronique : <strong data-start=\"1644\" data-end=\"1684\"><a class=\"decorated-link cursor-pointer\" rel=\"noopener\" data-start=\"1646\" data-end=\"1682\">info@belgiumdiamond.be<\/a><\/strong><\/p><\/li><li data-start=\"1688\" data-end=\"1802\"><p data-start=\"1691\" data-end=\"1802\">Pour le remboursement de la TVA, renvoyez les re\u00e7us originaux tamponn\u00e9s avec vos coordonn\u00e9es bancaires \u00e0 l'adresse suivante <strong data-start=\"1776\" data-end=\"1799\">Belgium Diamonds Bv<\/strong>.<\/p><\/li><\/ol><h3 data-start=\"1804\" data-end=\"1827\">Calendrier de remboursement :<\/h3><ul data-start=\"1828\" data-end=\"2193\"><li data-start=\"1828\" data-end=\"1912\"><p data-start=\"1830\" data-end=\"1912\"><strong data-start=\"1830\" data-end=\"1844\">Trimestre 1 :<\/strong> Facture re\u00e7ue avant le 8 avril \u2192 Remboursement entre fin mai et mi-juin.<\/p><\/li><li data-start=\"1913\" data-end=\"2004\"><p data-start=\"1915\" data-end=\"2004\"><strong data-start=\"1915\" data-end=\"1929\">Trimestre 2 :<\/strong> Facture re\u00e7ue avant le 8 juillet \u2192 Remboursement entre fin ao\u00fbt et mi-septembre.<\/p><\/li><li data-start=\"2005\" data-end=\"2100\"><p data-start=\"2007\" data-end=\"2100\"><strong data-start=\"2007\" data-end=\"2021\">Trimestre 3 :<\/strong> Facture re\u00e7ue avant le 8 octobre \u2192 Remboursement entre fin novembre et mi-d\u00e9cembre.<\/p><\/li><li data-start=\"2101\" data-end=\"2193\"><p data-start=\"2103\" data-end=\"2193\"><strong data-start=\"2103\" data-end=\"2117\">Quatri\u00e8me trimestre :<\/strong> Facture re\u00e7ue avant le 8 janvier \u2192 Remboursement entre fin f\u00e9vrier et mi-mars.<\/p><\/li><\/ul><p data-start=\"2195\" data-end=\"2216\"><strong data-start=\"2195\" data-end=\"2214\">Options de remboursement :<\/strong><\/p><ul data-start=\"2217\" data-end=\"2396\"><li data-start=\"2217\" data-end=\"2286\"><p data-start=\"2219\" data-end=\"2286\">Remboursement int\u00e9gral de la TVA : D\u00e9lai de 1 \u00e0 4 mois (en fonction du cycle trimestriel).<\/p><\/li><li data-start=\"2287\" data-end=\"2396\"><p data-start=\"2289\" data-end=\"2396\">Remboursement rapide : 80% de TVA rembours\u00e9s dans les 8 jours ouvrables (sous r\u00e9serve de l'approbation de Belgium Diamonds Ltd.).<\/p><\/li><\/ul><hr data-start=\"2398\" data-end=\"2401\" \/><h2 data-start=\"2403\" data-end=\"2437\">Suisse Diamants exon\u00e9r\u00e9s d'imp\u00f4ts<\/h2><p data-start=\"2438\" data-end=\"2511\">Les r\u00e9sidents suisses qui ach\u00e8tent <strong data-start=\"2466\" data-end=\"2488\">belgiumdiamonds.be<\/strong> sont exon\u00e9r\u00e9s de la TVA.<\/p><ul data-start=\"2512\" data-end=\"2749\"><li data-start=\"2512\" data-end=\"2577\"><p data-start=\"2514\" data-end=\"2577\">Livraison : <strong data-start=\"2524\" data-end=\"2544\">1-5 jours ouvrables<\/strong>Les services sont assur\u00e9s et garantis.<\/p><\/li><li data-start=\"2578\" data-end=\"2626\"><p data-start=\"2580\" data-end=\"2626\">Livraison gratuite \u00e0 partir de <strong data-start=\"2613\" data-end=\"2623\">\u20ac2,500<\/strong>.<\/p><\/li><li data-start=\"2627\" data-end=\"2683\"><p data-start=\"2629\" data-end=\"2683\">Commandes sous <strong data-start=\"2642\" data-end=\"2652\">\u20ac2,500<\/strong>: Frais de livraison de <strong data-start=\"2673\" data-end=\"2680\">\u20ac50<\/strong>.<\/p><\/li><li data-start=\"2684\" data-end=\"2749\"><p data-start=\"2686\" data-end=\"2749\">A l'arriv\u00e9e en Suisse, un <strong data-start=\"2717\" data-end=\"2736\">7,5% taxe \u00e0 l'importation<\/strong> peuvent s'appliquer.<\/p><\/li><\/ul><p data-start=\"2751\" data-end=\"2837\"><em data-start=\"2751\" data-end=\"2835\">Note : Belgium Diamonds Ltd. n'est pas responsable des frais de douane ou des taxes suisses.<\/em><\/p><hr data-start=\"2839\" data-end=\"2842\" \/><h2 data-start=\"2844\" data-end=\"2870\">Diamants exon\u00e9r\u00e9s d'imp\u00f4ts aux \u00c9tats-Unis<\/h2><p data-start=\"2871\" data-end=\"2936\">Pour les r\u00e9sidents des \u00c9tats-Unis, l'achat \u00e0 partir de <strong data-start=\"2902\" data-end=\"2924\">belgiumdiamonds.be<\/strong> fournit :<\/p><ul data-start=\"2937\" data-end=\"3009\"><li data-start=\"2937\" data-end=\"2955\"><p data-start=\"2939\" data-end=\"2955\"><strong data-start=\"2939\" data-end=\"2953\">Exemption de TVA<\/strong><\/p><\/li><li data-start=\"2956\" data-end=\"2980\"><p data-start=\"2958\" data-end=\"2980\"><strong data-start=\"2958\" data-end=\"2978\">Exemption de la taxe de vente<\/strong><\/p><\/li><li data-start=\"2981\" data-end=\"3009\"><p data-start=\"2983\" data-end=\"3009\"><strong data-start=\"2983\" data-end=\"3007\">Exon\u00e9ration des droits \u00e0 l'importation<\/strong><\/p><\/li><\/ul><p data-start=\"3011\" data-end=\"3185\"><strong data-start=\"3011\" data-end=\"3020\">Remarque :<\/strong> Les frais de traitement des marchandises s'\u00e9l\u00e8vent \u00e0 <strong data-start=\"3053\" data-end=\"3080\">0,34% de la valeur de l'exp\u00e9dition<\/strong> s'applique (minimum $75, maximum $485). Pay\u00e9 au transporteur \u00e0 la r\u00e9ception. S'applique \u00e0 <strong data-start=\"3159\" data-end=\"3182\">diamants en vrac uniquement<\/strong>.<\/p><h3 data-start=\"3187\" data-end=\"3214\">Achats de bijoux aux \u00c9tats-Unis<\/h3><p data-start=\"3215\" data-end=\"3254\">Les importations de bijoux sont tax\u00e9es comme suit :<\/p><ul data-start=\"3255\" data-end=\"3405\"><li data-start=\"3255\" data-end=\"3278\"><p data-start=\"3257\" data-end=\"3278\">Frais d'inscription : <strong data-start=\"3268\" data-end=\"3276\">$120<\/strong><\/p><\/li><li data-start=\"3279\" data-end=\"3315\"><p data-start=\"3281\" data-end=\"3315\">Devoirs : <strong data-start=\"3287\" data-end=\"3295\">5.5%<\/strong> de la valeur factur\u00e9e<\/p><\/li><li data-start=\"3316\" data-end=\"3352\"><p data-start=\"3318\" data-end=\"3352\">MPF : <strong data-start=\"3323\" data-end=\"3332\">0.34%<\/strong> de la valeur factur\u00e9e<\/p><\/li><li data-start=\"3353\" data-end=\"3405\"><p data-start=\"3355\" data-end=\"3405\">Obligation \u00e0 entr\u00e9e unique : <strong data-start=\"3374\" data-end=\"3403\">$3,50 par $1.000 factur\u00e9<\/strong><\/p><\/li><\/ul><p data-start=\"3407\" data-end=\"3517\"><strong data-start=\"3407\" data-end=\"3419\">Exemple :<\/strong> Pour l'achat d'un bijou d'une valeur de $10 000, les frais s'\u00e9l\u00e8vent \u00e0 environ 1 000 euros. <strong data-start=\"3470\" data-end=\"3478\">$739<\/strong>payable au transporteur avant la livraison.<\/p><hr data-start=\"3519\" data-end=\"3522\" \/><h2 data-start=\"3524\" data-end=\"3556\">Diamants exon\u00e9r\u00e9s d'imp\u00f4ts en Australie<\/h2><p data-start=\"3557\" data-end=\"3644\">Pour les clients australiens, l'achat de <strong data-start=\"3595\" data-end=\"3615\">Belgique Diamants<\/strong> est exon\u00e9r\u00e9 d'imp\u00f4t de notre part.<\/p><ul data-start=\"3645\" data-end=\"3763\"><li data-start=\"3645\" data-end=\"3704\"><p data-start=\"3647\" data-end=\"3704\">Livraison : <strong data-start=\"3657\" data-end=\"3677\">3-5 jours ouvrables<\/strong>Les produits de l'Union europ\u00e9enne sont assur\u00e9s et garantis.<\/p><\/li><li data-start=\"3705\" data-end=\"3763\"><p data-start=\"3707\" data-end=\"3763\">Frais d'exp\u00e9dition : Jusqu'\u00e0 <strong data-start=\"3728\" data-end=\"3736\">\u20ac150<\/strong> (en fonction de l'achat).<\/p><\/li><\/ul><p data-start=\"3765\" data-end=\"3797\"><strong data-start=\"3765\" data-end=\"3795\">A l'arriv\u00e9e en Australie :<\/strong><\/p><ul data-start=\"3798\" data-end=\"3865\"><li data-start=\"3798\" data-end=\"3823\"><p data-start=\"3800\" data-end=\"3823\">Diamants : <strong data-start=\"3810\" data-end=\"3821\">10% GST<\/strong><\/p><\/li><li data-start=\"3824\" data-end=\"3865\"><p data-start=\"3826\" data-end=\"3865\">Bijoux : <strong data-start=\"3835\" data-end=\"3863\">10% TPS + 5% droits d'importation<\/strong><\/p><\/li><\/ul><p data-start=\"3867\" data-end=\"3958\"><em data-start=\"3867\" data-end=\"3956\">Note : Belgium Diamonds Ltd. n'est pas responsable des frais de douane ou des taxes en Australie.<\/em><\/p>\n\t\t\t\t\t<\/div>\n\t\t\t\t\t\t<\/div>\n\t\t\t\t<\/div>\n\t\t\t\t\t<\/div>\n\t\t\t\t<\/div>\n\t\t\t\t<\/div>","protected":false},"excerpt":{"rendered":"<p>1. VAT Free Diamond Purchases Buying from belgiumdiamonds.be is perfect for customers from outside of the EU. We ship our<\/p>","protected":false},"author":244474332,"featured_media":0,"parent":0,"menu_order":0,"comment_status":"closed","ping_status":"closed","template":"","meta":{"_acf_changed":false,"footnotes":""},"class_list":["post-9609","page","type-page","status-publish","hentry"],"acf":[],"_links":{"self":[{"href":"https:\/\/belgiumdiamonds.be\/fr\/wp-json\/wp\/v2\/pages\/9609","targetHints":{"allow":["GET"]}}],"collection":[{"href":"https:\/\/belgiumdiamonds.be\/fr\/wp-json\/wp\/v2\/pages"}],"about":[{"href":"https:\/\/belgiumdiamonds.be\/fr\/wp-json\/wp\/v2\/types\/page"}],"author":[{"embeddable":true,"href":"https:\/\/belgiumdiamonds.be\/fr\/wp-json\/wp\/v2\/users\/244474332"}],"replies":[{"embeddable":true,"href":"https:\/\/belgiumdiamonds.be\/fr\/wp-json\/wp\/v2\/comments?post=9609"}],"version-history":[{"count":1,"href":"https:\/\/belgiumdiamonds.be\/fr\/wp-json\/wp\/v2\/pages\/9609\/revisions"}],"predecessor-version":[{"id":32677,"href":"https:\/\/belgiumdiamonds.be\/fr\/wp-json\/wp\/v2\/pages\/9609\/revisions\/32677"}],"wp:attachment":[{"href":"https:\/\/belgiumdiamonds.be\/fr\/wp-json\/wp\/v2\/media?parent=9609"}],"curies":[{"name":"wp","href":"https:\/\/api.w.org\/{rel}","templated":true}]}}