{"id":12297,"date":"2024-02-06T00:10:24","date_gmt":"2024-02-05T23:10:24","guid":{"rendered":"https:\/\/belgiumdiamond.petpetshopi.shop\/?post_type=product&#038;p=12297"},"modified":"2026-04-27T11:36:22","modified_gmt":"2026-04-27T09:36:22","slug":"0-78ct-classic-halfset-eternity-ring","status":"publish","type":"product","link":"https:\/\/belgiumdiamonds.be\/fr\/product\/0-78ct-classic-halfset-eternity-ring\/","title":{"rendered":"0.78ct E\/F VVS Classic Halfset Eternity Ring"},"content":{"rendered":"<p>0.78ct E\/F VVS Classic Halfset Eternity Ring in 18k gold or platinum. This beautiful eternity\/alliance ring is set with 12-13 x 0.06 ct round brilliant diamonds giving the total carat weight of 0.78 ct. color E\/F, clarity VS\/VVS21% VAT will be added to price in cart when shipping is set to EU address.<br \/>\nLe prix comprend les frais d'exp\u00e9dition dans l'UE.<br \/>\nCondition : Nouveau<br \/>\nFabriqu\u00e9 \u00e0 la main \u00e0 Anvers, en Belgique.<br \/>\nCe bijou est certifi\u00e9 par le gemmologue agr\u00e9\u00e9 de Belgium Diamond et peut, sur demande, \u00eatre certifi\u00e9 par les laboratoires de certification HRD ou IGI.<\/p>","protected":false},"excerpt":{"rendered":"<p>Bague d'\u00e9ternit\u00e9 classique en or 18 carats ou en platine, sertie de 0,78 ct de diamants ronds de taille moyenne. Cette magnifique bague d'alliance\/\u00e9ternit\u00e9 est sertie de 12-13 diamants ronds de 0,06 ct de taille brillant pour un poids total de 0,78 ct. Couleur E\/F, puret\u00e9 VS\/VVS.<\/p>","protected":false},"featured_media":42774,"comment_status":"open","ping_status":"closed","template":"","meta":{"_acf_changed":false},"product_brand":[],"product_cat":[114],"product_tag":[],"class_list":{"0":"post-12297","1":"product","2":"type-product","3":"status-publish","4":"has-post-thumbnail","6":"product_cat-wedding-eternity-bands","8":"first","9":"instock","10":"taxable","11":"shipping-taxable","12":"purchasable","13":"product-type-variable"},"acf":[],"_links":{"self":[{"href":"https:\/\/belgiumdiamonds.be\/fr\/wp-json\/wp\/v2\/product\/12297","targetHints":{"allow":["GET"]}}],"collection":[{"href":"https:\/\/belgiumdiamonds.be\/fr\/wp-json\/wp\/v2\/product"}],"about":[{"href":"https:\/\/belgiumdiamonds.be\/fr\/wp-json\/wp\/v2\/types\/product"}],"replies":[{"embeddable":true,"href":"https:\/\/belgiumdiamonds.be\/fr\/wp-json\/wp\/v2\/comments?post=12297"}],"version-history":[{"count":4,"href":"https:\/\/belgiumdiamonds.be\/fr\/wp-json\/wp\/v2\/product\/12297\/revisions"}],"predecessor-version":[{"id":32937,"href":"https:\/\/belgiumdiamonds.be\/fr\/wp-json\/wp\/v2\/product\/12297\/revisions\/32937"}],"wp:featuredmedia":[{"embeddable":true,"href":"https:\/\/belgiumdiamonds.be\/fr\/wp-json\/wp\/v2\/media\/42774"}],"wp:attachment":[{"href":"https:\/\/belgiumdiamonds.be\/fr\/wp-json\/wp\/v2\/media?parent=12297"}],"wp:term":[{"taxonomy":"product_brand","embeddable":true,"href":"https:\/\/belgiumdiamonds.be\/fr\/wp-json\/wp\/v2\/product_brand?post=12297"},{"taxonomy":"product_cat","embeddable":true,"href":"https:\/\/belgiumdiamonds.be\/fr\/wp-json\/wp\/v2\/product_cat?post=12297"},{"taxonomy":"product_tag","embeddable":true,"href":"https:\/\/belgiumdiamonds.be\/fr\/wp-json\/wp\/v2\/product_tag?post=12297"}],"curies":[{"name":"wp","href":"https:\/\/api.w.org\/{rel}","templated":true}]}}