{"id":13133,"date":"2024-02-06T12:26:34","date_gmt":"2024-02-06T11:26:34","guid":{"rendered":"https:\/\/belgiumdiamond.petpetshopi.shop\/?post_type=product&#038;p=13133"},"modified":"2026-05-09T14:22:22","modified_gmt":"2026-05-09T12:22:22","slug":"emerald-cut-diamond-trilogy-ring","status":"publish","type":"product","link":"https:\/\/belgiumdiamonds.be\/fr\/product\/emerald-cut-diamond-trilogy-ring\/","title":{"rendered":"Emerald Trilogy Ring"},"content":{"rendered":"<p>Belgium Diamonds Emerald Trilogy Ring is an elegant trilogy ring.<br \/>\nApr\u00e8s avoir s\u00e9lectionn\u00e9 cette monture, choisissez vos diamants parmi les milliers de diamants certifi\u00e9s pr\u00e9sent\u00e9s dans notre collection de diamants en vrac. Si vous avez besoin d'aide dans votre s\u00e9lection, contactez un repr\u00e9sentant de Belgium Diamond et les gemmologues de Belgium Diamonds associeront m\u00e9ticuleusement les diamants en fonction de leur taille, de leur couleur, de leur clart\u00e9 et de leur taille afin de cr\u00e9er une bague \u00e0 trois pierres parfaite r\u00e9pondant \u00e0 votre budget et \u00e0 vos crit\u00e8res.<\/p>\n<p>LES DIAMANTS NE SONT PAS INCLUS DANS LE PRIX.<\/p>\n<p>La TVA sera ajout\u00e9e au prix dans le panier lorsque l'adresse de livraison est celle de l'UE.<br \/>\nLe prix comprend les frais d'exp\u00e9dition dans l'UE.<br \/>\nLe prix comprend le montage des diamants dans la monture pour cr\u00e9er la bague finie.<br \/>\nCondition : Nouveau.<br \/>\nFabriqu\u00e9 \u00e0 Anvers, Belgique.<\/p>\n<p>This emerald cut diamond trilogy ring features a classic all-emerald three stone<br \/>\nsetting with one large emerald cut centre diamond and two smaller emerald cut<br \/>\nside stones, set in 18k white, yellow or pink gold or platinum, handcrafted in<br \/>\nAntwerp, Belgium. The emerald cut diamond trilogy ring setting is priced from<br \/>\n\u20ac900 to \u20ac1,030 depending on your gold choice \u2014 making it our most affordable<br \/>\ntrilogy setting. Diamonds are not included \u2014 choose your own certified diamonds<br \/>\nfrom our collection of thousands of GIA, IGI and HRD certified stones. Our<br \/>\ngemologists will perfectly match your diamonds for size, colour, clarity and cut.<br \/>\nPrice includes diamond mounting and free EU shipping.<\/p>","protected":false},"excerpt":{"rendered":"<p>Belgium Diamonds Classic Three Diamond Trilogy Ring with All Emerald Setting est une \u00e9l\u00e9gante bague trilogie.<\/p>\n<p>LES DIAMANTS NE SONT PAS INCLUS DANS LE PRIX.<\/p>","protected":false},"featured_media":33792,"comment_status":"open","ping_status":"closed","template":"","meta":{"_acf_changed":false},"product_brand":[],"product_cat":[127],"product_tag":[],"class_list":{"0":"post-13133","1":"product","2":"type-product","3":"status-publish","4":"has-post-thumbnail","6":"product_cat-trilogy-rings","7":"pa_choose-gold-18k-rose-gold","8":"pa_choose-gold-18k-white-gold","9":"pa_choose-gold-18k-yellow-gold","10":"pa_choose-gold-platinum","11":"pa_size-405","12":"pa_size-404","13":"pa_size-403","14":"pa_size-402","15":"pa_size-401","16":"pa_size-400","17":"pa_size-399","18":"pa_size-398","19":"pa_size-397","20":"pa_size-396","21":"pa_size-395","22":"pa_size-394","23":"pa_size-393","24":"pa_size-392","25":"pa_size-391","26":"pa_size-390","27":"pa_size-389","29":"first","30":"instock","31":"taxable","32":"shipping-taxable","33":"purchasable","34":"product-type-variable","35":"has-default-attributes"},"acf":[],"_links":{"self":[{"href":"https:\/\/belgiumdiamonds.be\/fr\/wp-json\/wp\/v2\/product\/13133","targetHints":{"allow":["GET"]}}],"collection":[{"href":"https:\/\/belgiumdiamonds.be\/fr\/wp-json\/wp\/v2\/product"}],"about":[{"href":"https:\/\/belgiumdiamonds.be\/fr\/wp-json\/wp\/v2\/types\/product"}],"replies":[{"embeddable":true,"href":"https:\/\/belgiumdiamonds.be\/fr\/wp-json\/wp\/v2\/comments?post=13133"}],"version-history":[{"count":3,"href":"https:\/\/belgiumdiamonds.be\/fr\/wp-json\/wp\/v2\/product\/13133\/revisions"}],"predecessor-version":[{"id":43057,"href":"https:\/\/belgiumdiamonds.be\/fr\/wp-json\/wp\/v2\/product\/13133\/revisions\/43057"}],"wp:featuredmedia":[{"embeddable":true,"href":"https:\/\/belgiumdiamonds.be\/fr\/wp-json\/wp\/v2\/media\/33792"}],"wp:attachment":[{"href":"https:\/\/belgiumdiamonds.be\/fr\/wp-json\/wp\/v2\/media?parent=13133"}],"wp:term":[{"taxonomy":"product_brand","embeddable":true,"href":"https:\/\/belgiumdiamonds.be\/fr\/wp-json\/wp\/v2\/product_brand?post=13133"},{"taxonomy":"product_cat","embeddable":true,"href":"https:\/\/belgiumdiamonds.be\/fr\/wp-json\/wp\/v2\/product_cat?post=13133"},{"taxonomy":"product_tag","embeddable":true,"href":"https:\/\/belgiumdiamonds.be\/fr\/wp-json\/wp\/v2\/product_tag?post=13133"}],"curies":[{"name":"wp","href":"https:\/\/api.w.org\/{rel}","templated":true}]}}