{"id":15563,"date":"2024-02-07T16:41:42","date_gmt":"2024-02-07T15:41:42","guid":{"rendered":"https:\/\/belgiumdiamond.petpetshopi.shop\/?post_type=product&#038;p=15563"},"modified":"2026-05-10T13:47:14","modified_gmt":"2026-05-10T11:47:14","slug":"split-shank-pear-halo-ring","status":"publish","type":"product","link":"https:\/\/belgiumdiamonds.be\/fr\/product\/split-shank-pear-halo-ring\/","title":{"rendered":"Split Shank Pear Diamond Halo Side Stone Ring"},"content":{"rendered":"<p>Belgium Diamonds Split Shank Pear Diamond Halo Side Stone Ring is an elegant ring designed for maximum brilliance and sparkle. This exquisite diamond ring can serve as your Engagement ring as well as a beautiful aniversary ring.<\/p>\n<p><strong>Informations sur les diamants Halo :<\/strong><br \/>\nLes diamants naturels taill\u00e9s en brillant, \u00e9troitement espac\u00e9s, sont con\u00e7us pour mettre en valeur la pierre centrale.<br \/>\nNombre minimum de diamants : 40-60 pi\u00e8ces.<br \/>\nPoids total minimum en carats : 0,35-0,45 cts<br \/>\nCouleur moyenne : F<br \/>\nClart\u00e9 moyenne : VVS<br \/>\nPeut \u00eatre serti d'un diamant de 0,50 \u00e0 5 ct au centre<\/p>\n<p>La TVA sera ajout\u00e9e au prix dans le panier lorsque la livraison est effectu\u00e9e dans l'UE.<br \/>\nLe prix comprend les frais d'exp\u00e9dition dans l'UE.<br \/>\nLe prix comprend la monture enti\u00e8rement sertie, \u00e0 l'exclusion du diamant central.<br \/>\nCondition : Nouveau.<br \/>\nFabriqu\u00e9 \u00e0 Anvers, Belgique.<\/p>\n<p><strong>* Le poids total en carats peut s'\u00e9carter l\u00e9g\u00e8rement du poids en carats indiqu\u00e9 en fonction de la taille du diamant central et de la taille de la bague.<\/strong><\/p>","protected":false},"excerpt":{"rendered":"<p>This split shank pear halo ring is a breathtaking engagement ring designed<br \/>\nfor maximum brilliance and sparkle, featuring a pear shaped centre diamond<br \/>\nsurrounded by a halo of 40 to 60 closely spaced round brilliant natural<br \/>\ndiamonds in F colour and VVS clarity \u2014 all included in the price. The split<br \/>\nshank pear halo ring features a distinctive forked band that gracefully frames<br \/>\nthe halo setting, adding depth and elegance to the overall design. Can be set<br \/>\nwith any pear cut diamond from 0.50 ct to 5 ct in the centre. Available in 18k<br \/>\nwhite, yellow or pink gold or platinum, handcrafted in Antwerp, Belgium, by<br \/>\nexpert craftsmen with over 55 years of experience. Setting price: \u20ac1,260 to<br \/>\n\u20ac1,390 depending on gold choice. Centre diamond not included \u2014 choose your<br \/>\ncertified diamond from thousands of GIA, IGI and HRD certified stones.<br \/>\nFree EU shipping included.<\/p>","protected":false},"featured_media":33728,"comment_status":"open","ping_status":"closed","template":"","meta":{"_acf_changed":false},"product_brand":[],"product_cat":[120,123],"product_tag":[],"class_list":{"0":"post-15563","1":"product","2":"type-product","3":"status-publish","4":"has-post-thumbnail","6":"product_cat-halo-side-stone-rings","7":"product_cat-solitaire-rings","8":"pa_choose-gold-18k-rose-gold","9":"pa_choose-gold-18k-white-gold","10":"pa_choose-gold-18k-yellow-gold","11":"pa_choose-gold-platinum","12":"pa_size-405","13":"pa_size-404","14":"pa_size-403","15":"pa_size-402","16":"pa_size-401","17":"pa_size-400","18":"pa_size-399","19":"pa_size-398","20":"pa_size-397","21":"pa_size-396","22":"pa_size-395","23":"pa_size-394","24":"pa_size-393","25":"pa_size-392","26":"pa_size-391","27":"pa_size-390","28":"pa_size-389","30":"first","31":"instock","32":"taxable","33":"shipping-taxable","34":"purchasable","35":"product-type-variable"},"acf":[],"_links":{"self":[{"href":"https:\/\/belgiumdiamonds.be\/fr\/wp-json\/wp\/v2\/product\/15563","targetHints":{"allow":["GET"]}}],"collection":[{"href":"https:\/\/belgiumdiamonds.be\/fr\/wp-json\/wp\/v2\/product"}],"about":[{"href":"https:\/\/belgiumdiamonds.be\/fr\/wp-json\/wp\/v2\/types\/product"}],"replies":[{"embeddable":true,"href":"https:\/\/belgiumdiamonds.be\/fr\/wp-json\/wp\/v2\/comments?post=15563"}],"version-history":[{"count":4,"href":"https:\/\/belgiumdiamonds.be\/fr\/wp-json\/wp\/v2\/product\/15563\/revisions"}],"predecessor-version":[{"id":43086,"href":"https:\/\/belgiumdiamonds.be\/fr\/wp-json\/wp\/v2\/product\/15563\/revisions\/43086"}],"wp:featuredmedia":[{"embeddable":true,"href":"https:\/\/belgiumdiamonds.be\/fr\/wp-json\/wp\/v2\/media\/33728"}],"wp:attachment":[{"href":"https:\/\/belgiumdiamonds.be\/fr\/wp-json\/wp\/v2\/media?parent=15563"}],"wp:term":[{"taxonomy":"product_brand","embeddable":true,"href":"https:\/\/belgiumdiamonds.be\/fr\/wp-json\/wp\/v2\/product_brand?post=15563"},{"taxonomy":"product_cat","embeddable":true,"href":"https:\/\/belgiumdiamonds.be\/fr\/wp-json\/wp\/v2\/product_cat?post=15563"},{"taxonomy":"product_tag","embeddable":true,"href":"https:\/\/belgiumdiamonds.be\/fr\/wp-json\/wp\/v2\/product_tag?post=15563"}],"curies":[{"name":"wp","href":"https:\/\/api.w.org\/{rel}","templated":true}]}}