{"id":15664,"date":"2024-02-07T17:32:43","date_gmt":"2024-02-07T16:32:43","guid":{"rendered":"https:\/\/belgiumdiamond.petpetshopi.shop\/?post_type=product&#038;p=15664"},"modified":"2026-05-04T13:59:17","modified_gmt":"2026-05-04T11:59:17","slug":"pendentif-classique-en-diamant-en-forme-de-coeur","status":"publish","type":"product","link":"https:\/\/belgiumdiamonds.be\/fr\/product\/classic-heart-diamond-pendant\/","title":{"rendered":"Pendentif classique en forme de c\u0153ur"},"content":{"rendered":"<p>Our exquisite Classic Heart Diamond Pendant, a timeless and elegant piece that will add a touch of sophistication to any outfit. Crafted in your choice of White Gold or Yellow Gold, this pendant is the epitome of luxury and style.<\/p>\n<p>Parfait pour offrir \u00e0 un \u00eatre cher ou pour se faire plaisir, le pendentif Classic Heart Diamond est une pi\u00e8ce d'investissement que l'on ch\u00e9rira pendant des ann\u00e9es. Qu'il soit port\u00e9 pour une occasion sp\u00e9ciale ou avec des tenues de tous les jours, ce pendentif est un must pour tout amateur de bijoux.<\/p>\n<p><strong>Informations sur le diamant du m\u00e9daillon :<\/strong><\/p>\n<p>Nombre de diamants : 26<br \/>\nPoids total en carats (ct. tw.) : 0.24<br \/>\nCouleur moyenne:D<br \/>\nClart\u00e9 moyenne : VVS<\/p>\n<p>La TVA sera ajout\u00e9e au prix dans le panier lorsque l'adresse de livraison est celle de l'UE.<br \/>\nLe prix comprend les frais d'exp\u00e9dition dans l'UE.<br \/>\nCondition : Nouveau.<br \/>\nFabriqu\u00e9 \u00e0 la main \u00e0 Anvers, en Belgique.<\/p>\n<p><strong>Diamant inclus dans le prix.<\/strong><\/p>","protected":false},"excerpt":{"rendered":"<p>Our exquisite Classic Heart Diamond Pendant, a timeless and elegant piece that will add a touch of sophistication to any outfit. Crafted in your choice of White Gold or Yellow Gold, this pendant is the epitome of luxury and style.<\/p>","protected":false},"featured_media":34082,"comment_status":"open","ping_status":"closed","template":"","meta":{"_acf_changed":false},"product_brand":[],"product_cat":[124],"product_tag":[],"class_list":{"0":"post-15664","1":"product","2":"type-product","3":"status-publish","4":"has-post-thumbnail","6":"product_cat-pendant","7":"pa_choose-gold-18k-rose-gold","8":"pa_choose-gold-18k-white-gold","9":"pa_choose-gold-18k-yellow-gold","10":"pa_choose-gold-platinum","12":"first","13":"instock","14":"taxable","15":"shipping-taxable","16":"purchasable","17":"product-type-variable"},"acf":[],"_links":{"self":[{"href":"https:\/\/belgiumdiamonds.be\/fr\/wp-json\/wp\/v2\/product\/15664","targetHints":{"allow":["GET"]}}],"collection":[{"href":"https:\/\/belgiumdiamonds.be\/fr\/wp-json\/wp\/v2\/product"}],"about":[{"href":"https:\/\/belgiumdiamonds.be\/fr\/wp-json\/wp\/v2\/types\/product"}],"replies":[{"embeddable":true,"href":"https:\/\/belgiumdiamonds.be\/fr\/wp-json\/wp\/v2\/comments?post=15664"}],"version-history":[{"count":3,"href":"https:\/\/belgiumdiamonds.be\/fr\/wp-json\/wp\/v2\/product\/15664\/revisions"}],"predecessor-version":[{"id":42818,"href":"https:\/\/belgiumdiamonds.be\/fr\/wp-json\/wp\/v2\/product\/15664\/revisions\/42818"}],"wp:featuredmedia":[{"embeddable":true,"href":"https:\/\/belgiumdiamonds.be\/fr\/wp-json\/wp\/v2\/media\/34082"}],"wp:attachment":[{"href":"https:\/\/belgiumdiamonds.be\/fr\/wp-json\/wp\/v2\/media?parent=15664"}],"wp:term":[{"taxonomy":"product_brand","embeddable":true,"href":"https:\/\/belgiumdiamonds.be\/fr\/wp-json\/wp\/v2\/product_brand?post=15664"},{"taxonomy":"product_cat","embeddable":true,"href":"https:\/\/belgiumdiamonds.be\/fr\/wp-json\/wp\/v2\/product_cat?post=15664"},{"taxonomy":"product_tag","embeddable":true,"href":"https:\/\/belgiumdiamonds.be\/fr\/wp-json\/wp\/v2\/product_tag?post=15664"}],"curies":[{"name":"wp","href":"https:\/\/api.w.org\/{rel}","templated":true}]}}