{"id":15669,"date":"2024-02-07T17:37:38","date_gmt":"2024-02-07T16:37:38","guid":{"rendered":"https:\/\/belgiumdiamond.petpetshopi.shop\/?post_type=product&#038;p=15669"},"modified":"2026-05-04T13:59:17","modified_gmt":"2026-05-04T11:59:17","slug":"minimalist-round-diamond-pendant","status":"publish","type":"product","link":"https:\/\/belgiumdiamonds.be\/fr\/product\/minimalist-round-diamond-pendant\/","title":{"rendered":"Minimalist Round Diamond Solitaire Pendant"},"content":{"rendered":"<p>This stunning Minimalist Round Diamond Solitaire Pendant is the epitome of elegance and sophistication. Handcrafted with your choice of white gold or yellow gold, this pendant will add a touch of timeless beauty to any outfit. The classic and timeless design of the pendant makes it a versatile accessory that can be worn with any outfit, from casual to formal. Its simple yet striking design makes it a perfect gift for a loved one or a special treat for yourself.<\/p>\n<p>La TVA sera ajout\u00e9e au prix dans le panier lorsque l'adresse de livraison est celle de l'UE.<br \/>\nLe prix comprend les frais d'exp\u00e9dition dans l'UE.<br \/>\nCondition : Nouveau.<br \/>\nFabriqu\u00e9 \u00e0 la main \u00e0 Anvers, en Belgique.<\/p>\n<p><strong>Le diamant n'est pas inclus dans le prix.<\/strong><\/p>","protected":false},"excerpt":{"rendered":"<p>This stunning Minimalist Round Diamond Solitaire Pendant is the epitome of elegance and sophistication. Handcrafted with your choice of white gold or yellow gold, this pendant will add a touch of timeless beauty to any outfit. The classic and timeless design of the pendant makes it a versatile accessory that can be worn with any outfit, from casual to formal. Its simple yet striking design makes it a perfect gift for a loved one or a special treat for yourself.<\/p>\n<p><strong>Le diamant n'est pas inclus dans le prix.<\/strong><\/p>","protected":false},"featured_media":34123,"comment_status":"open","ping_status":"closed","template":"","meta":{"_acf_changed":false},"product_brand":[],"product_cat":[124],"product_tag":[],"class_list":{"0":"post-15669","1":"product","2":"type-product","3":"status-publish","4":"has-post-thumbnail","6":"product_cat-pendant","7":"pa_choose-gold-18k-rose-gold","8":"pa_choose-gold-18k-white-gold","9":"pa_choose-gold-18k-yellow-gold","10":"pa_choose-gold-platinum","12":"first","13":"instock","14":"taxable","15":"shipping-taxable","16":"purchasable","17":"product-type-variable"},"acf":[],"_links":{"self":[{"href":"https:\/\/belgiumdiamonds.be\/fr\/wp-json\/wp\/v2\/product\/15669","targetHints":{"allow":["GET"]}}],"collection":[{"href":"https:\/\/belgiumdiamonds.be\/fr\/wp-json\/wp\/v2\/product"}],"about":[{"href":"https:\/\/belgiumdiamonds.be\/fr\/wp-json\/wp\/v2\/types\/product"}],"replies":[{"embeddable":true,"href":"https:\/\/belgiumdiamonds.be\/fr\/wp-json\/wp\/v2\/comments?post=15669"}],"version-history":[{"count":4,"href":"https:\/\/belgiumdiamonds.be\/fr\/wp-json\/wp\/v2\/product\/15669\/revisions"}],"predecessor-version":[{"id":42817,"href":"https:\/\/belgiumdiamonds.be\/fr\/wp-json\/wp\/v2\/product\/15669\/revisions\/42817"}],"wp:featuredmedia":[{"embeddable":true,"href":"https:\/\/belgiumdiamonds.be\/fr\/wp-json\/wp\/v2\/media\/34123"}],"wp:attachment":[{"href":"https:\/\/belgiumdiamonds.be\/fr\/wp-json\/wp\/v2\/media?parent=15669"}],"wp:term":[{"taxonomy":"product_brand","embeddable":true,"href":"https:\/\/belgiumdiamonds.be\/fr\/wp-json\/wp\/v2\/product_brand?post=15669"},{"taxonomy":"product_cat","embeddable":true,"href":"https:\/\/belgiumdiamonds.be\/fr\/wp-json\/wp\/v2\/product_cat?post=15669"},{"taxonomy":"product_tag","embeddable":true,"href":"https:\/\/belgiumdiamonds.be\/fr\/wp-json\/wp\/v2\/product_tag?post=15669"}],"curies":[{"name":"wp","href":"https:\/\/api.w.org\/{rel}","templated":true}]}}