{"id":15695,"date":"2024-02-07T18:00:00","date_gmt":"2024-02-07T17:00:00","guid":{"rendered":"https:\/\/belgiumdiamond.petpetshopi.shop\/?post_type=product&#038;p=15695"},"modified":"2026-05-04T13:59:15","modified_gmt":"2026-05-04T11:59:15","slug":"collier-de-diamants-ovales-a-4-branches-pendentif-intemporel","status":"publish","type":"product","link":"https:\/\/belgiumdiamonds.be\/fr\/product\/timeless-4-prong-oval-diamond-necklace-pendant\/","title":{"rendered":"Collier intemporel avec pendentif diamant ovale \u00e0 4 branches"},"content":{"rendered":"<p>Le pendentif Timeless 4 Prong Oval Diamond Necklace est un bijou \u00e9tonnant et classique qui ajoutera de l'\u00e9l\u00e9gance et de la sophistication \u00e0 n'importe quelle tenue.<\/p>\n<p>Notre pendentif est orn\u00e9 d'un diamant ovale brillant, solidement maintenu en place par quatre griffes, cr\u00e9ant un design intemporel et polyvalent qui ne se d\u00e9modera jamais.<\/p>\n<p>Que vous vous fassiez plaisir ou que vous cherchiez le cadeau id\u00e9al pour quelqu'un de sp\u00e9cial, ce pendentif ne manquera pas de faire une impression durable.<\/p>\n<p>Le diamant n'est pas inclus dans le prix.<\/p>\n<p>La TVA sera ajout\u00e9e au prix dans le panier lorsque l'adresse de livraison est celle de l'UE.<br \/>\nLe prix comprend les frais d'exp\u00e9dition dans l'UE.<br \/>\nCondition : Nouveau.<br \/>\nFabriqu\u00e9 \u00e0 la main \u00e0 Anvers, en Belgique.<\/p>","protected":false},"excerpt":{"rendered":"<p>Le pendentif Timeless 4 Prong Oval Diamond Necklace est un bijou \u00e9tonnant et classique qui ajoutera de l'\u00e9l\u00e9gance et de la sophistication \u00e0 n'importe quelle tenue.<\/p>\n<p>Notre pendentif est orn\u00e9 d'un diamant ovale brillant, solidement maintenu en place par quatre griffes, cr\u00e9ant un design intemporel et polyvalent qui ne se d\u00e9modera jamais.<\/p>\n<p>Que vous vous fassiez plaisir ou que vous cherchiez le cadeau id\u00e9al pour quelqu'un de sp\u00e9cial, ce pendentif ne manquera pas de faire une impression durable.<\/p>\n<p><strong>Le diamant n'est pas inclus dans le prix.<\/strong><\/p>","protected":false},"featured_media":0,"comment_status":"open","ping_status":"closed","template":"","meta":{"_acf_changed":false},"product_brand":[],"product_cat":[124],"product_tag":[],"class_list":{"0":"post-15695","1":"product","2":"type-product","3":"status-publish","5":"product_cat-pendant","7":"first","8":"instock","9":"taxable","10":"shipping-taxable","11":"purchasable","12":"product-type-variable"},"acf":[],"_links":{"self":[{"href":"https:\/\/belgiumdiamonds.be\/fr\/wp-json\/wp\/v2\/product\/15695","targetHints":{"allow":["GET"]}}],"collection":[{"href":"https:\/\/belgiumdiamonds.be\/fr\/wp-json\/wp\/v2\/product"}],"about":[{"href":"https:\/\/belgiumdiamonds.be\/fr\/wp-json\/wp\/v2\/types\/product"}],"replies":[{"embeddable":true,"href":"https:\/\/belgiumdiamonds.be\/fr\/wp-json\/wp\/v2\/comments?post=15695"}],"version-history":[{"count":2,"href":"https:\/\/belgiumdiamonds.be\/fr\/wp-json\/wp\/v2\/product\/15695\/revisions"}],"predecessor-version":[{"id":33045,"href":"https:\/\/belgiumdiamonds.be\/fr\/wp-json\/wp\/v2\/product\/15695\/revisions\/33045"}],"wp:attachment":[{"href":"https:\/\/belgiumdiamonds.be\/fr\/wp-json\/wp\/v2\/media?parent=15695"}],"wp:term":[{"taxonomy":"product_brand","embeddable":true,"href":"https:\/\/belgiumdiamonds.be\/fr\/wp-json\/wp\/v2\/product_brand?post=15695"},{"taxonomy":"product_cat","embeddable":true,"href":"https:\/\/belgiumdiamonds.be\/fr\/wp-json\/wp\/v2\/product_cat?post=15695"},{"taxonomy":"product_tag","embeddable":true,"href":"https:\/\/belgiumdiamonds.be\/fr\/wp-json\/wp\/v2\/product_tag?post=15695"}],"curies":[{"name":"wp","href":"https:\/\/api.w.org\/{rel}","templated":true}]}}