{"id":15942,"date":"2024-02-09T13:50:25","date_gmt":"2024-02-09T12:50:25","guid":{"rendered":"https:\/\/belgiumdiamond.petpetshopi.shop\/?post_type=product&#038;p=15942"},"modified":"2026-05-10T13:45:13","modified_gmt":"2026-05-10T11:45:13","slug":"round-diamond-pave-side-stone-ring","status":"publish","type":"product","link":"https:\/\/belgiumdiamonds.be\/fr\/product\/round-diamond-pave-side-stone-ring\/","title":{"rendered":"Round Diamond Side Stone Ring"},"content":{"rendered":"<p>Belgium Diamonds&#8217; Round Diamond Side Stone Ring is an elegant ring designed for maximum brilliance and sparkle. This exquisite diamond ring can serve as your engagement ring or as a beautiful anniversary ring.<\/p>\n<p><strong>Information sur les diamants en pav\u00e9 :<\/strong><br \/>\nNombre minimum de diamants : 14-20 pi\u00e8ces.<br \/>\nPoids total minimum : 0,18-0,21 carats.<br \/>\nCouleur moyenne : F<br \/>\nClart\u00e9 moyenne : VVS<br \/>\nPeut \u00eatre serti d'un diamant de 0,50 \u00e0 5 ct au centre<\/p>\n<p>La TVA sera ajout\u00e9e au prix du panier en cas d'exp\u00e9dition dans l'UE.<br \/>\nLe prix comprend les frais d'exp\u00e9dition dans l'UE.<br \/>\nLe prix inclut les diamants dans la monture.<br \/>\nCondition : Nouveau.<br \/>\nFabriqu\u00e9 \u00e0 Anvers, Belgique.<\/p>\n<p><strong>* Le poids total en carats peut s'\u00e9carter l\u00e9g\u00e8rement du poids en carats indiqu\u00e9 en fonction de la taille du diamant central et de la taille de la bague.<\/strong><\/p>\n<p><strong>Diamant central Non inclus dans le prix.<\/strong><\/p>","protected":false},"excerpt":{"rendered":"<p>This round diamond pav\u00e9 side stone ring is a timeless and elegant design<br \/>\ncrafted for maximum brilliance and sparkle \u2014 perfect as an engagement ring<br \/>\nor a beautiful anniversary gift. The round diamond pav\u00e9 side stone ring<br \/>\nfeatures 14 to 20 F colour, VVS clarity pav\u00e9 diamonds already set into<br \/>\nthe band, with a total pav\u00e9 carat weight of 0.18\u20130.21 ct \u2014 these are<br \/>\nincluded in the price. Can be set with any round brilliant centre diamond<br \/>\nfrom 0.50 ct to 5 ct. Available in 18k white, yellow or pink gold or<br \/>\nplatinum, handcrafted in Antwerp, Belgium, by expert craftsmen with over<br \/>\n55 years of experience. Setting price: from \u20ac720 to \u20ac870 depending on<br \/>\ngold choice. Centre diamond not included \u2014 choose your certified diamond<br \/>\nfrom thousands of GIA, IGI and HRD certified stones. Free EU shipping<br \/>\nincluded in the price.<\/p>","protected":false},"featured_media":33612,"comment_status":"open","ping_status":"closed","template":"","meta":{"_acf_changed":false},"product_brand":[],"product_cat":[120,123],"product_tag":[],"class_list":{"0":"post-15942","1":"product","2":"type-product","3":"status-publish","4":"has-post-thumbnail","6":"product_cat-halo-side-stone-rings","7":"product_cat-solitaire-rings","8":"pa_choose-gold-18k-rose-gold","9":"pa_choose-gold-18k-white-gold","10":"pa_choose-gold-18k-yellow-gold","11":"pa_choose-gold-platinum","12":"pa_size-405","13":"pa_size-404","14":"pa_size-403","15":"pa_size-402","16":"pa_size-401","17":"pa_size-400","18":"pa_size-399","19":"pa_size-398","20":"pa_size-397","21":"pa_size-396","22":"pa_size-395","23":"pa_size-394","24":"pa_size-393","25":"pa_size-392","26":"pa_size-391","27":"pa_size-390","28":"pa_size-389","30":"first","31":"instock","32":"taxable","33":"shipping-taxable","34":"purchasable","35":"product-type-variable"},"acf":[],"_links":{"self":[{"href":"https:\/\/belgiumdiamonds.be\/fr\/wp-json\/wp\/v2\/product\/15942","targetHints":{"allow":["GET"]}}],"collection":[{"href":"https:\/\/belgiumdiamonds.be\/fr\/wp-json\/wp\/v2\/product"}],"about":[{"href":"https:\/\/belgiumdiamonds.be\/fr\/wp-json\/wp\/v2\/types\/product"}],"replies":[{"embeddable":true,"href":"https:\/\/belgiumdiamonds.be\/fr\/wp-json\/wp\/v2\/comments?post=15942"}],"version-history":[{"count":4,"href":"https:\/\/belgiumdiamonds.be\/fr\/wp-json\/wp\/v2\/product\/15942\/revisions"}],"predecessor-version":[{"id":43085,"href":"https:\/\/belgiumdiamonds.be\/fr\/wp-json\/wp\/v2\/product\/15942\/revisions\/43085"}],"wp:featuredmedia":[{"embeddable":true,"href":"https:\/\/belgiumdiamonds.be\/fr\/wp-json\/wp\/v2\/media\/33612"}],"wp:attachment":[{"href":"https:\/\/belgiumdiamonds.be\/fr\/wp-json\/wp\/v2\/media?parent=15942"}],"wp:term":[{"taxonomy":"product_brand","embeddable":true,"href":"https:\/\/belgiumdiamonds.be\/fr\/wp-json\/wp\/v2\/product_brand?post=15942"},{"taxonomy":"product_cat","embeddable":true,"href":"https:\/\/belgiumdiamonds.be\/fr\/wp-json\/wp\/v2\/product_cat?post=15942"},{"taxonomy":"product_tag","embeddable":true,"href":"https:\/\/belgiumdiamonds.be\/fr\/wp-json\/wp\/v2\/product_tag?post=15942"}],"curies":[{"name":"wp","href":"https:\/\/api.w.org\/{rel}","templated":true}]}}