{"id":17348,"date":"2024-05-24T09:58:57","date_gmt":"2024-05-24T07:58:57","guid":{"rendered":"https:\/\/belgiumdiamond.petpetshopi.shop\/?post_type=product&#038;p=17348"},"modified":"2026-03-23T12:57:13","modified_gmt":"2026-03-23T11:57:13","slug":"engagement-ring-f-vs-0-30ct","status":"publish","type":"product","link":"https:\/\/belgiumdiamonds.be\/fr\/product\/engagement-ring-f-vs-0-30ct\/","title":{"rendered":"Bague de fian\u00e7ailles avec diamant rond F\/VS 0.30CT"},"content":{"rendered":"<p>La bague de fian\u00e7ailles Ready-to-wear est m\u00e9ticuleusement fabriqu\u00e9e avec un anneau \u00e9l\u00e9gant en or 18 carats, disponible en or blanc, jaune ou rose. Dot\u00e9e d'un seul diamant naturel non trait\u00e9, cette bague solitaire d\u00e9gage une \u00e9l\u00e9gance et une sophistication intemporelles. Le diamant est certifi\u00e9 par IGI ou GIA, ce qui garantit les normes de qualit\u00e9 et d'authenticit\u00e9 les plus \u00e9lev\u00e9es.<\/p>\n<p><strong>Informations sur l'anneau :<\/strong><\/p>\n<ul>\n<li>Couleur moyenne : F<\/li>\n<li>Clart\u00e9 moyenne : VS<\/li>\n<li>Qualit\u00e9 de la coupe : VG-EX (Tr\u00e8s bon \u00e0 Excellent)<\/li>\n<li>Un diamant de 0,30 carat inclus dans le prix<\/li>\n<li>Le poids des diamants peut varier jusqu'\u00e0 0,05 carat.<\/li>\n<\/ul>\n<p>Le prix est le m\u00eame pour l'or blanc, jaune ou rose 18 carats.<br \/>\nLa TVA sera ajout\u00e9e au prix dans le panier pour les envois \u00e0 destination de l'UE.<br \/>\nCondition : Nouveau.<br \/>\nFabriqu\u00e9 \u00e0 Anvers, Belgique.<\/p>\n<p>Chaque bague est con\u00e7ue pour mettre en valeur l'\u00e9clat du diamant gr\u00e2ce \u00e0 des griffes plates, ce qui lui conf\u00e8re une allure \u00e0 la fois moderne et intemporelle. Le poids total en carats peut s'\u00e9carter l\u00e9g\u00e8rement du poids en carats indiqu\u00e9 en fonction de la taille du diamant central et de la taille de la bague.<\/p>\n<p>Cette bague exquise est livr\u00e9e avec tout ce qui est inclus dans le prix, ce qui en fait le choix parfait pour ceux qui recherchent une \u00e9l\u00e9gance instantan\u00e9e et une beaut\u00e9 in\u00e9gal\u00e9e<\/p>\n<p>&nbsp;<\/p>\n<p><strong>EXP\u00c9DITION DANS LES 2 JOURS OUVRABLES !<\/strong><\/p>","protected":false},"excerpt":{"rendered":"<p>La bague de fian\u00e7ailles Ready-to-wear est m\u00e9ticuleusement fabriqu\u00e9e avec un anneau \u00e9l\u00e9gant en or 18 carats, disponible en or blanc, jaune ou rose. Dot\u00e9e d'un seul diamant naturel non trait\u00e9, cette bague solitaire d\u00e9gage une \u00e9l\u00e9gance et une sophistication intemporelles. Le diamant est certifi\u00e9 par IGI ou GIA, ce qui garantit les normes de qualit\u00e9 et d'authenticit\u00e9 les plus \u00e9lev\u00e9es.<\/p>","protected":false},"featured_media":34460,"comment_status":"open","ping_status":"closed","template":"","meta":{"_acf_changed":false},"product_brand":[],"product_cat":[189],"product_tag":[],"class_list":{"0":"post-17348","1":"product","2":"type-product","3":"status-publish","4":"has-post-thumbnail","6":"product_cat-rings","7":"pa_choose-gold-18k-rose-gold","8":"pa_choose-gold-18k-white-gold","9":"pa_choose-gold-18k-yellow-gold","10":"pa_size-405","11":"pa_size-404","12":"pa_size-403","13":"pa_size-402","14":"pa_size-401","15":"pa_size-400","16":"pa_size-399","17":"pa_size-398","18":"pa_size-397","19":"pa_size-396","20":"pa_size-395","21":"pa_size-394","22":"pa_size-393","23":"pa_size-392","24":"pa_size-391","25":"pa_size-390","26":"pa_size-389","28":"first","29":"instock","30":"taxable","31":"shipping-taxable","32":"purchasable","33":"product-type-variable"},"acf":[],"_links":{"self":[{"href":"https:\/\/belgiumdiamonds.be\/fr\/wp-json\/wp\/v2\/product\/17348","targetHints":{"allow":["GET"]}}],"collection":[{"href":"https:\/\/belgiumdiamonds.be\/fr\/wp-json\/wp\/v2\/product"}],"about":[{"href":"https:\/\/belgiumdiamonds.be\/fr\/wp-json\/wp\/v2\/types\/product"}],"replies":[{"embeddable":true,"href":"https:\/\/belgiumdiamonds.be\/fr\/wp-json\/wp\/v2\/comments?post=17348"}],"version-history":[{"count":1,"href":"https:\/\/belgiumdiamonds.be\/fr\/wp-json\/wp\/v2\/product\/17348\/revisions"}],"predecessor-version":[{"id":34485,"href":"https:\/\/belgiumdiamonds.be\/fr\/wp-json\/wp\/v2\/product\/17348\/revisions\/34485"}],"wp:featuredmedia":[{"embeddable":true,"href":"https:\/\/belgiumdiamonds.be\/fr\/wp-json\/wp\/v2\/media\/34460"}],"wp:attachment":[{"href":"https:\/\/belgiumdiamonds.be\/fr\/wp-json\/wp\/v2\/media?parent=17348"}],"wp:term":[{"taxonomy":"product_brand","embeddable":true,"href":"https:\/\/belgiumdiamonds.be\/fr\/wp-json\/wp\/v2\/product_brand?post=17348"},{"taxonomy":"product_cat","embeddable":true,"href":"https:\/\/belgiumdiamonds.be\/fr\/wp-json\/wp\/v2\/product_cat?post=17348"},{"taxonomy":"product_tag","embeddable":true,"href":"https:\/\/belgiumdiamonds.be\/fr\/wp-json\/wp\/v2\/product_tag?post=17348"}],"curies":[{"name":"wp","href":"https:\/\/api.w.org\/{rel}","templated":true}]}}