{"id":17796,"date":"2024-05-26T22:21:46","date_gmt":"2024-05-26T20:21:46","guid":{"rendered":"https:\/\/belgiumdiamond.petpetshopi.shop\/?post_type=product&#038;p=17796"},"modified":"2026-04-30T12:51:47","modified_gmt":"2026-04-30T10:51:47","slug":"round-diamond-pendant-f-vs-1-00ct","status":"publish","type":"product","link":"https:\/\/belgiumdiamonds.be\/fr\/product\/round-diamond-pendant-f-vs-1-00ct\/","title":{"rendered":"Round Diamond Pendant F\/VS 1.00CT"},"content":{"rendered":"<p>Round Diamond Pendant is a stunning and classic piece of jewelry that will add elegance and sophistication to any outfit. Meticulously crafted with an 18k gold stylish chain available in white, yellow, or rose gold, this pendant features a brilliant round diamond, securely held in place by four prongs, creating a timeless and versatile design that will never go out of style.<\/p>\n<p>Le diamant est naturel et non trait\u00e9, certifi\u00e9 par IGI ou GIA, ce qui garantit les normes de qualit\u00e9 et d'authenticit\u00e9 les plus \u00e9lev\u00e9es.<\/p>\n<p><strong>Informations sur le pendentif :<\/strong><\/p>\n<ul>\n<li>Couleur moyenne : F<\/li>\n<li>Clart\u00e9 moyenne : VS<\/li>\n<li>Qualit\u00e9 de la coupe : VG-EX (Tr\u00e8s bon \u00e0 Excellent)<\/li>\n<li>Comprend 1 diamant de 1.00Ct<\/li>\n<li>Le poids des diamants peut varier jusqu'\u00e0 0,05 carat.<\/li>\n<\/ul>\n<p>Le prix est le m\u00eame pour l'or blanc, jaune ou rose 18 carats.<br \/>\nLa TVA sera ajout\u00e9e au prix dans le panier pour les envois \u00e0 destination de l'UE.<br \/>\nCondition : Nouveau.<br \/>\nFabriqu\u00e9 \u00e0 Anvers, Belgique.<\/p>\n<p>Que vous vous fassiez plaisir ou que vous cherchiez le cadeau id\u00e9al pour quelqu'un de sp\u00e9cial, ce pendentif ne manquera pas de faire une impression durable. Chaque pendentif est con\u00e7u pour mettre en valeur l'\u00e9clat du diamant gr\u00e2ce \u00e0 une monture \u00e9l\u00e9gante, ce qui lui conf\u00e8re une allure \u00e0 la fois moderne et intemporelle. Le poids total en carats peut s'\u00e9carter l\u00e9g\u00e8rement du poids en carats indiqu\u00e9 en fonction de la taille du diamant central.<\/p>\n<p>Ce pendentif exquis est livr\u00e9 avec tout ce qui est inclus dans le prix, ce qui en fait le choix id\u00e9al pour ceux qui recherchent une \u00e9l\u00e9gance instantan\u00e9e et une beaut\u00e9 in\u00e9gal\u00e9e.<\/p>\n<p>&nbsp;<\/p>\n<p><strong>EXP\u00c9DITION DANS LES 2 JOURS OUVRABLES !<\/strong><\/p>","protected":false},"excerpt":{"rendered":"<p>Round Diamond Pendant F\/VS 1.00CT is a stunning and classic piece of jewelry that will add elegance and sophistication to any outfit. Meticulously crafted with an 18k gold stylish chain available in white, yellow, or rose gold, this pendant features a brilliant round diamond, securely held in place by four prongs, creating a timeless and versatile design that will never go out of style.<\/p>","protected":false},"featured_media":34436,"comment_status":"open","ping_status":"closed","template":"","meta":{"_acf_changed":false},"product_brand":[],"product_cat":[191],"product_tag":[],"class_list":{"0":"post-17796","1":"product","2":"type-product","3":"status-publish","4":"has-post-thumbnail","6":"product_cat-pendants","7":"pa_choose-gold-18k-rose-gold","8":"pa_choose-gold-18k-white-gold","9":"pa_choose-gold-18k-yellow-gold","11":"first","12":"instock","13":"taxable","14":"shipping-taxable","15":"purchasable","16":"product-type-variable"},"acf":[],"_links":{"self":[{"href":"https:\/\/belgiumdiamonds.be\/fr\/wp-json\/wp\/v2\/product\/17796","targetHints":{"allow":["GET"]}}],"collection":[{"href":"https:\/\/belgiumdiamonds.be\/fr\/wp-json\/wp\/v2\/product"}],"about":[{"href":"https:\/\/belgiumdiamonds.be\/fr\/wp-json\/wp\/v2\/types\/product"}],"replies":[{"embeddable":true,"href":"https:\/\/belgiumdiamonds.be\/fr\/wp-json\/wp\/v2\/comments?post=17796"}],"version-history":[{"count":3,"href":"https:\/\/belgiumdiamonds.be\/fr\/wp-json\/wp\/v2\/product\/17796\/revisions"}],"predecessor-version":[{"id":42808,"href":"https:\/\/belgiumdiamonds.be\/fr\/wp-json\/wp\/v2\/product\/17796\/revisions\/42808"}],"wp:featuredmedia":[{"embeddable":true,"href":"https:\/\/belgiumdiamonds.be\/fr\/wp-json\/wp\/v2\/media\/34436"}],"wp:attachment":[{"href":"https:\/\/belgiumdiamonds.be\/fr\/wp-json\/wp\/v2\/media?parent=17796"}],"wp:term":[{"taxonomy":"product_brand","embeddable":true,"href":"https:\/\/belgiumdiamonds.be\/fr\/wp-json\/wp\/v2\/product_brand?post=17796"},{"taxonomy":"product_cat","embeddable":true,"href":"https:\/\/belgiumdiamonds.be\/fr\/wp-json\/wp\/v2\/product_cat?post=17796"},{"taxonomy":"product_tag","embeddable":true,"href":"https:\/\/belgiumdiamonds.be\/fr\/wp-json\/wp\/v2\/product_tag?post=17796"}],"curies":[{"name":"wp","href":"https:\/\/api.w.org\/{rel}","templated":true}]}}