{"id":20151,"date":"2025-01-23T14:09:58","date_gmt":"2025-01-23T13:09:58","guid":{"rendered":"https:\/\/belgiumdiamond.petpetshopi.shop\/?post_type=product&#038;p=20151"},"modified":"2026-05-04T13:59:02","modified_gmt":"2026-05-04T11:59:02","slug":"bracelet-en-chaine-a-linfini","status":"publish","type":"product","link":"https:\/\/belgiumdiamonds.be\/fr\/product\/infinity-chain-bracelet\/","title":{"rendered":"Bracelet en cha\u00eene \u00e0 l'infini avec diamants"},"content":{"rendered":"<p>Pr\u00e9sentation de notre <em>Bracelet en cha\u00eene \u00e0 l'infini<\/em>Les bracelets en or blanc, en or jaune ou en or rose sont l'accessoire parfait pour rehausser n'importe quel look, du plus terne au plus fabuleux ! Ces superbes bracelets sont disponibles en or blanc, en or jaune ou en or rose, ce qui vous permet de choisir la nuance qui correspond le mieux \u00e0 votre style personnel.<\/p>\n<p><strong>Informations sur les boucles d'oreilles :<\/strong><\/p>\n<ul>\n<li>Couleur moyenne : E\/F<\/li>\n<li>Clart\u00e9 moyenne : VS<\/li>\n<li>Qualit\u00e9 de la coupe : VG-EX (Tr\u00e8s bon \u00e0 Excellent)<\/li>\n<li>Comprend un total de 0,14 ct de diamants<\/li>\n<li>Le poids des diamants peut varier jusqu'\u00e0 0,05 carat.<\/li>\n<\/ul>\n<p>Le prix est le m\u00eame pour l'or blanc, jaune ou rose 18 carats.<br \/>\nLa TVA sera ajout\u00e9e au prix dans le panier pour les envois \u00e0 destination de l'UE.<\/p>\n<p>Codes de r\u00e9duction \u00e0 appliquer dans le panier.<br \/>\nCondition : Nouveau.<br \/>\nFabriqu\u00e9 \u00e0 Anvers, Belgique.<\/p>\n<p>&nbsp;<\/p>\n<p><strong>EXP\u00c9DITION DANS LES 2 JOURS OUVRABLES !<\/strong><\/p>","protected":false},"excerpt":{"rendered":"<p>Pr\u00e9sentation de notre <em>Bracelet en cha\u00eene \u00e0 l'infini<\/em>Les bracelets en or blanc, en or jaune ou en or rose sont l'accessoire parfait pour rehausser n'importe quel look, du plus terne au plus fabuleux ! Ces superbes bracelets sont disponibles en or blanc, en or jaune ou en or rose, ce qui vous permet de choisir la nuance qui correspond le mieux \u00e0 votre style personnel.<\/p>","protected":false},"featured_media":34492,"comment_status":"open","ping_status":"closed","template":"","meta":{"_acf_changed":false},"product_brand":[],"product_cat":[194,378],"product_tag":[],"class_list":{"0":"post-20151","1":"product","2":"type-product","3":"status-publish","4":"has-post-thumbnail","6":"product_cat-bracelets","7":"product_cat-valentines-day-collection","8":"pa_choose-gold-18k-rose-gold","9":"pa_choose-gold-18k-white-gold","10":"pa_choose-gold-18k-yellow-gold","12":"first","13":"instock","14":"taxable","15":"shipping-taxable","16":"purchasable","17":"product-type-variable"},"acf":[],"_links":{"self":[{"href":"https:\/\/belgiumdiamonds.be\/fr\/wp-json\/wp\/v2\/product\/20151","targetHints":{"allow":["GET"]}}],"collection":[{"href":"https:\/\/belgiumdiamonds.be\/fr\/wp-json\/wp\/v2\/product"}],"about":[{"href":"https:\/\/belgiumdiamonds.be\/fr\/wp-json\/wp\/v2\/types\/product"}],"replies":[{"embeddable":true,"href":"https:\/\/belgiumdiamonds.be\/fr\/wp-json\/wp\/v2\/comments?post=20151"}],"version-history":[{"count":1,"href":"https:\/\/belgiumdiamonds.be\/fr\/wp-json\/wp\/v2\/product\/20151\/revisions"}],"predecessor-version":[{"id":32823,"href":"https:\/\/belgiumdiamonds.be\/fr\/wp-json\/wp\/v2\/product\/20151\/revisions\/32823"}],"wp:featuredmedia":[{"embeddable":true,"href":"https:\/\/belgiumdiamonds.be\/fr\/wp-json\/wp\/v2\/media\/34492"}],"wp:attachment":[{"href":"https:\/\/belgiumdiamonds.be\/fr\/wp-json\/wp\/v2\/media?parent=20151"}],"wp:term":[{"taxonomy":"product_brand","embeddable":true,"href":"https:\/\/belgiumdiamonds.be\/fr\/wp-json\/wp\/v2\/product_brand?post=20151"},{"taxonomy":"product_cat","embeddable":true,"href":"https:\/\/belgiumdiamonds.be\/fr\/wp-json\/wp\/v2\/product_cat?post=20151"},{"taxonomy":"product_tag","embeddable":true,"href":"https:\/\/belgiumdiamonds.be\/fr\/wp-json\/wp\/v2\/product_tag?post=20151"}],"curies":[{"name":"wp","href":"https:\/\/api.w.org\/{rel}","templated":true}]}}