{"id":20187,"date":"2025-01-23T15:17:03","date_gmt":"2025-01-23T14:17:03","guid":{"rendered":"https:\/\/belgiumdiamond.petpetshopi.shop\/?post_type=product&#038;p=20187"},"modified":"2026-05-04T13:58:59","modified_gmt":"2026-05-04T11:58:59","slug":"pendentif-halo-coussin","status":"publish","type":"product","link":"https:\/\/belgiumdiamonds.be\/fr\/product\/halo-cushion-pendant\/","title":{"rendered":"Pendentif Halo Cushion"},"content":{"rendered":"<p>Le pr\u00eat-\u00e0-porter <em>Pendentif Halo Cushion<\/em>\u00a0est un bijou \u00e9blouissant et classique qui ajoutera \u00e9l\u00e9gance et sophistication \u00e0 n'importe quelle tenue. M\u00e9ticuleusement confectionn\u00e9 avec une cha\u00eene en or 18 carats, il est disponible en or blanc, jaune ou rose.<\/p>\n<p><strong>Informations sur le pendentif :<\/strong><\/p>\n<ul>\n<li>Couleur moyenne : E\/F<\/li>\n<li>Clart\u00e9 moyenne : VS<\/li>\n<li>Qualit\u00e9 de la coupe : VG-EX (Tr\u00e8s bon \u00e0 Excellent)<\/li>\n<li>Comprend un diamant de 0,19 carat<\/li>\n<li>Le poids des diamants peut varier jusqu'\u00e0 0,05 carat.<\/li>\n<\/ul>\n<p>Le prix est le m\u00eame pour l'or blanc, jaune ou rose 18 carats.<br \/>\nLa TVA sera ajout\u00e9e au prix dans le panier pour les envois \u00e0 destination de l'UE.<br \/>\nCondition : Nouveau.<br \/>\nFabriqu\u00e9 \u00e0 Anvers, Belgique.<\/p>\n<p>Que vous vous fassiez plaisir ou que vous cherchiez le cadeau id\u00e9al pour quelqu'un de sp\u00e9cial, ce pendentif ne manquera pas de faire une impression durable. Chaque pendentif est con\u00e7u pour mettre en valeur l'\u00e9clat du diamant gr\u00e2ce \u00e0 une monture \u00e9l\u00e9gante, ce qui lui conf\u00e8re une allure \u00e0 la fois moderne et intemporelle. Le poids total en carats peut s'\u00e9carter l\u00e9g\u00e8rement du poids en carats indiqu\u00e9 en fonction de la taille du diamant central.<\/p>\n<p>Ce pendentif exquis est livr\u00e9 avec tout ce qui est inclus dans le prix, ce qui en fait le choix id\u00e9al pour ceux qui recherchent une \u00e9l\u00e9gance instantan\u00e9e et une beaut\u00e9 in\u00e9gal\u00e9e.<\/p>\n<p>&nbsp;<\/p>\n<p><strong>EXP\u00c9DITION DANS LES 2 JOURS OUVRABLES !<\/strong><\/p>","protected":false},"excerpt":{"rendered":"<p>Le pr\u00eat-\u00e0-porter <em>Pendentif Halo Cushion<\/em>\u00a0est un bijou \u00e9blouissant et classique qui ajoutera \u00e9l\u00e9gance et sophistication \u00e0 n'importe quelle tenue. M\u00e9ticuleusement confectionn\u00e9 avec une cha\u00eene en or 18 carats, il est disponible en or blanc, jaune ou rose.<\/p>","protected":false},"featured_media":34428,"comment_status":"open","ping_status":"closed","template":"","meta":{"_acf_changed":false},"product_brand":[],"product_cat":[191],"product_tag":[],"class_list":{"0":"post-20187","1":"product","2":"type-product","3":"status-publish","4":"has-post-thumbnail","6":"product_cat-pendants","7":"pa_choose-gold-18k-rose-gold","8":"pa_choose-gold-18k-white-gold","9":"pa_choose-gold-18k-yellow-gold","11":"first","12":"instock","13":"taxable","14":"shipping-taxable","15":"purchasable","16":"product-type-variable"},"acf":[],"_links":{"self":[{"href":"https:\/\/belgiumdiamonds.be\/fr\/wp-json\/wp\/v2\/product\/20187","targetHints":{"allow":["GET"]}}],"collection":[{"href":"https:\/\/belgiumdiamonds.be\/fr\/wp-json\/wp\/v2\/product"}],"about":[{"href":"https:\/\/belgiumdiamonds.be\/fr\/wp-json\/wp\/v2\/types\/product"}],"replies":[{"embeddable":true,"href":"https:\/\/belgiumdiamonds.be\/fr\/wp-json\/wp\/v2\/comments?post=20187"}],"version-history":[{"count":1,"href":"https:\/\/belgiumdiamonds.be\/fr\/wp-json\/wp\/v2\/product\/20187\/revisions"}],"predecessor-version":[{"id":34434,"href":"https:\/\/belgiumdiamonds.be\/fr\/wp-json\/wp\/v2\/product\/20187\/revisions\/34434"}],"wp:featuredmedia":[{"embeddable":true,"href":"https:\/\/belgiumdiamonds.be\/fr\/wp-json\/wp\/v2\/media\/34428"}],"wp:attachment":[{"href":"https:\/\/belgiumdiamonds.be\/fr\/wp-json\/wp\/v2\/media?parent=20187"}],"wp:term":[{"taxonomy":"product_brand","embeddable":true,"href":"https:\/\/belgiumdiamonds.be\/fr\/wp-json\/wp\/v2\/product_brand?post=20187"},{"taxonomy":"product_cat","embeddable":true,"href":"https:\/\/belgiumdiamonds.be\/fr\/wp-json\/wp\/v2\/product_cat?post=20187"},{"taxonomy":"product_tag","embeddable":true,"href":"https:\/\/belgiumdiamonds.be\/fr\/wp-json\/wp\/v2\/product_tag?post=20187"}],"curies":[{"name":"wp","href":"https:\/\/api.w.org\/{rel}","templated":true}]}}