{"id":21657,"date":"2025-06-09T00:02:35","date_gmt":"2025-06-08T22:02:35","guid":{"rendered":"https:\/\/belgiumdiamond.petpetshopi.shop\/?post_type=product&#038;p=21657"},"modified":"2026-05-04T13:58:58","modified_gmt":"2026-05-04T11:58:58","slug":"oval-diamond-trilogy-ring","status":"publish","type":"product","link":"https:\/\/belgiumdiamonds.be\/fr\/product\/oval-diamond-trilogy-ring\/","title":{"rendered":"Oval Diamond Trilogy Ring"},"content":{"rendered":"<p class=\"ai-optimize-20 ai-optimize-introduction\">Belgium Diamonds Classic Oval Three Diamond Ring Setting est une \u00e9l\u00e9gante bague trilogie. Cette magnifique monture est compos\u00e9e d'un gros diamant central et de deux petits diamants lat\u00e9raux pour cr\u00e9er un bijou exquis.<br \/>\nApr\u00e8s avoir s\u00e9lectionn\u00e9 cette monture, choisissez vos diamants parmi les milliers de diamants certifi\u00e9s pr\u00e9sent\u00e9s dans notre collection de diamants en vrac. Si vous avez besoin d'aide dans votre s\u00e9lection, contactez un repr\u00e9sentant de Belgium Diamond et les gemmologues de Belgium Diamonds associeront m\u00e9ticuleusement les diamants en fonction de leur taille, de leur couleur, de leur clart\u00e9 et de leur taille afin de cr\u00e9er une bague \u00e0 trois pierres parfaite r\u00e9pondant \u00e0 votre budget et \u00e0 vos crit\u00e8res.<\/p>\n<p class=\"ai-optimize-21\"><strong>Les diamants ne sont pas inclus dans le prix.<\/strong><\/p>\n<p class=\"ai-optimize-22\">La TVA sera ajout\u00e9e au prix dans le panier lorsque l'adresse de livraison est celle de l'UE.<br \/>\nLe prix comprend les frais d'exp\u00e9dition dans l'UE.<br \/>\nLe prix comprend le montage des diamants dans la monture pour cr\u00e9er la bague finie.<br \/>\nCondition : Nouveau.<br \/>\nFabriqu\u00e9 \u00e0 Anvers, Belgique.<\/p>","protected":false},"excerpt":{"rendered":"<p class=\"ai-optimize-17\">Belgium Diamonds Classic Oval Three Diamond Ring Setting est une \u00e9l\u00e9gante bague trilogie. Cette magnifique monture est compos\u00e9e d'un gros diamant central et de deux petits diamants lat\u00e9raux pour cr\u00e9er un bijou exquis.<\/p>\n<p class=\"ai-optimize-18\">LES DIAMANTS NE SONT PAS INCLUS DANS LE PRIX.<\/p>","protected":false},"featured_media":33827,"comment_status":"open","ping_status":"closed","template":"","meta":{"_acf_changed":false},"product_brand":[],"product_cat":[127],"product_tag":[],"class_list":{"0":"post-21657","1":"product","2":"type-product","3":"status-publish","4":"has-post-thumbnail","6":"product_cat-trilogy-rings","7":"pa_choose-gold-18k-rose-gold","8":"pa_choose-gold-18k-white-gold","9":"pa_choose-gold-18k-yellow-gold","10":"pa_choose-gold-platinum","11":"pa_size-405","12":"pa_size-404","13":"pa_size-403","14":"pa_size-402","15":"pa_size-401","16":"pa_size-400","17":"pa_size-399","18":"pa_size-398","19":"pa_size-397","20":"pa_size-396","21":"pa_size-395","22":"pa_size-394","23":"pa_size-393","24":"pa_size-392","25":"pa_size-391","26":"pa_size-390","27":"pa_size-389","29":"first","30":"instock","31":"taxable","32":"shipping-taxable","33":"purchasable","34":"product-type-variable"},"acf":[],"_links":{"self":[{"href":"https:\/\/belgiumdiamonds.be\/fr\/wp-json\/wp\/v2\/product\/21657","targetHints":{"allow":["GET"]}}],"collection":[{"href":"https:\/\/belgiumdiamonds.be\/fr\/wp-json\/wp\/v2\/product"}],"about":[{"href":"https:\/\/belgiumdiamonds.be\/fr\/wp-json\/wp\/v2\/types\/product"}],"replies":[{"embeddable":true,"href":"https:\/\/belgiumdiamonds.be\/fr\/wp-json\/wp\/v2\/comments?post=21657"}],"version-history":[{"count":4,"href":"https:\/\/belgiumdiamonds.be\/fr\/wp-json\/wp\/v2\/product\/21657\/revisions"}],"predecessor-version":[{"id":42384,"href":"https:\/\/belgiumdiamonds.be\/fr\/wp-json\/wp\/v2\/product\/21657\/revisions\/42384"}],"wp:featuredmedia":[{"embeddable":true,"href":"https:\/\/belgiumdiamonds.be\/fr\/wp-json\/wp\/v2\/media\/33827"}],"wp:attachment":[{"href":"https:\/\/belgiumdiamonds.be\/fr\/wp-json\/wp\/v2\/media?parent=21657"}],"wp:term":[{"taxonomy":"product_brand","embeddable":true,"href":"https:\/\/belgiumdiamonds.be\/fr\/wp-json\/wp\/v2\/product_brand?post=21657"},{"taxonomy":"product_cat","embeddable":true,"href":"https:\/\/belgiumdiamonds.be\/fr\/wp-json\/wp\/v2\/product_cat?post=21657"},{"taxonomy":"product_tag","embeddable":true,"href":"https:\/\/belgiumdiamonds.be\/fr\/wp-json\/wp\/v2\/product_tag?post=21657"}],"curies":[{"name":"wp","href":"https:\/\/api.w.org\/{rel}","templated":true}]}}