{"id":22347,"date":"2025-08-10T11:19:24","date_gmt":"2025-08-10T09:19:24","guid":{"rendered":"https:\/\/belgiumdiamond.petpetshopi.shop\/product\/elegant-brilliant-cut-solitaire-11\/"},"modified":"2026-05-04T13:58:55","modified_gmt":"2026-05-04T11:58:55","slug":"round-pave-and-lotus-styled-ring","status":"publish","type":"product","link":"https:\/\/belgiumdiamonds.be\/fr\/product\/round-pave-and-lotus-styled-ring\/","title":{"rendered":"Round Solitaire with Pav\u00e9 and Lotus Styled Side Stone Ring"},"content":{"rendered":"<p class=\"ai-optimize-28 ai-optimize-introduction\">Elegant Round Solitaire with Pav\u00e9 and Lotus Styled Side Stone Ring in 18k Gold<\/p>\n<p class=\"ai-optimize-29\"><strong>Informations sur la bague en diamant :<\/strong><br \/>\nPeut \u00eatre serti avec : 0,50 - 10 ct diamant central.<\/p>\n<p class=\"ai-optimize-30\">La TVA sera ajout\u00e9e au prix dans le panier lorsque l'exp\u00e9dition se fait vers une adresse de l'UE.<br \/>\nLe prix comprend les frais d'exp\u00e9dition dans l'UE.<br \/>\nCondition : Nouveau.<br \/>\nFabriqu\u00e9 \u00e0 Anvers, Belgique.<\/p>\n<p class=\"ai-optimize-31\"><strong>* Le poids total en carats peut s'\u00e9carter l\u00e9g\u00e8rement du poids en carats indiqu\u00e9 en fonction de la taille du diamant central et de la taille de la bague.<\/strong><\/p>\n<h3 class=\"elementor-heading-title elementor-size-small ai-optimize-32\">LE DIAMANT CENTRAL N'EST PAS INCLUS DANS LE PRIX.<\/h3>","protected":false},"excerpt":{"rendered":"<p>La bague solitaire Belgium Diamonds Brilliant Cut se compose d'un anneau en or 18 carats orn\u00e9 de diamants pav\u00e9s le long des \u00e9paules, menant \u00e0 une monture s\u00fbre et \u00e9l\u00e9gante \u00e0 6 branches qui met en valeur la pierre centrale pour un maximum de brillance et d'\u00e9clat.<\/p>","protected":false},"featured_media":33395,"comment_status":"open","ping_status":"closed","template":"","meta":{"_acf_changed":false},"product_brand":[192],"product_cat":[120,123],"product_tag":[],"class_list":{"0":"post-22347","1":"product","2":"type-product","3":"status-publish","4":"has-post-thumbnail","6":"product_brand-bd","7":"product_cat-halo-side-stone-rings","8":"product_cat-solitaire-rings","9":"pa_choose-gold-18k-rose-gold","10":"pa_choose-gold-18k-white-gold","11":"pa_choose-gold-18k-yellow-gold","12":"pa_choose-gold-platinum","13":"pa_size-405","14":"pa_size-404","15":"pa_size-403","16":"pa_size-402","17":"pa_size-401","18":"pa_size-400","19":"pa_size-399","20":"pa_size-398","21":"pa_size-397","22":"pa_size-396","23":"pa_size-395","24":"pa_size-394","25":"pa_size-393","26":"pa_size-392","27":"pa_size-391","28":"pa_size-390","29":"pa_size-389","31":"first","32":"instock","33":"taxable","34":"shipping-taxable","35":"purchasable","36":"product-type-variable","37":"has-default-attributes"},"acf":[],"_links":{"self":[{"href":"https:\/\/belgiumdiamonds.be\/fr\/wp-json\/wp\/v2\/product\/22347","targetHints":{"allow":["GET"]}}],"collection":[{"href":"https:\/\/belgiumdiamonds.be\/fr\/wp-json\/wp\/v2\/product"}],"about":[{"href":"https:\/\/belgiumdiamonds.be\/fr\/wp-json\/wp\/v2\/types\/product"}],"replies":[{"embeddable":true,"href":"https:\/\/belgiumdiamonds.be\/fr\/wp-json\/wp\/v2\/comments?post=22347"}],"version-history":[{"count":3,"href":"https:\/\/belgiumdiamonds.be\/fr\/wp-json\/wp\/v2\/product\/22347\/revisions"}],"predecessor-version":[{"id":42516,"href":"https:\/\/belgiumdiamonds.be\/fr\/wp-json\/wp\/v2\/product\/22347\/revisions\/42516"}],"wp:featuredmedia":[{"embeddable":true,"href":"https:\/\/belgiumdiamonds.be\/fr\/wp-json\/wp\/v2\/media\/33395"}],"wp:attachment":[{"href":"https:\/\/belgiumdiamonds.be\/fr\/wp-json\/wp\/v2\/media?parent=22347"}],"wp:term":[{"taxonomy":"product_brand","embeddable":true,"href":"https:\/\/belgiumdiamonds.be\/fr\/wp-json\/wp\/v2\/product_brand?post=22347"},{"taxonomy":"product_cat","embeddable":true,"href":"https:\/\/belgiumdiamonds.be\/fr\/wp-json\/wp\/v2\/product_cat?post=22347"},{"taxonomy":"product_tag","embeddable":true,"href":"https:\/\/belgiumdiamonds.be\/fr\/wp-json\/wp\/v2\/product_tag?post=22347"}],"curies":[{"name":"wp","href":"https:\/\/api.w.org\/{rel}","templated":true}]}}