{"id":22352,"date":"2025-08-10T11:19:25","date_gmt":"2025-08-10T09:19:25","guid":{"rendered":"https:\/\/belgiumdiamond.petpetshopi.shop\/product\/elegant-brilliant-cut-solitaire-16\/"},"modified":"2026-05-09T16:07:09","modified_gmt":"2026-05-09T14:07:09","slug":"six-prong-marquise-diamond-solitaire-ring","status":"publish","type":"product","link":"https:\/\/belgiumdiamonds.be\/fr\/product\/six-prong-marquise-diamond-solitaire-ring\/","title":{"rendered":"Elegant Six-Prong Marquise Solitaire Ring"},"content":{"rendered":"<p class=\"ai-optimize-25 ai-optimize-introduction\">Classic Six-Prong Marquise Solitaire Ring is an 18k gold with a stylish band bringing out the center stone.<\/p>\n<p class=\"ai-optimize-26\"><strong>Informations sur la bague en diamant :<\/strong><br \/>\nCouleur moyenne : \u00e0 s\u00e9lectionner<br \/>\nClart\u00e9 moyenne : \u00e0 s\u00e9lectionner<br \/>\nPeut \u00eatre serti avec : 0,50 - 10 ct diamant central.<\/p>\n<p class=\"ai-optimize-26\">La TVA sera ajout\u00e9e au prix dans le panier lorsque la livraison est effectu\u00e9e \u00e0 une adresse dans l'UE.<br \/>\nLe prix comprend le montage des diamants dans la monture.<br \/>\nCondition : Nouveau.<br \/>\nFabriqu\u00e9 \u00e0 Anvers, Belgique.<\/p>\n<p class=\"ai-optimize-28\"><strong>* Le poids total en carats peut s'\u00e9carter l\u00e9g\u00e8rement du poids en carats indiqu\u00e9 en fonction de la taille du diamant central et de la taille de la bague.<\/strong><\/p>\n<p class=\"ai-optimize-29\"><strong>LE DIAMANT CENTRAL N'EST PAS INCLUS DANS LE PRIX.<\/strong><\/p>\n<p><span class=\"ng-star-inserted\">Le\u00a0<\/span><strong class=\"ng-star-inserted\"><span class=\"ng-star-inserted\">six-prong marquise diamond solitaire ring<\/span><\/strong><span class=\"ng-star-inserted\">\u00a0is a timeless masterpiece of Antwerp craftsmanship, specifically designed to protect and highlight the elegant points of the marquise cut. This\u00a0<\/span><strong class=\"ng-star-inserted\"><span class=\"ng-star-inserted\">six-prong marquise diamond solitaire ring<\/span><\/strong><span class=\"ng-star-inserted\"> features a single center stone (1 stone count) available in various carat weights from 0.50ct to 3.00ct, with diamond colors ranging from D to H and clarity grades from IF to SI1. Expertly handcrafted in your choice of 18k white gold, yellow gold, rose gold, or platinum, prices for this setting start at. Every diamond is ethically sourced and accompanied by GIA, IGI, or HRD certification. We provide free shipping across the EU, and for those looking to add extra sparkle, this ring stacks beautifully with a V-shaped or contoured diamond wedding band.<\/span><\/p>","protected":false},"excerpt":{"rendered":"<p class=\"ai-optimize-11 ai-optimize-introduction\">La monture solitaire en diamant Marquise de Belgium Diamonds est une monture en or 18 carats avec des \u00e9paules \u00e9l\u00e9gantes.<\/p>","protected":false},"featured_media":33514,"comment_status":"open","ping_status":"closed","template":"","meta":{"_acf_changed":false},"product_brand":[192],"product_cat":[418,123],"product_tag":[],"class_list":{"0":"post-22352","1":"product","2":"type-product","3":"status-publish","4":"has-post-thumbnail","6":"product_brand-bd","7":"product_cat-solitaire-ring","8":"product_cat-solitaire-rings","9":"pa_choose-gold-18k-rose-gold","10":"pa_choose-gold-18k-white-gold","11":"pa_choose-gold-18k-yellow-gold","12":"pa_choose-gold-platinum","13":"pa_size-405","14":"pa_size-404","15":"pa_size-403","16":"pa_size-402","17":"pa_size-401","18":"pa_size-400","19":"pa_size-399","20":"pa_size-398","21":"pa_size-397","22":"pa_size-396","23":"pa_size-395","24":"pa_size-394","25":"pa_size-393","26":"pa_size-392","27":"pa_size-391","28":"pa_size-390","29":"pa_size-389","31":"first","32":"instock","33":"taxable","34":"shipping-taxable","35":"purchasable","36":"product-type-variable"},"acf":[],"_links":{"self":[{"href":"https:\/\/belgiumdiamonds.be\/fr\/wp-json\/wp\/v2\/product\/22352","targetHints":{"allow":["GET"]}}],"collection":[{"href":"https:\/\/belgiumdiamonds.be\/fr\/wp-json\/wp\/v2\/product"}],"about":[{"href":"https:\/\/belgiumdiamonds.be\/fr\/wp-json\/wp\/v2\/types\/product"}],"replies":[{"embeddable":true,"href":"https:\/\/belgiumdiamonds.be\/fr\/wp-json\/wp\/v2\/comments?post=22352"}],"version-history":[{"count":8,"href":"https:\/\/belgiumdiamonds.be\/fr\/wp-json\/wp\/v2\/product\/22352\/revisions"}],"predecessor-version":[{"id":43064,"href":"https:\/\/belgiumdiamonds.be\/fr\/wp-json\/wp\/v2\/product\/22352\/revisions\/43064"}],"wp:featuredmedia":[{"embeddable":true,"href":"https:\/\/belgiumdiamonds.be\/fr\/wp-json\/wp\/v2\/media\/33514"}],"wp:attachment":[{"href":"https:\/\/belgiumdiamonds.be\/fr\/wp-json\/wp\/v2\/media?parent=22352"}],"wp:term":[{"taxonomy":"product_brand","embeddable":true,"href":"https:\/\/belgiumdiamonds.be\/fr\/wp-json\/wp\/v2\/product_brand?post=22352"},{"taxonomy":"product_cat","embeddable":true,"href":"https:\/\/belgiumdiamonds.be\/fr\/wp-json\/wp\/v2\/product_cat?post=22352"},{"taxonomy":"product_tag","embeddable":true,"href":"https:\/\/belgiumdiamonds.be\/fr\/wp-json\/wp\/v2\/product_tag?post=22352"}],"curies":[{"name":"wp","href":"https:\/\/api.w.org\/{rel}","templated":true}]}}