{"id":23317,"date":"2025-08-22T15:23:36","date_gmt":"2025-08-22T13:23:36","guid":{"rendered":"https:\/\/belgiumdiamond.petpetshopi.shop\/product\/product-5\/"},"modified":"2026-05-04T13:58:53","modified_gmt":"2026-05-04T11:58:53","slug":"drop-earrings-solitaire-accent","status":"publish","type":"product","link":"https:\/\/belgiumdiamonds.be\/fr\/product\/drop-earrings-solitaire-accent\/","title":{"rendered":"Boucles d'oreilles pendantes verticales en diamant avec accent solitaire"},"content":{"rendered":"<p class=\"ai-optimize-22 ai-optimize-introduction\" data-start=\"236\" data-end=\"489\">\u00c9l\u00e9gantes et sophistiqu\u00e9es, ces boucles d'oreilles verticales pr\u00e9sentent une gracieuse rang\u00e9e de diamants ronds pav\u00e9s menant \u00e0 un superbe solitaire \u00e0 la base. Le design \u00e9pur\u00e9 et moderne maximise la brillance tout en offrant une sensation de l\u00e9g\u00e8ret\u00e9 pour une \u00e9l\u00e9gance sans effort.<\/p>\n<p class=\"ai-optimize-23\" data-start=\"491\" data-end=\"747\">R\u00e9alis\u00e9es en or blanc 18 carats, ces boucles d'oreilles se ferment \u00e0 l'aide d'un levier et garantissent confort et confiance pour une utilisation de jour comme de nuit. Qu'elles soient port\u00e9es au quotidien ou en soir\u00e9e, ces boucles d'oreilles apportent un \u00e9clat intemporel avec une touche contemporaine.<\/p>\n<p class=\"ai-optimize-24\">Le diamant n'est pas inclus dans le prix.<\/p>\n<p class=\"ai-optimize-25\">La TVA sera ajout\u00e9e au prix dans le panier lorsque l'adresse de livraison est celle de l'UE.<br \/>\nLe prix comprend les frais d'exp\u00e9dition dans l'UE.<br \/>\nLe prix comprend le montage des diamants.<br \/>\nCondition : Nouveau.<br \/>\nFabriqu\u00e9 \u00e0 Anvers, Belgique.<\/p>","protected":false},"excerpt":{"rendered":"<p class=\"ai-optimize-19\">\u00c9l\u00e9gantes et sophistiqu\u00e9es, ces boucles d'oreilles verticales pr\u00e9sentent une gracieuse rang\u00e9e de diamants ronds pav\u00e9s menant \u00e0 un superbe solitaire \u00e0 la base. Le design \u00e9pur\u00e9 et moderne maximise la brillance tout en offrant une sensation de l\u00e9g\u00e8ret\u00e9 pour une \u00e9l\u00e9gance sans effort.<\/p>\n<p class=\"ai-optimize-20\">Le diamant n'est pas inclus dans le prix.<\/p>","protected":false},"featured_media":23364,"comment_status":"open","ping_status":"closed","template":"","meta":{"_acf_changed":false},"product_brand":[192],"product_cat":[125],"product_tag":[],"class_list":{"0":"post-23317","1":"product","2":"type-product","3":"status-publish","4":"has-post-thumbnail","6":"product_brand-bd","7":"product_cat-earrings","9":"first","10":"instock","11":"taxable","12":"shipping-taxable","13":"purchasable","14":"product-type-variable"},"acf":[],"_links":{"self":[{"href":"https:\/\/belgiumdiamonds.be\/fr\/wp-json\/wp\/v2\/product\/23317","targetHints":{"allow":["GET"]}}],"collection":[{"href":"https:\/\/belgiumdiamonds.be\/fr\/wp-json\/wp\/v2\/product"}],"about":[{"href":"https:\/\/belgiumdiamonds.be\/fr\/wp-json\/wp\/v2\/types\/product"}],"replies":[{"embeddable":true,"href":"https:\/\/belgiumdiamonds.be\/fr\/wp-json\/wp\/v2\/comments?post=23317"}],"version-history":[{"count":3,"href":"https:\/\/belgiumdiamonds.be\/fr\/wp-json\/wp\/v2\/product\/23317\/revisions"}],"predecessor-version":[{"id":42610,"href":"https:\/\/belgiumdiamonds.be\/fr\/wp-json\/wp\/v2\/product\/23317\/revisions\/42610"}],"wp:featuredmedia":[{"embeddable":true,"href":"https:\/\/belgiumdiamonds.be\/fr\/wp-json\/wp\/v2\/media\/23364"}],"wp:attachment":[{"href":"https:\/\/belgiumdiamonds.be\/fr\/wp-json\/wp\/v2\/media?parent=23317"}],"wp:term":[{"taxonomy":"product_brand","embeddable":true,"href":"https:\/\/belgiumdiamonds.be\/fr\/wp-json\/wp\/v2\/product_brand?post=23317"},{"taxonomy":"product_cat","embeddable":true,"href":"https:\/\/belgiumdiamonds.be\/fr\/wp-json\/wp\/v2\/product_cat?post=23317"},{"taxonomy":"product_tag","embeddable":true,"href":"https:\/\/belgiumdiamonds.be\/fr\/wp-json\/wp\/v2\/product_tag?post=23317"}],"curies":[{"name":"wp","href":"https:\/\/api.w.org\/{rel}","templated":true}]}}