{"id":6891,"date":"2024-01-10T15:42:18","date_gmt":"2024-01-10T15:42:18","guid":{"rendered":"https:\/\/belgiumdiamond.petpetshopi.shop\/?post_type=product&#038;p=6891"},"modified":"2026-05-02T10:33:59","modified_gmt":"2026-05-02T08:33:59","slug":"2-84-ct-e-f-vs-si-diamond-tennis-bracelet","status":"publish","type":"product","link":"https:\/\/belgiumdiamonds.be\/fr\/product\/2-84-ct-e-f-vs-si-diamond-tennis-bracelet\/","title":{"rendered":"2.84 ct E\/F VS\/SI Diamond Tennis Bracelet 18k Gold"},"content":{"rendered":"<p>This classic\u00a0 2.84 ct E\/F VS\/SI Diamond Bracelet 18k White, Yellow or Pink Gold diamond tennis bracelet features 71 round, Color E\/F, Clarity VS\/TOP-SI diamonds set in a 18k white, yellow or pink gold bracelet. Each diamond is 0.04 ct. giving this brilliant jewel a *total carat weight of 2.84 ct. This bracelet twins perfectly with our Black Diamond Tennis Bracelet and are designed to be worn side by side.<\/p>\n<p>21% La TVA sera ajout\u00e9e au prix du panier lorsque la livraison est effectu\u00e9e \u00e0 une adresse europ\u00e9enne.<br \/>\nLe prix comprend les frais d'exp\u00e9dition dans l'UE.<br \/>\nCondition : Nouveau.<br \/>\nFabriqu\u00e9 \u00e0 la main \u00e0 Anvers, en Belgique.<br \/>\n100% diamants naturels, certifi\u00e9s et exempts de conflits<\/p>\n<p><strong>* Les diamants peuvent s'\u00e9carter l\u00e9g\u00e8rement du poids de 2,84 ct.<\/strong><\/p>","protected":false},"excerpt":{"rendered":"<p>Ce bracelet tennis classique en diamant pr\u00e9sente 71 diamants ronds de couleur E\/F et de puret\u00e9 VS\/TOP-SI sertis dans un bracelet en or blanc, jaune ou rose 18 carats. Chaque diamant p\u00e8se 0,04 ct., ce qui donne \u00e0 ce bijou brillant un poids total de 2,84 ct. Ce bracelet se marie parfaitement avec notre bracelet de tennis en diamant noir et sont con\u00e7us pour \u00eatre port\u00e9s c\u00f4te \u00e0 c\u00f4te.<\/p>\n<pre><\/pre>","protected":false},"featured_media":34193,"comment_status":"open","ping_status":"closed","template":"","meta":{"_acf_changed":false},"product_brand":[192],"product_cat":[112,111],"product_tag":[113],"class_list":{"0":"post-6891","1":"product","2":"type-product","3":"status-publish","4":"has-post-thumbnail","6":"product_brand-bd","7":"product_cat-dtb","8":"product_cat-jewellery","9":"product_tag-tennis-bracelets","10":"pa_choose-gold-18k-rose-gold","11":"pa_choose-gold-18k-white-gold","12":"pa_choose-gold-18k-yellow-gold","14":"first","15":"instock","16":"taxable","17":"shipping-taxable","18":"purchasable","19":"product-type-variable"},"acf":[],"_links":{"self":[{"href":"https:\/\/belgiumdiamonds.be\/fr\/wp-json\/wp\/v2\/product\/6891","targetHints":{"allow":["GET"]}}],"collection":[{"href":"https:\/\/belgiumdiamonds.be\/fr\/wp-json\/wp\/v2\/product"}],"about":[{"href":"https:\/\/belgiumdiamonds.be\/fr\/wp-json\/wp\/v2\/types\/product"}],"replies":[{"embeddable":true,"href":"https:\/\/belgiumdiamonds.be\/fr\/wp-json\/wp\/v2\/comments?post=6891"}],"version-history":[{"count":6,"href":"https:\/\/belgiumdiamonds.be\/fr\/wp-json\/wp\/v2\/product\/6891\/revisions"}],"predecessor-version":[{"id":42841,"href":"https:\/\/belgiumdiamonds.be\/fr\/wp-json\/wp\/v2\/product\/6891\/revisions\/42841"}],"wp:featuredmedia":[{"embeddable":true,"href":"https:\/\/belgiumdiamonds.be\/fr\/wp-json\/wp\/v2\/media\/34193"}],"wp:attachment":[{"href":"https:\/\/belgiumdiamonds.be\/fr\/wp-json\/wp\/v2\/media?parent=6891"}],"wp:term":[{"taxonomy":"product_brand","embeddable":true,"href":"https:\/\/belgiumdiamonds.be\/fr\/wp-json\/wp\/v2\/product_brand?post=6891"},{"taxonomy":"product_cat","embeddable":true,"href":"https:\/\/belgiumdiamonds.be\/fr\/wp-json\/wp\/v2\/product_cat?post=6891"},{"taxonomy":"product_tag","embeddable":true,"href":"https:\/\/belgiumdiamonds.be\/fr\/wp-json\/wp\/v2\/product_tag?post=6891"}],"curies":[{"name":"wp","href":"https:\/\/api.w.org\/{rel}","templated":true}]}}