{"id":6963,"date":"2024-01-14T13:48:14","date_gmt":"2024-01-14T13:48:14","guid":{"rendered":"https:\/\/belgiumdiamond.petpetshopi.shop\/?post_type=product&#038;p=6963"},"modified":"2026-05-09T11:08:26","modified_gmt":"2026-05-09T09:08:26","slug":"9-60ct-black-diamond-tennis-bracelet","status":"publish","type":"product","link":"https:\/\/belgiumdiamonds.be\/fr\/product\/9-60ct-black-diamond-tennis-bracelet\/","title":{"rendered":"9.60 CT. Bracelet tennis en diamant noir en or blanc, jaune, rose ou noir 18k"},"content":{"rendered":"<p>This black diamond tennis bracelet features 45 round certified black diamonds,<br \/>\neach 0.20 ct, set in 18k white, yellow, pink or black gold, with a total carat<br \/>\nweight of 9.60 ct. Handcrafted in Antwerp, Belgium. 100% natural, certified and<br \/>\nconflict-free diamonds. Price: \u20ac3,815.4. Designed to pair perfectly with our 5.30 ct white<br \/>\ndiamond tennis bracelet for a bold stacked look. Free EU shipping included.<\/p>\n<p>21% La TVA sera ajout\u00e9e au prix du panier lorsque la livraison est effectu\u00e9e \u00e0 une adresse europ\u00e9enne.<br \/>\nLe prix comprend les frais d'exp\u00e9dition dans l'UE.<br \/>\nCondition : Nouveau.<br \/>\nFabriqu\u00e9 \u00e0 la main \u00e0 Anvers, en Belgique.<br \/>\n100% diamants naturels, certifi\u00e9s et exempts de conflits.<\/p>","protected":false},"excerpt":{"rendered":"<p>This classic diamond tennis bracelet features 45 round, black diamonds set in a 18k gold bracelet. Each diamond is 0.20 ct. giving this exquisite tennis bracelet a total carat weight of 9.50 ct. This bracelet compliments perfectly Belgium Diamonds 5.30ct. Tennis Bracelet. They are designed to be worn side by side. Available in white, yellow or pink 18k gold. Our price 2950 euro compared to typical high street price of 5500 euro.<\/p>","protected":false},"featured_media":43018,"comment_status":"open","ping_status":"closed","template":"","meta":{"_acf_changed":false},"product_brand":[],"product_cat":[112,111],"product_tag":[113],"class_list":{"0":"post-6963","1":"product","2":"type-product","3":"status-publish","4":"has-post-thumbnail","6":"product_cat-dtb","7":"product_cat-jewellery","8":"product_tag-tennis-bracelets","9":"pa_choose-gold-18k-rose-gold","10":"pa_choose-gold-18k-white-gold","11":"pa_choose-gold-18k-yellow-gold","12":"pa_choose-gold-platinum","14":"first","15":"instock","16":"taxable","17":"shipping-taxable","18":"purchasable","19":"product-type-variable"},"acf":[],"_links":{"self":[{"href":"https:\/\/belgiumdiamonds.be\/fr\/wp-json\/wp\/v2\/product\/6963","targetHints":{"allow":["GET"]}}],"collection":[{"href":"https:\/\/belgiumdiamonds.be\/fr\/wp-json\/wp\/v2\/product"}],"about":[{"href":"https:\/\/belgiumdiamonds.be\/fr\/wp-json\/wp\/v2\/types\/product"}],"replies":[{"embeddable":true,"href":"https:\/\/belgiumdiamonds.be\/fr\/wp-json\/wp\/v2\/comments?post=6963"}],"version-history":[{"count":6,"href":"https:\/\/belgiumdiamonds.be\/fr\/wp-json\/wp\/v2\/product\/6963\/revisions"}],"predecessor-version":[{"id":43053,"href":"https:\/\/belgiumdiamonds.be\/fr\/wp-json\/wp\/v2\/product\/6963\/revisions\/43053"}],"wp:featuredmedia":[{"embeddable":true,"href":"https:\/\/belgiumdiamonds.be\/fr\/wp-json\/wp\/v2\/media\/43018"}],"wp:attachment":[{"href":"https:\/\/belgiumdiamonds.be\/fr\/wp-json\/wp\/v2\/media?parent=6963"}],"wp:term":[{"taxonomy":"product_brand","embeddable":true,"href":"https:\/\/belgiumdiamonds.be\/fr\/wp-json\/wp\/v2\/product_brand?post=6963"},{"taxonomy":"product_cat","embeddable":true,"href":"https:\/\/belgiumdiamonds.be\/fr\/wp-json\/wp\/v2\/product_cat?post=6963"},{"taxonomy":"product_tag","embeddable":true,"href":"https:\/\/belgiumdiamonds.be\/fr\/wp-json\/wp\/v2\/product_tag?post=6963"}],"curies":[{"name":"wp","href":"https:\/\/api.w.org\/{rel}","templated":true}]}}