{"id":6972,"date":"2024-01-14T14:03:11","date_gmt":"2024-01-14T14:03:11","guid":{"rendered":"https:\/\/belgiumdiamond.petpetshopi.shop\/?post_type=product&#038;p=6972"},"modified":"2026-05-08T14:31:16","modified_gmt":"2026-05-08T12:31:16","slug":"3-84ct-vvs-diamond-tennis-bracelet","status":"publish","type":"product","link":"https:\/\/belgiumdiamonds.be\/fr\/product\/3-84ct-vvs-diamond-tennis-bracelet\/","title":{"rendered":"3.84 CT. Bracelet tennis en or blanc, jaune ou rose 18k avec diamants E\/F-VVS"},"content":{"rendered":"<p>This VVS diamond tennis bracelet features 64 round natural diamonds in E\/F<br \/>\ncolour and VVS clarity \u2014 the highest clarity grade available \u2014 each averaging<br \/>\n0.06 ct, set in 18k white, yellow or pink gold, with a total carat weight of<br \/>\n3.84 ct. Handcrafted in Antwerp, Belgium. 100% natural, certified and<br \/>\nconflict-free diamonds. Price: \u20ac5,564.19. Free EU shipping included.<\/p>\n<p>21% La TVA sera ajout\u00e9e au prix du panier lorsque la livraison est effectu\u00e9e \u00e0 une adresse europ\u00e9enne.<br \/>\nLe prix comprend les frais d'exp\u00e9dition dans l'UE.<br \/>\nCondition : Nouveau.<br \/>\nFabriqu\u00e9 \u00e0 la main \u00e0 Anvers, en Belgique.<br \/>\n100% diamants naturels, certifi\u00e9s et exempts de conflits.<\/p>\n<p><strong>* Le poids total en carats peut s'\u00e9carter l\u00e9g\u00e8rement de 3,84 ct.<\/strong><\/p>","protected":false},"excerpt":{"rendered":"<p>Ce bracelet de tennis classique en diamant pr\u00e9sente 64 diamants ronds de couleur E\/F et de puret\u00e9 VVS sertis dans un bracelet en or blanc, jaune ou rose 18 carats. Chaque diamant p\u00e8se 0,06 ct (en moyenne), ce qui donne \u00e0 ce bracelet de tennis exquis un *poids total en carats de 3,84 ct.<\/p>\n<pre><\/pre>","protected":false},"featured_media":43010,"comment_status":"open","ping_status":"closed","template":"","meta":{"_acf_changed":false},"product_brand":[],"product_cat":[112,111],"product_tag":[113],"class_list":{"0":"post-6972","1":"product","2":"type-product","3":"status-publish","4":"has-post-thumbnail","6":"product_cat-dtb","7":"product_cat-jewellery","8":"product_tag-tennis-bracelets","9":"pa_choose-gold-18k-rose-gold","10":"pa_choose-gold-18k-white-gold","11":"pa_choose-gold-18k-yellow-gold","13":"first","14":"instock","15":"taxable","16":"shipping-taxable","17":"purchasable","18":"product-type-variable"},"acf":[],"_links":{"self":[{"href":"https:\/\/belgiumdiamonds.be\/fr\/wp-json\/wp\/v2\/product\/6972","targetHints":{"allow":["GET"]}}],"collection":[{"href":"https:\/\/belgiumdiamonds.be\/fr\/wp-json\/wp\/v2\/product"}],"about":[{"href":"https:\/\/belgiumdiamonds.be\/fr\/wp-json\/wp\/v2\/types\/product"}],"replies":[{"embeddable":true,"href":"https:\/\/belgiumdiamonds.be\/fr\/wp-json\/wp\/v2\/comments?post=6972"}],"version-history":[{"count":4,"href":"https:\/\/belgiumdiamonds.be\/fr\/wp-json\/wp\/v2\/product\/6972\/revisions"}],"predecessor-version":[{"id":43047,"href":"https:\/\/belgiumdiamonds.be\/fr\/wp-json\/wp\/v2\/product\/6972\/revisions\/43047"}],"wp:featuredmedia":[{"embeddable":true,"href":"https:\/\/belgiumdiamonds.be\/fr\/wp-json\/wp\/v2\/media\/43010"}],"wp:attachment":[{"href":"https:\/\/belgiumdiamonds.be\/fr\/wp-json\/wp\/v2\/media?parent=6972"}],"wp:term":[{"taxonomy":"product_brand","embeddable":true,"href":"https:\/\/belgiumdiamonds.be\/fr\/wp-json\/wp\/v2\/product_brand?post=6972"},{"taxonomy":"product_cat","embeddable":true,"href":"https:\/\/belgiumdiamonds.be\/fr\/wp-json\/wp\/v2\/product_cat?post=6972"},{"taxonomy":"product_tag","embeddable":true,"href":"https:\/\/belgiumdiamonds.be\/fr\/wp-json\/wp\/v2\/product_tag?post=6972"}],"curies":[{"name":"wp","href":"https:\/\/api.w.org\/{rel}","templated":true}]}}