{"id":6990,"date":"2024-01-14T14:20:11","date_gmt":"2024-01-14T14:20:11","guid":{"rendered":"https:\/\/belgiumdiamond.petpetshopi.shop\/?post_type=product&#038;p=6990"},"modified":"2026-05-08T14:39:56","modified_gmt":"2026-05-08T12:39:56","slug":"5-30-ct-e-f-vvs-diamond-tennis-bracelet","status":"publish","type":"product","link":"https:\/\/belgiumdiamonds.be\/fr\/product\/5-30-ct-e-f-vvs-diamond-tennis-bracelet\/","title":{"rendered":"5.30 CT. Bracelet de tennis en or blanc, jaune ou rose 18k serti de diamants E\/F-VVS"},"content":{"rendered":"<p>Ce bracelet de tennis classique en diamant \u00e9tincelant pr\u00e9sente 59 diamants ronds de couleur E\/F et de puret\u00e9 VVS sertis dans un bracelet en or blanc, jaune ou rose 18 carats. Chaque diamant p\u00e8se 0,09 ct (en moyenne), ce qui donne \u00e0 ce magnifique bracelet de tennis un poids total en carats de *5,30 ct.<\/p>\n<p>21% La TVA sera ajout\u00e9e au prix du panier lorsque la livraison est effectu\u00e9e \u00e0 une adresse europ\u00e9enne.<br \/>\nLe prix comprend les frais d'exp\u00e9dition dans l'UE.<br \/>\nCondition : Nouveau.<br \/>\nFabriqu\u00e9 \u00e0 la main \u00e0 Anvers, en Belgique.<br \/>\n100% diamants naturels, certifi\u00e9s et exempts de conflits.<\/p>\n<div class=\"description ccm-core-commerce-add-to-cart-product-description\">\n<p><strong>* Le poids total en carats peut s'\u00e9carter l\u00e9g\u00e8rement de 5,30 ct.<\/strong><\/p>\n<\/div>","protected":false},"excerpt":{"rendered":"<p>Ce bracelet de tennis classique en diamant \u00e9tincelant pr\u00e9sente 58 diamants ronds de couleur E\/F et de puret\u00e9 VS\/Top-SI sertis dans un bracelet en or blanc, jaune ou rose 18 carats. Chaque diamant p\u00e8se 0,09 ct (en moyenne), ce qui donne \u00e0 ce magnifique bracelet de tennis un poids total en carats de 5,30 ct.<\/p>\n<p>&nbsp;<\/p>\n<pre><\/pre>","protected":false},"featured_media":43009,"comment_status":"open","ping_status":"closed","template":"","meta":{"_acf_changed":false},"product_brand":[],"product_cat":[112,111],"product_tag":[113],"class_list":{"0":"post-6990","1":"product","2":"type-product","3":"status-publish","4":"has-post-thumbnail","6":"product_cat-dtb","7":"product_cat-jewellery","8":"product_tag-tennis-bracelets","9":"pa_choose-gold-18k-rose-gold","10":"pa_choose-gold-18k-white-gold","11":"pa_choose-gold-18k-yellow-gold","12":"pa_choose-gold-platinum","14":"first","15":"instock","16":"taxable","17":"shipping-taxable","18":"purchasable","19":"product-type-variable"},"acf":[],"_links":{"self":[{"href":"https:\/\/belgiumdiamonds.be\/fr\/wp-json\/wp\/v2\/product\/6990","targetHints":{"allow":["GET"]}}],"collection":[{"href":"https:\/\/belgiumdiamonds.be\/fr\/wp-json\/wp\/v2\/product"}],"about":[{"href":"https:\/\/belgiumdiamonds.be\/fr\/wp-json\/wp\/v2\/types\/product"}],"replies":[{"embeddable":true,"href":"https:\/\/belgiumdiamonds.be\/fr\/wp-json\/wp\/v2\/comments?post=6990"}],"version-history":[{"count":3,"href":"https:\/\/belgiumdiamonds.be\/fr\/wp-json\/wp\/v2\/product\/6990\/revisions"}],"predecessor-version":[{"id":42399,"href":"https:\/\/belgiumdiamonds.be\/fr\/wp-json\/wp\/v2\/product\/6990\/revisions\/42399"}],"wp:featuredmedia":[{"embeddable":true,"href":"https:\/\/belgiumdiamonds.be\/fr\/wp-json\/wp\/v2\/media\/43009"}],"wp:attachment":[{"href":"https:\/\/belgiumdiamonds.be\/fr\/wp-json\/wp\/v2\/media?parent=6990"}],"wp:term":[{"taxonomy":"product_brand","embeddable":true,"href":"https:\/\/belgiumdiamonds.be\/fr\/wp-json\/wp\/v2\/product_brand?post=6990"},{"taxonomy":"product_cat","embeddable":true,"href":"https:\/\/belgiumdiamonds.be\/fr\/wp-json\/wp\/v2\/product_cat?post=6990"},{"taxonomy":"product_tag","embeddable":true,"href":"https:\/\/belgiumdiamonds.be\/fr\/wp-json\/wp\/v2\/product_tag?post=6990"}],"curies":[{"name":"wp","href":"https:\/\/api.w.org\/{rel}","templated":true}]}}