{"id":7018,"date":"2024-01-14T15:56:00","date_gmt":"2024-01-14T15:56:00","guid":{"rendered":"https:\/\/belgiumdiamond.petpetshopi.shop\/?post_type=product&#038;p=7018"},"modified":"2026-05-07T13:05:51","modified_gmt":"2026-05-07T11:05:51","slug":"8-80-ct-e-f-vvs-diamond-tennis-bracelet-in-18k-white-yellow-or-pink-gold","status":"publish","type":"product","link":"https:\/\/belgiumdiamonds.be\/fr\/product\/8-80-ct-e-f-vvs-diamond-tennis-bracelet-in-18k-white-yellow-or-pink-gold\/","title":{"rendered":"8.80 CT. Bracelet tennis en or blanc, jaune ou rose 18k avec diamants E\/F-VVS"},"content":{"rendered":"<p>This ravishing classic diamond tennis bracelet features 44 round, Color E\/F, Clarity VVS diamonds set in a 18k white, yellow or pink gold bracelet. Each diamond is an average of 0.20 ct. giving this special and sparkling tennis bracelet a\u00a0 minimum *total carat weight of 8.80 ct.<\/p>\n<p>21% La TVA sera ajout\u00e9e au prix du panier lorsque la livraison est effectu\u00e9e \u00e0 une adresse europ\u00e9enne.<br \/>\nLe prix comprend les frais d'exp\u00e9dition dans l'UE.<br \/>\nCondition : Nouveau.<br \/>\nFabriqu\u00e9 \u00e0 la main \u00e0 Anvers, en Belgique.<br \/>\n100% diamants naturels, certifi\u00e9s et exempts de conflits.<\/p>\n<p><strong>* Les diamants peuvent s'\u00e9carter l\u00e9g\u00e8rement du poids de 8,80 ct.<\/strong><\/p>","protected":false},"excerpt":{"rendered":"<p>This ravishing classic diamond tennis bracelet features 44 round, Color E\/F, Clarity VVS diamonds set in a 18k white, yellow or pink gold bracelet. Each diamond is an average of 0.20 ct. giving this special and sparkling tennis bracelet a\u00a0 minimum *total carat weight of 8.80 ct.<\/p>","protected":false},"featured_media":43009,"comment_status":"open","ping_status":"closed","template":"","meta":{"_acf_changed":false},"product_brand":[],"product_cat":[112,111],"product_tag":[113],"class_list":{"0":"post-7018","1":"product","2":"type-product","3":"status-publish","4":"has-post-thumbnail","6":"product_cat-dtb","7":"product_cat-jewellery","8":"product_tag-tennis-bracelets","9":"pa_choose-gold-18k-rose-gold","10":"pa_choose-gold-18k-white-gold","11":"pa_choose-gold-18k-yellow-gold","12":"pa_choose-gold-platinum","14":"first","15":"instock","16":"taxable","17":"shipping-taxable","18":"purchasable","19":"product-type-variable"},"acf":[],"_links":{"self":[{"href":"https:\/\/belgiumdiamonds.be\/fr\/wp-json\/wp\/v2\/product\/7018","targetHints":{"allow":["GET"]}}],"collection":[{"href":"https:\/\/belgiumdiamonds.be\/fr\/wp-json\/wp\/v2\/product"}],"about":[{"href":"https:\/\/belgiumdiamonds.be\/fr\/wp-json\/wp\/v2\/types\/product"}],"replies":[{"embeddable":true,"href":"https:\/\/belgiumdiamonds.be\/fr\/wp-json\/wp\/v2\/comments?post=7018"}],"version-history":[{"count":2,"href":"https:\/\/belgiumdiamonds.be\/fr\/wp-json\/wp\/v2\/product\/7018\/revisions"}],"predecessor-version":[{"id":42395,"href":"https:\/\/belgiumdiamonds.be\/fr\/wp-json\/wp\/v2\/product\/7018\/revisions\/42395"}],"wp:featuredmedia":[{"embeddable":true,"href":"https:\/\/belgiumdiamonds.be\/fr\/wp-json\/wp\/v2\/media\/43009"}],"wp:attachment":[{"href":"https:\/\/belgiumdiamonds.be\/fr\/wp-json\/wp\/v2\/media?parent=7018"}],"wp:term":[{"taxonomy":"product_brand","embeddable":true,"href":"https:\/\/belgiumdiamonds.be\/fr\/wp-json\/wp\/v2\/product_brand?post=7018"},{"taxonomy":"product_cat","embeddable":true,"href":"https:\/\/belgiumdiamonds.be\/fr\/wp-json\/wp\/v2\/product_cat?post=7018"},{"taxonomy":"product_tag","embeddable":true,"href":"https:\/\/belgiumdiamonds.be\/fr\/wp-json\/wp\/v2\/product_tag?post=7018"}],"curies":[{"name":"wp","href":"https:\/\/api.w.org\/{rel}","templated":true}]}}