{"id":7022,"date":"2024-01-14T15:58:57","date_gmt":"2024-01-14T15:58:57","guid":{"rendered":"https:\/\/belgiumdiamond.petpetshopi.shop\/?post_type=product&#038;p=7022"},"modified":"2026-05-08T13:32:28","modified_gmt":"2026-05-08T11:32:28","slug":"11-ct-e-f-vs-si-diamond-tennis-bracelet","status":"publish","type":"product","link":"https:\/\/belgiumdiamonds.be\/fr\/product\/11-ct-e-f-vs-si-diamond-tennis-bracelet\/","title":{"rendered":"11.00 ct E\/F-VS\/SI Diamond Tennis Bracelet in 18k Gold"},"content":{"rendered":"<p class=\"ai-optimize-16 ai-optimize-introduction\">This 11.00 ct E\/F-VS\/SI Diamond Bracelet in 18k White, Yellow, Pink Gold ravishing classic diamond tennis bracelet features 44 round, Color E\/F, Clarity VS-SI Natural Diamonds set in an 18k white, yellow or pink Gold bracelet. Each diamond has an average weight of 0.25 ct. giving this special and sparkling tennis bracelet a *total carat weight of 11.00 ct.<\/p>\n<p>21% La TVA sera ajout\u00e9e au prix du panier lorsque la livraison est effectu\u00e9e \u00e0 une adresse europ\u00e9enne.<br \/>\nLe prix comprend les frais d'exp\u00e9dition dans l'UE.<br \/>\nCondition : Nouveau.<br \/>\nFabriqu\u00e9 \u00e0 la main \u00e0 Anvers, en Belgique.<br \/>\n100% diamants naturels, certifi\u00e9s et exempts de conflits, non trait\u00e9s.<\/p>\n<p class=\"ai-optimize-17\"><strong>* Les diamants peuvent s'\u00e9carter l\u00e9g\u00e8rement du poids de 11,00 ct.<\/strong><\/p>\n<p>This diamond tennis bracelet features 44 round natural diamonds in E\/F colour<br \/>\nand VS\/Top-SI clarity, each weighing an average of 0.25 ct, set in 18k white,<br \/>\nyellow or pink gold. Handcrafted in Antwerp, Belgium, with a total carat weight<br \/>\nof 11.00 ct. All diamonds are 100% natural, certified and conflict-free.<br \/>\nPrice: \u20ac18,176.32. Free EU shipping included.<\/p>","protected":false},"excerpt":{"rendered":"<p>Ce ravissant bracelet de tennis classique en diamant pr\u00e9sente 44 diamants ronds de couleur E\/F et de puret\u00e9 VS-TopSI sertis dans un bracelet en or blanc, jaune ou rose 18 carats. Chaque diamant p\u00e8se en moyenne 0,25 ct., ce qui donne \u00e0 ce bracelet de tennis sp\u00e9cial et \u00e9tincelant un *poids total en carats de 11,00 ct.<\/p>","protected":false},"featured_media":43009,"comment_status":"open","ping_status":"closed","template":"","meta":{"_acf_changed":false},"product_brand":[],"product_cat":[112,111],"product_tag":[113],"class_list":{"0":"post-7022","1":"product","2":"type-product","3":"status-publish","4":"has-post-thumbnail","6":"product_cat-dtb","7":"product_cat-jewellery","8":"product_tag-tennis-bracelets","9":"pa_choose-gold-18k-rose-gold","10":"pa_choose-gold-18k-white-gold","11":"pa_choose-gold-18k-yellow-gold","12":"pa_choose-gold-platinum","14":"first","15":"instock","16":"taxable","17":"shipping-taxable","18":"purchasable","19":"product-type-variable"},"acf":[],"_links":{"self":[{"href":"https:\/\/belgiumdiamonds.be\/fr\/wp-json\/wp\/v2\/product\/7022","targetHints":{"allow":["GET"]}}],"collection":[{"href":"https:\/\/belgiumdiamonds.be\/fr\/wp-json\/wp\/v2\/product"}],"about":[{"href":"https:\/\/belgiumdiamonds.be\/fr\/wp-json\/wp\/v2\/types\/product"}],"replies":[{"embeddable":true,"href":"https:\/\/belgiumdiamonds.be\/fr\/wp-json\/wp\/v2\/comments?post=7022"}],"version-history":[{"count":8,"href":"https:\/\/belgiumdiamonds.be\/fr\/wp-json\/wp\/v2\/product\/7022\/revisions"}],"predecessor-version":[{"id":43039,"href":"https:\/\/belgiumdiamonds.be\/fr\/wp-json\/wp\/v2\/product\/7022\/revisions\/43039"}],"wp:featuredmedia":[{"embeddable":true,"href":"https:\/\/belgiumdiamonds.be\/fr\/wp-json\/wp\/v2\/media\/43009"}],"wp:attachment":[{"href":"https:\/\/belgiumdiamonds.be\/fr\/wp-json\/wp\/v2\/media?parent=7022"}],"wp:term":[{"taxonomy":"product_brand","embeddable":true,"href":"https:\/\/belgiumdiamonds.be\/fr\/wp-json\/wp\/v2\/product_brand?post=7022"},{"taxonomy":"product_cat","embeddable":true,"href":"https:\/\/belgiumdiamonds.be\/fr\/wp-json\/wp\/v2\/product_cat?post=7022"},{"taxonomy":"product_tag","embeddable":true,"href":"https:\/\/belgiumdiamonds.be\/fr\/wp-json\/wp\/v2\/product_tag?post=7022"}],"curies":[{"name":"wp","href":"https:\/\/api.w.org\/{rel}","templated":true}]}}