{"id":7184,"date":"2024-01-14T16:43:43","date_gmt":"2024-01-14T16:43:43","guid":{"rendered":"https:\/\/belgiumdiamond.petpetshopi.shop\/?post_type=product&#038;p=7184"},"modified":"2026-04-27T11:40:12","modified_gmt":"2026-04-27T09:40:12","slug":"e-f-vvs-classic-fullset-eternity-ring-2-52ct","status":"publish","type":"product","link":"https:\/\/belgiumdiamonds.be\/fr\/product\/e-f-vvs-classic-fullset-eternity-ring-2-52ct\/","title":{"rendered":"E\/F VVS Classic Fullset Eternity Ring 2.52CT"},"content":{"rendered":"<p class=\"ai-optimize-16 ai-optimize-introduction\">Classic E\/F VVS Fullset Eternity Ring 2.52CTDiamond Eternity Ring in 18k gold or platinum. This beautiful eternity\/alliance ring is set with 18 x 0.14 ct round brilliant diamonds giving the total carat weight of minimum 2.52 ct. color E\/F, clarity VVS<\/p>\n<p class=\"ai-optimize-17\">21% La TVA sera ajout\u00e9e au prix du panier lorsque la livraison est effectu\u00e9e \u00e0 une adresse europ\u00e9enne.<br \/>\nLe prix comprend les frais d'exp\u00e9dition dans l'UE.<br \/>\nCondition : Nouveau<br \/>\nFabriqu\u00e9 \u00e0 la main \u00e0 Anvers, en Belgique.<br \/>\nCe bijou est certifi\u00e9 par le gemmologue agr\u00e9\u00e9 de Belgium Diamond et peut, sur demande, \u00eatre certifi\u00e9 par les laboratoires de certification HRD ou IGI.<\/p>","protected":false},"excerpt":{"rendered":"<p>Bague classique de 2,52 ct. Bague d'\u00e9ternit\u00e9 en or 18 carats ou en platine. Cette magnifique bague d'alliance\/\u00e9ternit\u00e9 est sertie de 18 diamants ronds de 0,14 ct pour un poids total de 2,52 ct. couleur E\/F, puret\u00e9 VVS.<\/p>","protected":false},"featured_media":11852,"comment_status":"open","ping_status":"closed","template":"","meta":{"_acf_changed":false},"product_brand":[],"product_cat":[114],"product_tag":[],"class_list":{"0":"post-7184","1":"product","2":"type-product","3":"status-publish","4":"has-post-thumbnail","6":"product_cat-wedding-eternity-bands","8":"first","9":"instock","10":"taxable","11":"shipping-taxable","12":"purchasable","13":"product-type-variable"},"acf":[],"_links":{"self":[{"href":"https:\/\/belgiumdiamonds.be\/fr\/wp-json\/wp\/v2\/product\/7184","targetHints":{"allow":["GET"]}}],"collection":[{"href":"https:\/\/belgiumdiamonds.be\/fr\/wp-json\/wp\/v2\/product"}],"about":[{"href":"https:\/\/belgiumdiamonds.be\/fr\/wp-json\/wp\/v2\/types\/product"}],"replies":[{"embeddable":true,"href":"https:\/\/belgiumdiamonds.be\/fr\/wp-json\/wp\/v2\/comments?post=7184"}],"version-history":[{"count":3,"href":"https:\/\/belgiumdiamonds.be\/fr\/wp-json\/wp\/v2\/product\/7184\/revisions"}],"predecessor-version":[{"id":42782,"href":"https:\/\/belgiumdiamonds.be\/fr\/wp-json\/wp\/v2\/product\/7184\/revisions\/42782"}],"wp:featuredmedia":[{"embeddable":true,"href":"https:\/\/belgiumdiamonds.be\/fr\/wp-json\/wp\/v2\/media\/11852"}],"wp:attachment":[{"href":"https:\/\/belgiumdiamonds.be\/fr\/wp-json\/wp\/v2\/media?parent=7184"}],"wp:term":[{"taxonomy":"product_brand","embeddable":true,"href":"https:\/\/belgiumdiamonds.be\/fr\/wp-json\/wp\/v2\/product_brand?post=7184"},{"taxonomy":"product_cat","embeddable":true,"href":"https:\/\/belgiumdiamonds.be\/fr\/wp-json\/wp\/v2\/product_cat?post=7184"},{"taxonomy":"product_tag","embeddable":true,"href":"https:\/\/belgiumdiamonds.be\/fr\/wp-json\/wp\/v2\/product_tag?post=7184"}],"curies":[{"name":"wp","href":"https:\/\/api.w.org\/{rel}","templated":true}]}}