{"id":8563,"date":"2024-01-24T15:03:43","date_gmt":"2024-01-24T15:03:43","guid":{"rendered":"https:\/\/belgiumdiamond.petpetshopi.shop\/?post_type=product&#038;p=8563"},"modified":"2026-05-02T10:31:25","modified_gmt":"2026-05-02T08:31:25","slug":"15-3-ct-e-f-vs-si-diamond-tennis-necklace","status":"publish","type":"product","link":"https:\/\/belgiumdiamonds.be\/fr\/product\/15-3-ct-e-f-vs-si-diamond-tennis-necklace\/","title":{"rendered":"15.30 CT. E\/F-VS\/SI Diamond Tennis Necklace in 18k Gold"},"content":{"rendered":"<p>Ce ravissant collier de tennis classique en diamant pr\u00e9sente 117 diamants ronds de couleur E\/F et de puret\u00e9 VS\/TOP-SI (parfaitement propres \u00e0 l'\u0153il) sertis dans un bracelet en or blanc, jaune ou rose 18 carats. Chaque diamant p\u00e8se en moyenne plus de 0,13 ct, ce qui donne \u00e0 ce collier de tennis sp\u00e9cial et \u00e9tincelant un *poids total en carats de 15,30 ct.<\/p>\n<p>Le prix comprend les frais d'exp\u00e9dition dans l'UE.<br \/>\nCondition : Nouveau.<br \/>\nFabriqu\u00e9 \u00e0 la main \u00e0 Anvers, en Belgique.<br \/>\n100% diamants naturels, certifi\u00e9s et exempts de conflits.<\/p>\n<p><strong>* Les diamants peuvent s'\u00e9carter l\u00e9g\u00e8rement du poids de 15,30 ct.<\/strong><\/p>","protected":false},"excerpt":{"rendered":"<p>Ce ravissant collier de tennis classique en diamant pr\u00e9sente 117 diamants ronds de couleur E\/F et de puret\u00e9 VS\/TOP-SI (parfaitement propres \u00e0 l'\u0153il) sertis dans un bracelet en or blanc, jaune ou rose 18 carats. Chaque diamant p\u00e8se en moyenne plus de 0,13 ct, ce qui donne \u00e0 ce collier de tennis sp\u00e9cial et \u00e9tincelant un *poids total en carats de 15,30 ct.<\/p>","protected":false},"featured_media":34275,"comment_status":"open","ping_status":"closed","template":"","meta":{"_acf_changed":false},"product_brand":[],"product_cat":[117],"product_tag":[118],"class_list":{"0":"post-8563","1":"product","2":"type-product","3":"status-publish","4":"has-post-thumbnail","6":"product_cat-diamond-tennis-necklaces","7":"product_tag-tennis-necklace","8":"pa_choose-gold-18k-rose-gold","9":"pa_choose-gold-18k-white-gold","10":"pa_choose-gold-18k-yellow-gold","11":"pa_choose-gold-platinum","13":"first","14":"instock","15":"taxable","16":"shipping-taxable","17":"purchasable","18":"product-type-variable"},"acf":[],"_links":{"self":[{"href":"https:\/\/belgiumdiamonds.be\/fr\/wp-json\/wp\/v2\/product\/8563","targetHints":{"allow":["GET"]}}],"collection":[{"href":"https:\/\/belgiumdiamonds.be\/fr\/wp-json\/wp\/v2\/product"}],"about":[{"href":"https:\/\/belgiumdiamonds.be\/fr\/wp-json\/wp\/v2\/types\/product"}],"replies":[{"embeddable":true,"href":"https:\/\/belgiumdiamonds.be\/fr\/wp-json\/wp\/v2\/comments?post=8563"}],"version-history":[{"count":4,"href":"https:\/\/belgiumdiamonds.be\/fr\/wp-json\/wp\/v2\/product\/8563\/revisions"}],"predecessor-version":[{"id":42838,"href":"https:\/\/belgiumdiamonds.be\/fr\/wp-json\/wp\/v2\/product\/8563\/revisions\/42838"}],"wp:featuredmedia":[{"embeddable":true,"href":"https:\/\/belgiumdiamonds.be\/fr\/wp-json\/wp\/v2\/media\/34275"}],"wp:attachment":[{"href":"https:\/\/belgiumdiamonds.be\/fr\/wp-json\/wp\/v2\/media?parent=8563"}],"wp:term":[{"taxonomy":"product_brand","embeddable":true,"href":"https:\/\/belgiumdiamonds.be\/fr\/wp-json\/wp\/v2\/product_brand?post=8563"},{"taxonomy":"product_cat","embeddable":true,"href":"https:\/\/belgiumdiamonds.be\/fr\/wp-json\/wp\/v2\/product_cat?post=8563"},{"taxonomy":"product_tag","embeddable":true,"href":"https:\/\/belgiumdiamonds.be\/fr\/wp-json\/wp\/v2\/product_tag?post=8563"}],"curies":[{"name":"wp","href":"https:\/\/api.w.org\/{rel}","templated":true}]}}