{"id":8572,"date":"2024-01-24T15:07:56","date_gmt":"2024-01-24T15:07:56","guid":{"rendered":"https:\/\/belgiumdiamond.petpetshopi.shop\/?post_type=product&#038;p=8572"},"modified":"2026-04-30T13:18:55","modified_gmt":"2026-04-30T11:18:55","slug":"11-60-ct-diamond-tennis-necklace","status":"publish","type":"product","link":"https:\/\/belgiumdiamonds.be\/fr\/product\/11-60-ct-diamond-tennis-necklace\/","title":{"rendered":"11.60 CT. E\/F-VS\/SI Diamond Tennis Necklace"},"content":{"rendered":"<p>This ravishing 11.60 CT. E\/F-VS\/SI Diamond Tennis Necklace in 18k White, Yellow or Pink Gold features 128 round, Color E\/F, Clarity VS\/TOP-SI (perfectly eye clean) diamonds set in a 18k white, yellow or pink gold bracelet. Each diamond is an average of 0.09 ct. giving this special and sparkling tennis neckalce a *total carat weight of 11.60 ct.<\/p>\n<p>Le prix comprend les frais d'exp\u00e9dition dans l'UE.<br \/>\nCondition : Nouveau.<br \/>\nFabriqu\u00e9 \u00e0 la main \u00e0 Anvers, en Belgique.<br \/>\n100% diamants naturels, certifi\u00e9s et exempts de conflits.<\/p>\n<p><strong>* Les diamants peuvent s'\u00e9carter l\u00e9g\u00e8rement du poids de 11,60 ct.<\/strong><\/p>","protected":false},"excerpt":{"rendered":"<p>Ce ravissant collier de tennis en diamant classique comprend 128 diamants ronds de couleur E\/F et de puret\u00e9 VS\/TOP-SI (parfaitement propres \u00e0 l'\u0153il) sertis dans un bracelet en or blanc, jaune ou rose 18 carats. Chaque diamant p\u00e8se en moyenne 0,09 ct., ce qui donne \u00e0 ce collier de tennis sp\u00e9cial et \u00e9tincelant un *poids total en carats de 11,60 ct.<\/p>","protected":false},"featured_media":34268,"comment_status":"open","ping_status":"closed","template":"","meta":{"_acf_changed":false},"product_brand":[],"product_cat":[117],"product_tag":[118],"class_list":{"0":"post-8572","1":"product","2":"type-product","3":"status-publish","4":"has-post-thumbnail","6":"product_cat-diamond-tennis-necklaces","7":"product_tag-tennis-necklace","8":"pa_choose-gold-18k-rose-gold","9":"pa_choose-gold-18k-white-gold","10":"pa_choose-gold-18k-yellow-gold","12":"first","13":"instock","14":"taxable","15":"shipping-taxable","16":"purchasable","17":"product-type-variable"},"acf":[],"_links":{"self":[{"href":"https:\/\/belgiumdiamonds.be\/fr\/wp-json\/wp\/v2\/product\/8572","targetHints":{"allow":["GET"]}}],"collection":[{"href":"https:\/\/belgiumdiamonds.be\/fr\/wp-json\/wp\/v2\/product"}],"about":[{"href":"https:\/\/belgiumdiamonds.be\/fr\/wp-json\/wp\/v2\/types\/product"}],"replies":[{"embeddable":true,"href":"https:\/\/belgiumdiamonds.be\/fr\/wp-json\/wp\/v2\/comments?post=8572"}],"version-history":[{"count":6,"href":"https:\/\/belgiumdiamonds.be\/fr\/wp-json\/wp\/v2\/product\/8572\/revisions"}],"predecessor-version":[{"id":42826,"href":"https:\/\/belgiumdiamonds.be\/fr\/wp-json\/wp\/v2\/product\/8572\/revisions\/42826"}],"wp:featuredmedia":[{"embeddable":true,"href":"https:\/\/belgiumdiamonds.be\/fr\/wp-json\/wp\/v2\/media\/34268"}],"wp:attachment":[{"href":"https:\/\/belgiumdiamonds.be\/fr\/wp-json\/wp\/v2\/media?parent=8572"}],"wp:term":[{"taxonomy":"product_brand","embeddable":true,"href":"https:\/\/belgiumdiamonds.be\/fr\/wp-json\/wp\/v2\/product_brand?post=8572"},{"taxonomy":"product_cat","embeddable":true,"href":"https:\/\/belgiumdiamonds.be\/fr\/wp-json\/wp\/v2\/product_cat?post=8572"},{"taxonomy":"product_tag","embeddable":true,"href":"https:\/\/belgiumdiamonds.be\/fr\/wp-json\/wp\/v2\/product_tag?post=8572"}],"curies":[{"name":"wp","href":"https:\/\/api.w.org\/{rel}","templated":true}]}}