{"id":8652,"date":"2024-01-25T21:56:59","date_gmt":"2024-01-25T21:56:59","guid":{"rendered":"https:\/\/belgiumdiamond.petpetshopi.shop\/?post_type=product&#038;p=8652"},"modified":"2026-04-30T13:16:22","modified_gmt":"2026-04-30T11:16:22","slug":"cushion-cut-halo-solitaire-ring","status":"publish","type":"product","link":"https:\/\/belgiumdiamonds.be\/fr\/product\/cushion-cut-halo-solitaire-ring\/","title":{"rendered":"Cushion Cut Halo Solitaire Ring"},"content":{"rendered":"<p>Cushion Cut Halo Solitaire Ring is an elegant ring designed for maximum brilliance and sparkle. This exquisite diamond ring can serve as an engagement ring or as a beautiful anniversary ring.<\/p>\n<p><strong>Informations sur le diamant Halo :<\/strong><br \/>\nClosely spaced Natural brilliant cut diamonds are designed to enhance the center stone.<br \/>\nMinimum number of diamonds: 25-30 pcs.<br \/>\nMinimum carat total weight: 0.30-0.35 Cts.<br \/>\nCouleur moyenne : F<br \/>\nClart\u00e9 moyenne : VVS<br \/>\nCan be set with a 0.30 \u2013 5 ct center diamond.<\/p>\n<p>La TVA sera ajout\u00e9e au prix du panier pour les envois \u00e0 destination de l'Union europ\u00e9enne.<br \/>\nLe prix comprend les frais d'exp\u00e9dition dans l'UE.<br \/>\nPrice includes mounting of diamonds in setting, excluding the center stone.<br \/>\nCondition : Nouveau.<br \/>\nFabriqu\u00e9 \u00e0 Anvers, Belgique.<\/p>\n<p><strong>* Le poids total en carats peut s'\u00e9carter l\u00e9g\u00e8rement du poids en carats indiqu\u00e9 en fonction de la taille du diamant central et de la taille de la bague.<\/strong><\/p>","protected":false},"excerpt":{"rendered":"<p>Sparkle with elegance &#8211; Cushion Cut Halo Solitaire Ring. Perfect for engagement or anniversary. Crafted in Antwerp, Belgium.<\/p>","protected":false},"featured_media":33676,"comment_status":"open","ping_status":"closed","template":"","meta":{"_acf_changed":false},"product_brand":[],"product_cat":[120,123],"product_tag":[],"class_list":{"0":"post-8652","1":"product","2":"type-product","3":"status-publish","4":"has-post-thumbnail","6":"product_cat-halo-side-stone-rings","7":"product_cat-solitaire-rings","8":"pa_choose-gold-18k-rose-gold","9":"pa_choose-gold-18k-white-gold","10":"pa_choose-gold-18k-yellow-gold","11":"pa_choose-gold-platinum","12":"pa_size-405","13":"pa_size-404","14":"pa_size-403","15":"pa_size-402","16":"pa_size-401","17":"pa_size-400","18":"pa_size-399","19":"pa_size-398","20":"pa_size-397","21":"pa_size-396","22":"pa_size-395","23":"pa_size-394","24":"pa_size-393","25":"pa_size-392","26":"pa_size-391","27":"pa_size-390","28":"pa_size-389","30":"first","31":"instock","32":"taxable","33":"shipping-taxable","34":"purchasable","35":"product-type-variable"},"acf":[],"_links":{"self":[{"href":"https:\/\/belgiumdiamonds.be\/fr\/wp-json\/wp\/v2\/product\/8652","targetHints":{"allow":["GET"]}}],"collection":[{"href":"https:\/\/belgiumdiamonds.be\/fr\/wp-json\/wp\/v2\/product"}],"about":[{"href":"https:\/\/belgiumdiamonds.be\/fr\/wp-json\/wp\/v2\/types\/product"}],"replies":[{"embeddable":true,"href":"https:\/\/belgiumdiamonds.be\/fr\/wp-json\/wp\/v2\/comments?post=8652"}],"version-history":[{"count":3,"href":"https:\/\/belgiumdiamonds.be\/fr\/wp-json\/wp\/v2\/product\/8652\/revisions"}],"predecessor-version":[{"id":42823,"href":"https:\/\/belgiumdiamonds.be\/fr\/wp-json\/wp\/v2\/product\/8652\/revisions\/42823"}],"wp:featuredmedia":[{"embeddable":true,"href":"https:\/\/belgiumdiamonds.be\/fr\/wp-json\/wp\/v2\/media\/33676"}],"wp:attachment":[{"href":"https:\/\/belgiumdiamonds.be\/fr\/wp-json\/wp\/v2\/media?parent=8652"}],"wp:term":[{"taxonomy":"product_brand","embeddable":true,"href":"https:\/\/belgiumdiamonds.be\/fr\/wp-json\/wp\/v2\/product_brand?post=8652"},{"taxonomy":"product_cat","embeddable":true,"href":"https:\/\/belgiumdiamonds.be\/fr\/wp-json\/wp\/v2\/product_cat?post=8652"},{"taxonomy":"product_tag","embeddable":true,"href":"https:\/\/belgiumdiamonds.be\/fr\/wp-json\/wp\/v2\/product_tag?post=8652"}],"curies":[{"name":"wp","href":"https:\/\/api.w.org\/{rel}","templated":true}]}}