{"id":8852,"date":"2024-01-26T12:28:31","date_gmt":"2024-01-26T12:28:31","guid":{"rendered":"https:\/\/belgiumdiamond.petpetshopi.shop\/?post_type=product&#038;p=8852"},"modified":"2026-05-11T13:16:53","modified_gmt":"2026-05-11T11:16:53","slug":"split-shank-round-halo-ring","status":"publish","type":"product","link":"https:\/\/belgiumdiamonds.be\/fr\/product\/split-shank-round-halo-ring\/","title":{"rendered":"Split Shank Round Halo Side Stone Ring"},"content":{"rendered":"<p>Belgium Diamonds Split Shank Round Halo Side Stone Ring is an elegant ring designed for maximum brilliance and sparkle. This exquisite diamond ring can serve as your engagement ring or as a beautiful anniversary ring.<\/p>\n<p><strong>Informations sur le diamant Halo :<\/strong><br \/>\nDes diamants naturels de taille brillante, \u00e9troitement espac\u00e9s, sont con\u00e7us pour mettre en valeur la pierre centrale.<br \/>\nNombre minimum de diamants : 60-70 pi\u00e8ces.<br \/>\nPoids total minimum : 0,20-0,30 carats.<br \/>\nCouleur moyenne : F<br \/>\nClart\u00e9 moyenne : VVS<br \/>\nPeut \u00eatre serti d'un diamant central de 0,50 \u00e0 5 ct.<\/p>\n<p>La TVA sera ajout\u00e9e au prix dans le panier lorsque la livraison est effectu\u00e9e \u00e0 une adresse dans l'UE.<br \/>\nLe prix comprend les frais d'exp\u00e9dition dans l'UE.<br \/>\nLe prix comprend les diamants de la monture, \u00e0 l'exclusion de la pierre centrale.<br \/>\nCondition : Nouveau.<br \/>\nFabriqu\u00e9 \u00e0 Anvers, Belgique.<\/p>\n<p><strong>* Le poids total en carats peut s'\u00e9carter l\u00e9g\u00e8rement du poids en carats indiqu\u00e9 en fonction de la taille du diamant central et de la taille de la bague.<\/strong><\/p>","protected":false},"excerpt":{"rendered":"<p>This split shank round halo ring is a breathtaking engagement ring designed<br \/>\nfor maximum brilliance and sparkle, featuring a round brilliant centre diamond<br \/>\nsurrounded by a stunning halo of 60 to 70 closely spaced natural diamonds in<br \/>\nF colour and VVS clarity \u2014 all included in the price. The split shank round<br \/>\nhalo ring features the most diamond coverage of all our halo rings, with<br \/>\n60\u201370 halo stones vs 25\u201340 on other settings, making it the most dazzling<br \/>\noption in our halo collection. Can be set with any round brilliant diamond<br \/>\nfrom 0.50 ct to 5 ct. Available in 18k white, yellow or pink gold or platinum,<br \/>\nhandcrafted in Antwerp, Belgium, by expert craftsmen with over 55 years of<br \/>\nexperience. Setting price: \u20ac1,040 to \u20ac1,190 depending on gold choice. Centre<br \/>\ndiamond not included \u2014 choose your certified diamond from thousands of GIA,<br \/>\nIGI and HRD certified stones. Free EU shipping included.<\/p>","protected":false},"featured_media":33761,"comment_status":"open","ping_status":"closed","template":"","meta":{"_acf_changed":false},"product_brand":[],"product_cat":[120,123],"product_tag":[],"class_list":{"0":"post-8852","1":"product","2":"type-product","3":"status-publish","4":"has-post-thumbnail","6":"product_cat-halo-side-stone-rings","7":"product_cat-solitaire-rings","8":"pa_choose-gold-18k-rose-gold","9":"pa_choose-gold-18k-white-gold","10":"pa_choose-gold-18k-yellow-gold","11":"pa_choose-gold-platinum","12":"pa_size-405","13":"pa_size-404","14":"pa_size-403","15":"pa_size-402","16":"pa_size-401","17":"pa_size-400","18":"pa_size-399","19":"pa_size-398","20":"pa_size-397","21":"pa_size-396","22":"pa_size-395","23":"pa_size-394","24":"pa_size-393","25":"pa_size-392","26":"pa_size-391","27":"pa_size-390","28":"pa_size-389","30":"first","31":"instock","32":"taxable","33":"shipping-taxable","34":"purchasable","35":"product-type-variable"},"acf":[],"_links":{"self":[{"href":"https:\/\/belgiumdiamonds.be\/fr\/wp-json\/wp\/v2\/product\/8852","targetHints":{"allow":["GET"]}}],"collection":[{"href":"https:\/\/belgiumdiamonds.be\/fr\/wp-json\/wp\/v2\/product"}],"about":[{"href":"https:\/\/belgiumdiamonds.be\/fr\/wp-json\/wp\/v2\/types\/product"}],"replies":[{"embeddable":true,"href":"https:\/\/belgiumdiamonds.be\/fr\/wp-json\/wp\/v2\/comments?post=8852"}],"version-history":[{"count":4,"href":"https:\/\/belgiumdiamonds.be\/fr\/wp-json\/wp\/v2\/product\/8852\/revisions"}],"predecessor-version":[{"id":43095,"href":"https:\/\/belgiumdiamonds.be\/fr\/wp-json\/wp\/v2\/product\/8852\/revisions\/43095"}],"wp:featuredmedia":[{"embeddable":true,"href":"https:\/\/belgiumdiamonds.be\/fr\/wp-json\/wp\/v2\/media\/33761"}],"wp:attachment":[{"href":"https:\/\/belgiumdiamonds.be\/fr\/wp-json\/wp\/v2\/media?parent=8852"}],"wp:term":[{"taxonomy":"product_brand","embeddable":true,"href":"https:\/\/belgiumdiamonds.be\/fr\/wp-json\/wp\/v2\/product_brand?post=8852"},{"taxonomy":"product_cat","embeddable":true,"href":"https:\/\/belgiumdiamonds.be\/fr\/wp-json\/wp\/v2\/product_cat?post=8852"},{"taxonomy":"product_tag","embeddable":true,"href":"https:\/\/belgiumdiamonds.be\/fr\/wp-json\/wp\/v2\/product_tag?post=8852"}],"curies":[{"name":"wp","href":"https:\/\/api.w.org\/{rel}","templated":true}]}}