{"id":9315,"date":"2024-01-27T12:45:27","date_gmt":"2024-01-27T12:45:27","guid":{"rendered":"https:\/\/belgiumdiamond.petpetshopi.shop\/?post_type=product&#038;p=9315"},"modified":"2026-05-11T13:56:22","modified_gmt":"2026-05-11T11:56:22","slug":"emerald-cut-side-stone-solitaire-ring","status":"publish","type":"product","link":"https:\/\/belgiumdiamonds.be\/fr\/product\/emerald-cut-side-stone-solitaire-ring\/","title":{"rendered":"Emerald Side Stone Solitaire Ring"},"content":{"rendered":"<p>This exquisite diamond Emerald Side Stone Solitaire Ring is Designed for maximum brilliance and sparkle and can serve as an engagement ring as well as a beautiful anniversary ring.<\/p>\n<p><strong>Informations sur la bague \u00e0 diamant pav\u00e9 :<\/strong><br \/>\nDiamants naturels de taille brillante \u00e9troitement espac\u00e9s, con\u00e7us pour mettre en valeur la pierre centrale.<br \/>\nNombre de diamants : 15-25 pi\u00e8ces.<br \/>\nPoids total en carats : 0,20-0,30 cts.<br \/>\nCouleur moyenne : F<br \/>\nClart\u00e9 moyenne : VVS<br \/>\nPeut \u00eatre serti d'un diamant central de 0,50 \u00e0 5 ct de taille \u00e9meraude.<\/p>\n<p>La TVA sera ajout\u00e9e au prix du panier en cas d'exp\u00e9dition dans l'UE.<br \/>\nLe prix comprend les frais d'exp\u00e9dition dans l'UE.<br \/>\nLe prix comprend les diamants de la monture, \u00e0 l'exception de la pierre centrale.<br \/>\nCondition : Nouveau.<br \/>\nFabriqu\u00e9 \u00e0 Anvers, Belgique.<\/p>\n<p><strong>* Le poids total en carats peut s'\u00e9carter l\u00e9g\u00e8rement du poids en carats indiqu\u00e9 en fonction de la taille du diamant central et de la taille de la bague.<\/strong><\/p>","protected":false},"excerpt":{"rendered":"<p>This emerald cut side stone solitaire ring is an elegant and sophisticated<br \/>\nsetting designed to perfectly showcase the clean lines and step-cut facets<br \/>\nof an emerald cut centre diamond. The emerald cut side stone solitaire ring<br \/>\nfeatures 15 to 25 closely spaced natural round brilliant pav\u00e9 diamonds in<br \/>\nF colour and VVS clarity set along the band shoulders \u2014 all included in the<br \/>\nprice \u2014 adding continuous sparkle that beautifully frames the centre stone.<br \/>\nCan be set with any emerald cut diamond from 0.50 ct to 5 ct. Available in<br \/>\n18k white, yellow or pink gold or platinum, handcrafted in Antwerp, Belgium,<br \/>\nby expert craftsmen with over 55 years of experience. Setting price: \u20ac840 to<br \/>\n\u20ac990 depending on gold choice. Centre diamond not included \u2014 choose your<br \/>\ncertified diamond from thousands of GIA, IGI and HRD certified stones.<br \/>\nFree EU shipping included.<\/p>","protected":false},"featured_media":33628,"comment_status":"open","ping_status":"closed","template":"","meta":{"_acf_changed":false},"product_brand":[],"product_cat":[120,123],"product_tag":[],"class_list":{"0":"post-9315","1":"product","2":"type-product","3":"status-publish","4":"has-post-thumbnail","6":"product_cat-halo-side-stone-rings","7":"product_cat-solitaire-rings","8":"pa_choose-gold-18k-rose-gold","9":"pa_choose-gold-18k-white-gold","10":"pa_choose-gold-18k-yellow-gold","11":"pa_choose-gold-platinum","12":"pa_size-405","13":"pa_size-404","14":"pa_size-403","15":"pa_size-402","16":"pa_size-401","17":"pa_size-400","18":"pa_size-399","19":"pa_size-398","20":"pa_size-397","21":"pa_size-396","22":"pa_size-395","23":"pa_size-394","24":"pa_size-393","25":"pa_size-392","26":"pa_size-391","27":"pa_size-390","28":"pa_size-389","30":"first","31":"instock","32":"taxable","33":"shipping-taxable","34":"purchasable","35":"product-type-variable"},"acf":[],"_links":{"self":[{"href":"https:\/\/belgiumdiamonds.be\/fr\/wp-json\/wp\/v2\/product\/9315","targetHints":{"allow":["GET"]}}],"collection":[{"href":"https:\/\/belgiumdiamonds.be\/fr\/wp-json\/wp\/v2\/product"}],"about":[{"href":"https:\/\/belgiumdiamonds.be\/fr\/wp-json\/wp\/v2\/types\/product"}],"replies":[{"embeddable":true,"href":"https:\/\/belgiumdiamonds.be\/fr\/wp-json\/wp\/v2\/comments?post=9315"}],"version-history":[{"count":4,"href":"https:\/\/belgiumdiamonds.be\/fr\/wp-json\/wp\/v2\/product\/9315\/revisions"}],"predecessor-version":[{"id":43098,"href":"https:\/\/belgiumdiamonds.be\/fr\/wp-json\/wp\/v2\/product\/9315\/revisions\/43098"}],"wp:featuredmedia":[{"embeddable":true,"href":"https:\/\/belgiumdiamonds.be\/fr\/wp-json\/wp\/v2\/media\/33628"}],"wp:attachment":[{"href":"https:\/\/belgiumdiamonds.be\/fr\/wp-json\/wp\/v2\/media?parent=9315"}],"wp:term":[{"taxonomy":"product_brand","embeddable":true,"href":"https:\/\/belgiumdiamonds.be\/fr\/wp-json\/wp\/v2\/product_brand?post=9315"},{"taxonomy":"product_cat","embeddable":true,"href":"https:\/\/belgiumdiamonds.be\/fr\/wp-json\/wp\/v2\/product_cat?post=9315"},{"taxonomy":"product_tag","embeddable":true,"href":"https:\/\/belgiumdiamonds.be\/fr\/wp-json\/wp\/v2\/product_tag?post=9315"}],"curies":[{"name":"wp","href":"https:\/\/api.w.org\/{rel}","templated":true}]}}