{"id":9501,"date":"2024-01-27T13:06:06","date_gmt":"2024-01-27T13:06:06","guid":{"rendered":"https:\/\/belgiumdiamond.petpetshopi.shop\/?post_type=product&#038;p=9501"},"modified":"2026-05-11T14:06:27","modified_gmt":"2026-05-11T12:06:27","slug":"heart-diamond-pave-side-stone-ring","status":"publish","type":"product","link":"https:\/\/belgiumdiamonds.be\/fr\/product\/heart-diamond-pave-side-stone-ring\/","title":{"rendered":"Heart Side Stone Ring"},"content":{"rendered":"<p>Designed for maximum brilliance and sparkle. This exquisite Natural Heart Side Stone Ring can serve as your engagement ring or as a beautiful Anniversary gift.<\/p>\n<p><strong>Informations sur la bague \u00e0 diamant pav\u00e9 :<\/strong><br \/>\nDes diamants naturels de taille brillante, \u00e9troitement espac\u00e9s, sont con\u00e7us pour mettre en valeur la pierre centrale.<br \/>\nNombre de diamants : 14-24<br \/>\nPoids total en carats : 0,20-0,30 cts.<br \/>\nCouleur moyenne : F<br \/>\nClart\u00e9 moyenne : VVS<br \/>\nPeut \u00eatre serti d'un diamant en forme de c\u0153ur de 0,50 \u00e0 5 ct au centre.<\/p>\n<p>La TVA sera ajout\u00e9e au prix dans le panier pour les envois \u00e0 destination de l'UE.<br \/>\nLe prix comprend les frais d'exp\u00e9dition dans l'UE.<br \/>\nLe prix comprend le montage des diamants dans la monture, \u00e0 l'exception de la pierre centrale.<br \/>\nCondition : Nouveau.<br \/>\nFabriqu\u00e9 \u00e0 Anvers, Belgique.<\/p>\n<p><strong>* Le poids total en carats peut s'\u00e9carter l\u00e9g\u00e8rement du poids en carats indiqu\u00e9 en fonction de la taille du diamant central et de la taille de la bague.<\/strong><\/p>","protected":false},"excerpt":{"rendered":"<p>This heart diamond pav\u00e9 side stone ring is a uniquely romantic engagement ring<br \/>\ndesigned for the woman who loves a bold and meaningful symbol of love. The heart<br \/>\ndiamond pav\u00e9 side stone ring features 14 to 24 closely spaced natural round<br \/>\nbrilliant pav\u00e9 diamonds in F colour and VVS clarity set along the band shoulders<br \/>\n\u2014 all included in the price \u2014 beautifully framing and enhancing the heart shaped<br \/>\ncentre diamond. The band is specially designed to complement and accentuate the<br \/>\ndistinctive heart shape of the centre stone. Can be set with any heart shaped<br \/>\ndiamond from 0.50 ct to 5 ct. Available in 18k white, yellow or pink gold or<br \/>\nplatinum, handcrafted in Antwerp, Belgium, by expert craftsmen with over 55<br \/>\nyears of experience. Setting price: \u20ac840 to \u20ac990 depending on gold choice.<br \/>\nCentre diamond not included \u2014 choose your certified diamond from thousands of<br \/>\nGIA, IGI and HRD certified stones. Free EU shipping included.<\/p>","protected":false},"featured_media":33642,"comment_status":"open","ping_status":"closed","template":"","meta":{"_acf_changed":false},"product_brand":[],"product_cat":[120,123],"product_tag":[],"class_list":{"0":"post-9501","1":"product","2":"type-product","3":"status-publish","4":"has-post-thumbnail","6":"product_cat-halo-side-stone-rings","7":"product_cat-solitaire-rings","8":"pa_choose-gold-18k-rose-gold","9":"pa_choose-gold-18k-white-gold","10":"pa_choose-gold-18k-yellow-gold","11":"pa_choose-gold-platinum","12":"pa_size-405","13":"pa_size-404","14":"pa_size-403","15":"pa_size-402","16":"pa_size-401","17":"pa_size-400","18":"pa_size-399","19":"pa_size-398","20":"pa_size-397","21":"pa_size-396","22":"pa_size-395","23":"pa_size-394","24":"pa_size-393","25":"pa_size-392","26":"pa_size-391","27":"pa_size-390","28":"pa_size-389","30":"first","31":"instock","32":"taxable","33":"shipping-taxable","34":"purchasable","35":"product-type-variable"},"acf":[],"_links":{"self":[{"href":"https:\/\/belgiumdiamonds.be\/fr\/wp-json\/wp\/v2\/product\/9501","targetHints":{"allow":["GET"]}}],"collection":[{"href":"https:\/\/belgiumdiamonds.be\/fr\/wp-json\/wp\/v2\/product"}],"about":[{"href":"https:\/\/belgiumdiamonds.be\/fr\/wp-json\/wp\/v2\/types\/product"}],"replies":[{"embeddable":true,"href":"https:\/\/belgiumdiamonds.be\/fr\/wp-json\/wp\/v2\/comments?post=9501"}],"version-history":[{"count":4,"href":"https:\/\/belgiumdiamonds.be\/fr\/wp-json\/wp\/v2\/product\/9501\/revisions"}],"predecessor-version":[{"id":43099,"href":"https:\/\/belgiumdiamonds.be\/fr\/wp-json\/wp\/v2\/product\/9501\/revisions\/43099"}],"wp:featuredmedia":[{"embeddable":true,"href":"https:\/\/belgiumdiamonds.be\/fr\/wp-json\/wp\/v2\/media\/33642"}],"wp:attachment":[{"href":"https:\/\/belgiumdiamonds.be\/fr\/wp-json\/wp\/v2\/media?parent=9501"}],"wp:term":[{"taxonomy":"product_brand","embeddable":true,"href":"https:\/\/belgiumdiamonds.be\/fr\/wp-json\/wp\/v2\/product_brand?post=9501"},{"taxonomy":"product_cat","embeddable":true,"href":"https:\/\/belgiumdiamonds.be\/fr\/wp-json\/wp\/v2\/product_cat?post=9501"},{"taxonomy":"product_tag","embeddable":true,"href":"https:\/\/belgiumdiamonds.be\/fr\/wp-json\/wp\/v2\/product_tag?post=9501"}],"curies":[{"name":"wp","href":"https:\/\/api.w.org\/{rel}","templated":true}]}}