{"id":9869,"date":"2024-01-30T16:45:51","date_gmt":"2024-01-30T16:45:51","guid":{"rendered":"https:\/\/belgiumdiamond.petpetshopi.shop\/?post_type=product&#038;p=9869"},"modified":"2026-04-30T13:07:44","modified_gmt":"2026-04-30T11:07:44","slug":"collier-elegant-avec-diamants-ronds-a-4-branches","status":"publish","type":"product","link":"https:\/\/belgiumdiamonds.be\/fr\/product\/elegant-4-prong-round-diamond-necklace-pendant\/","title":{"rendered":"Collier intemporel avec pendentif diamant rond \u00e0 4 branches"},"content":{"rendered":"<p>Le pendentif Timeless 4 Prong Round Diamond Necklace est un bijou \u00e9tonnant et classique qui ajoutera de l'\u00e9l\u00e9gance et de la sophistication \u00e0 n'importe quelle tenue.<\/p>\n<p>Notre pendentif est orn\u00e9 d'un diamant rond brillant, solidement maintenu en place par quatre griffes, cr\u00e9ant un design intemporel et polyvalent qui ne se d\u00e9modera jamais.<\/p>\n<p>Que vous vous fassiez plaisir ou que vous cherchiez le cadeau id\u00e9al pour quelqu'un de sp\u00e9cial, ce pendentif ne manquera pas de faire une impression durable.<\/p>\n<p>Le diamant n'est pas inclus dans le prix.<\/p>\n<p>La TVA sera ajout\u00e9e au prix dans le panier lorsque l'adresse de livraison est celle de l'UE.<br \/>\nLe prix comprend les frais d'exp\u00e9dition dans l'UE.<br \/>\nCondition : Nouveau.<br \/>\nFabriqu\u00e9 \u00e0 la main \u00e0 Anvers, en Belgique.<\/p>","protected":false},"excerpt":{"rendered":"<p>Le pendentif Timeless 4 Prong Round Diamond Necklace est un bijou \u00e9tonnant et classique qui ajoutera de l'\u00e9l\u00e9gance et de la sophistication \u00e0 n'importe quelle tenue.<\/p>\n<p>Notre pendentif est orn\u00e9 d'un diamant rond brillant, solidement maintenu en place par quatre griffes, cr\u00e9ant un design intemporel et polyvalent qui ne se d\u00e9modera jamais.<\/p>\n<p>Que vous vous fassiez plaisir ou que vous cherchiez le cadeau id\u00e9al pour quelqu'un de sp\u00e9cial, ce pendentif ne manquera pas de faire une impression durable.<\/p>\n<p>Le diamant n'est pas inclus dans le prix.<\/p>","protected":false},"featured_media":34141,"comment_status":"open","ping_status":"closed","template":"","meta":{"_acf_changed":false},"product_brand":[],"product_cat":[124],"product_tag":[],"class_list":{"0":"post-9869","1":"product","2":"type-product","3":"status-publish","4":"has-post-thumbnail","6":"product_cat-pendant","7":"pa_choose-gold-18k-rose-gold","8":"pa_choose-gold-18k-white-gold","9":"pa_choose-gold-18k-yellow-gold","10":"pa_choose-gold-platinum","12":"first","13":"instock","14":"taxable","15":"shipping-taxable","16":"purchasable","17":"product-type-variable"},"acf":[],"_links":{"self":[{"href":"https:\/\/belgiumdiamonds.be\/fr\/wp-json\/wp\/v2\/product\/9869","targetHints":{"allow":["GET"]}}],"collection":[{"href":"https:\/\/belgiumdiamonds.be\/fr\/wp-json\/wp\/v2\/product"}],"about":[{"href":"https:\/\/belgiumdiamonds.be\/fr\/wp-json\/wp\/v2\/types\/product"}],"replies":[{"embeddable":true,"href":"https:\/\/belgiumdiamonds.be\/fr\/wp-json\/wp\/v2\/comments?post=9869"}],"version-history":[{"count":2,"href":"https:\/\/belgiumdiamonds.be\/fr\/wp-json\/wp\/v2\/product\/9869\/revisions"}],"predecessor-version":[{"id":33053,"href":"https:\/\/belgiumdiamonds.be\/fr\/wp-json\/wp\/v2\/product\/9869\/revisions\/33053"}],"wp:featuredmedia":[{"embeddable":true,"href":"https:\/\/belgiumdiamonds.be\/fr\/wp-json\/wp\/v2\/media\/34141"}],"wp:attachment":[{"href":"https:\/\/belgiumdiamonds.be\/fr\/wp-json\/wp\/v2\/media?parent=9869"}],"wp:term":[{"taxonomy":"product_brand","embeddable":true,"href":"https:\/\/belgiumdiamonds.be\/fr\/wp-json\/wp\/v2\/product_brand?post=9869"},{"taxonomy":"product_cat","embeddable":true,"href":"https:\/\/belgiumdiamonds.be\/fr\/wp-json\/wp\/v2\/product_cat?post=9869"},{"taxonomy":"product_tag","embeddable":true,"href":"https:\/\/belgiumdiamonds.be\/fr\/wp-json\/wp\/v2\/product_tag?post=9869"}],"curies":[{"name":"wp","href":"https:\/\/api.w.org\/{rel}","templated":true}]}}