{"id":8093,"date":"2024-01-23T08:00:23","date_gmt":"2024-01-23T08:00:23","guid":{"rendered":"https:\/\/belgiumdiamond.petpetshopi.shop\/?page_id=8093"},"modified":"2026-01-18T09:18:26","modified_gmt":"2026-01-18T08:18:26","slug":"belgiumdiamondsltd-com-universita-del-diamante","status":"publish","type":"page","link":"https:\/\/belgiumdiamonds.be\/it\/belgiumdiamondsltd-com-diamond-university\/","title":{"rendered":"Belgio Universit\u00e0 dei diamanti"},"content":{"rendered":"<div data-elementor-type=\"wp-page\" data-elementor-id=\"8093\" class=\"elementor elementor-8093\">\n\t\t\t\t<div class=\"wd-negative-gap elementor-element elementor-element-18e4eea e-flex e-con-boxed e-con e-parent\" data-id=\"18e4eea\" data-element_type=\"container\" data-e-type=\"container\">\n\t\t\t\t\t<div class=\"e-con-inner\">\n\t\t\t\t<div class=\"elementor-element elementor-element-2635d8a elementor-widget elementor-widget-wd_text_block\" data-id=\"2635d8a\" data-element_type=\"widget\" data-e-type=\"widget\" data-widget_type=\"wd_text_block.default\">\n\t\t\t\t<div class=\"elementor-widget-container\">\n\t\t\t\t\t\t\t<div class=\"wd-text-block reset-last-child text-left\">\n\t\t\t\n\t\t\t<p>Il valore dei diamanti naturali \u00e8 determinato da diversi parametri, comunemente chiamati \"le quattro C\". Esse sono composte da <strong>Il<\/strong>\u00a0<strong>Carati, taglio e purezza,<\/strong>\u00a0e\u00a0<strong>Il colore<\/strong>\u00a0dei diamanti. Ognuno di questi argomenti viene spiegato separatamente per dare a voi, acquirenti, un'idea di quale sia la vostra priorit\u00e0, di cosa sia pi\u00f9 importante per voi in un gioiello.<\/p>\n\t\t\t\t\t<\/div>\n\t\t\t\t\t\t<\/div>\n\t\t\t\t<\/div>\n\t\t\t\t\t<\/div>\n\t\t\t\t<\/div>\n\t\t\t\t<section class=\"wd-negative-gap elementor-section elementor-top-section elementor-element elementor-element-7f20f594 elementor-section-content-middle elementor-section-boxed elementor-section-height-default elementor-section-height-default\" data-id=\"7f20f594\" data-element_type=\"section\" data-e-type=\"section\">\n\t\t\t\t\t\t<div class=\"elementor-container elementor-column-gap-extended\">\n\t\t\t\t\t<div class=\"elementor-column elementor-col-50 elementor-top-column elementor-element elementor-element-18f3d868\" data-id=\"18f3d868\" data-element_type=\"column\" data-e-type=\"column\">\n\t\t\t<div class=\"elementor-widget-wrap elementor-element-populated\">\n\t\t\t\t\t\t<div class=\"elementor-element elementor-element-5e8e04bd wd-width-100 elementor-widget elementor-widget-wd_images_gallery\" data-id=\"5e8e04bd\" data-element_type=\"widget\" data-e-type=\"widget\" data-widget_type=\"wd_images_gallery.default\">\n\t\t\t\t<div class=\"elementor-widget-container\">\n\t\t\t\t\t\t\t<div class=\"wd-images-gallery\" style=\"--wd-align-items:center; --wd-justify-content:center;\">\n\t\t\t\t\t\t<div class=\"wd-grid-g\" style=\"--wd-col-lg:2;--wd-col-md:2;--wd-col-sm:2;--wd-gap-lg:20px;--wd-gap-sm:10px;\" >\n\t\t\t\t\t\t\t\t\t\t\t\t\t\t\t\t\t\t<div class=\"wd-gallery-item wd-col\">\n\t\t\t\t\t\t\n\t\t\t\t\t\t<img loading=\"lazy\" decoding=\"async\" width=\"300\" height=\"300\" src=\"https:\/\/belgiumdiamonds.be\/wp-content\/uploads\/2025\/09\/Picture1.webp\" class=\"attachment-full size-full\" alt=\"Diamanti del Belgio\" srcset=\"https:\/\/belgiumdiamonds.be\/wp-content\/uploads\/2025\/09\/Picture1.webp 300w, https:\/\/belgiumdiamonds.be\/wp-content\/uploads\/2025\/09\/Picture1-150x150.webp 150w\" sizes=\"auto, (max-width: 300px) 100vw, 300px\" \/>\n\t\t\t\t\t\t\t\t\t\t\t<\/div>\n\t\t\t\t\t\t\t\t\t\t\t\t\t<\/div>\n\t\t\t\t\t<\/div>\n\t\t\t\t\t\t<\/div>\n\t\t\t\t<\/div>\n\t\t\t\t\t<\/div>\n\t\t<\/div>\n\t\t\t\t<div class=\"elementor-column elementor-col-50 elementor-top-column elementor-element elementor-element-2ce67285\" data-id=\"2ce67285\" data-element_type=\"column\" data-e-type=\"column\">\n\t\t\t<div class=\"elementor-widget-wrap elementor-element-populated\">\n\t\t\t\t\t\t<div class=\"elementor-element elementor-element-16c06626 wd-width-100 elementor-widget elementor-widget-wd_title\" data-id=\"16c06626\" data-element_type=\"widget\" data-e-type=\"widget\" data-widget_type=\"wd_title.default\">\n\t\t\t\t<div class=\"elementor-widget-container\">\n\t\t\t\t\t\t\t<div class=\"title-wrapper wd-set-mb reset-last-child wd-title-color-default wd-title-style-shadow wd-title-size-default text-left\">\n\n\t\t\t\n\t\t\t<div class=\"liner-continer\">\n\t\t\t\t<h4 class=\"woodmart-title-container title wd-fontsize-l\">Il CARAT<\/h4> \n\t\t\t\t\t\t\t<\/div>\n\n\t\t\t\t\t<\/div>\n\t\t\t\t\t\t<\/div>\n\t\t\t\t<\/div>\n\t\t\t\t<div class=\"elementor-element elementor-element-2573b861 elementor-widget elementor-widget-wd_text_block\" data-id=\"2573b861\" data-element_type=\"widget\" data-e-type=\"widget\" data-widget_type=\"wd_text_block.default\">\n\t\t\t\t<div class=\"elementor-widget-container\">\n\t\t\t\t\t\t\t<div class=\"wd-text-block reset-last-child text-left\">\n\t\t\t\n\t\t\t<p>Il peso dei diamanti \u00e8 espresso in carati, quindi 1 carato equivale a circa 0,20 grammi. I decimali del peso di un diamante sono chiamati punti, 100 punti equivalgono a 1 Carato. A differenza dell'oro, il carato definisce solo il peso di una pietra, mentre nell'oro definisce la purezza dell'oro, ad esempio 18 carati. Il peso viene determinato su una bilancia ed \u00e8 anche indicato sul certificato di ogni diamante.<\/p>\n<p>In breve, un Diamante di\u00a0<em>1,85 carati<\/em>\u00a0pesa 1 carato e 85 punti.<\/p>\n\n\t\t\t\t\t<\/div>\n\t\t\t\t\t\t<\/div>\n\t\t\t\t<\/div>\n\t\t\t\t\t<\/div>\n\t\t<\/div>\n\t\t\t\t\t<\/div>\n\t\t<\/section>\n\t\t\t\t<section class=\"wd-negative-gap elementor-section elementor-top-section elementor-element elementor-element-3698a871 elementor-section-content-middle elementor-reverse-tablet elementor-reverse-mobile elementor-section-boxed elementor-section-height-default elementor-section-height-default\" data-id=\"3698a871\" data-element_type=\"section\" data-e-type=\"section\">\n\t\t\t\t\t\t<div class=\"elementor-container elementor-column-gap-extended\">\n\t\t\t\t\t<div class=\"elementor-column elementor-col-50 elementor-top-column elementor-element elementor-element-ed9e851\" data-id=\"ed9e851\" data-element_type=\"column\" data-e-type=\"column\">\n\t\t\t<div class=\"elementor-widget-wrap elementor-element-populated\">\n\t\t\t\t\t\t<div class=\"elementor-element elementor-element-587f5698 wd-width-100 elementor-widget elementor-widget-wd_title\" data-id=\"587f5698\" data-element_type=\"widget\" data-e-type=\"widget\" data-widget_type=\"wd_title.default\">\n\t\t\t\t<div class=\"elementor-widget-container\">\n\t\t\t\t\t\t\t<div class=\"title-wrapper wd-set-mb reset-last-child wd-title-color-default wd-title-style-shadow wd-title-size-default text-left\">\n\n\t\t\t\n\t\t\t<div class=\"liner-continer\">\n\t\t\t\t<h4 class=\"woodmart-title-container title wd-fontsize-l\"> LA CHIAREZZA<\/h4> \n\t\t\t\t\t\t\t<\/div>\n\n\t\t\t\t\t<\/div>\n\t\t\t\t\t\t<\/div>\n\t\t\t\t<\/div>\n\t\t\t\t<div class=\"elementor-element elementor-element-3ca1fdb4 elementor-widget elementor-widget-wd_text_block\" data-id=\"3ca1fdb4\" data-element_type=\"widget\" data-e-type=\"widget\" data-widget_type=\"wd_text_block.default\">\n\t\t\t\t<div class=\"elementor-widget-container\">\n\t\t\t\t\t\t\t<div class=\"wd-text-block reset-last-child text-left\">\n\t\t\t\n\t\t\t<p>La purezza di un diamante naturale si basa sulla presenza di impurit\u00e0 naturali o \"inclusioni\" all'interno della pietra. Durante la sua formazione, impurit\u00e0 come sporcizia o bolle di gas possono essere intrappolate all'interno del diamante durante il processo di cristallizzazione. Queste inclusioni fanno parte di ci\u00f2 che rende unica la pietra. Si tratta di un fenomeno naturale e noi cerchiamo sempre di trovare diamanti con inclusioni invisibili a occhio nudo (Eye-clean). Solo circa 1-2% di diamanti naturali a livello globale sono completamente puliti o Internally Flawless. Questi sono ovviamente molto pi\u00f9 costosi a causa della loro rarit\u00e0.\u00a0<\/p>\n\t\t\t\t\t<\/div>\n\t\t\t\t\t\t<\/div>\n\t\t\t\t<\/div>\n\t\t\t\t\t<\/div>\n\t\t<\/div>\n\t\t\t\t<div class=\"elementor-column elementor-col-50 elementor-top-column elementor-element elementor-element-7bb309c9\" data-id=\"7bb309c9\" data-element_type=\"column\" data-e-type=\"column\">\n\t\t\t<div class=\"elementor-widget-wrap elementor-element-populated\">\n\t\t\t\t\t\t<div class=\"elementor-element elementor-element-4a161ed0 elementor-widget elementor-widget-wd_image_or_svg\" data-id=\"4a161ed0\" data-element_type=\"widget\" data-e-type=\"widget\" data-widget_type=\"wd_image_or_svg.default\">\n\t\t\t\t<div class=\"elementor-widget-container\">\n\t\t\t\t\t\n\t\t<div class=\"wd-image text-left\">\n\t\t\t\t\t\t\t\t<img loading=\"lazy\" decoding=\"async\" width=\"944\" height=\"576\" src=\"https:\/\/belgiumdiamonds.be\/wp-content\/uploads\/2025\/09\/Picture2.webp\" class=\"attachment-full size-full\" alt=\"Diamanti del Belgio\" srcset=\"https:\/\/belgiumdiamonds.be\/wp-content\/uploads\/2025\/09\/Picture2.webp 944w, https:\/\/belgiumdiamonds.be\/wp-content\/uploads\/2025\/09\/Picture2-430x262.webp 430w, https:\/\/belgiumdiamonds.be\/wp-content\/uploads\/2025\/09\/Picture2-150x92.webp 150w, https:\/\/belgiumdiamonds.be\/wp-content\/uploads\/2025\/09\/Picture2-700x427.webp 700w, https:\/\/belgiumdiamonds.be\/wp-content\/uploads\/2025\/09\/Picture2-400x244.webp 400w, https:\/\/belgiumdiamonds.be\/wp-content\/uploads\/2025\/09\/Picture2-768x469.webp 768w\" sizes=\"auto, (max-width: 944px) 100vw, 944px\" \/>\t\t\t\t\t<\/div>\n\n\t\t\t\t\t\t<\/div>\n\t\t\t\t<\/div>\n\t\t\t\t\t<\/div>\n\t\t<\/div>\n\t\t\t\t\t<\/div>\n\t\t<\/section>\n\t\t\t\t<section class=\"wd-negative-gap elementor-section elementor-top-section elementor-element elementor-element-e7a4645 elementor-section-content-middle elementor-section-boxed elementor-section-height-default elementor-section-height-default\" data-id=\"e7a4645\" data-element_type=\"section\" data-e-type=\"section\">\n\t\t\t\t\t\t<div class=\"elementor-container elementor-column-gap-extended\">\n\t\t\t\t\t<div class=\"elementor-column elementor-col-50 elementor-top-column elementor-element elementor-element-4d3b0a36\" data-id=\"4d3b0a36\" data-element_type=\"column\" data-e-type=\"column\">\n\t\t\t<div class=\"elementor-widget-wrap elementor-element-populated\">\n\t\t\t\t\t\t<div class=\"elementor-element elementor-element-1dff91f elementor-widget elementor-widget-wd_image_or_svg\" data-id=\"1dff91f\" data-element_type=\"widget\" data-e-type=\"widget\" data-widget_type=\"wd_image_or_svg.default\">\n\t\t\t\t<div class=\"elementor-widget-container\">\n\t\t\t\t\t\n\t\t<div class=\"wd-image text-left\">\n\t\t\t\t\t\t\t\t<img loading=\"lazy\" decoding=\"async\" width=\"839\" height=\"395\" src=\"https:\/\/belgiumdiamonds.be\/wp-content\/uploads\/2025\/09\/Picture3.webp\" class=\"attachment-full size-full\" alt=\"Diamanti del Belgio\" srcset=\"https:\/\/belgiumdiamonds.be\/wp-content\/uploads\/2025\/09\/Picture3.webp 839w, https:\/\/belgiumdiamonds.be\/wp-content\/uploads\/2025\/09\/Picture3-430x202.webp 430w, https:\/\/belgiumdiamonds.be\/wp-content\/uploads\/2025\/09\/Picture3-150x71.webp 150w, https:\/\/belgiumdiamonds.be\/wp-content\/uploads\/2025\/09\/Picture3-700x330.webp 700w, https:\/\/belgiumdiamonds.be\/wp-content\/uploads\/2025\/09\/Picture3-400x188.webp 400w, https:\/\/belgiumdiamonds.be\/wp-content\/uploads\/2025\/09\/Picture3-768x362.webp 768w\" sizes=\"auto, (max-width: 839px) 100vw, 839px\" \/>\t\t\t\t\t<\/div>\n\n\t\t\t\t\t\t<\/div>\n\t\t\t\t<\/div>\n\t\t\t\t\t<\/div>\n\t\t<\/div>\n\t\t\t\t<div class=\"elementor-column elementor-col-50 elementor-top-column elementor-element elementor-element-7e5c7c59\" data-id=\"7e5c7c59\" data-element_type=\"column\" data-e-type=\"column\">\n\t\t\t<div class=\"elementor-widget-wrap elementor-element-populated\">\n\t\t\t\t\t\t<div class=\"elementor-element elementor-element-2e63a0a0 wd-width-100 elementor-widget elementor-widget-wd_title\" data-id=\"2e63a0a0\" data-element_type=\"widget\" data-e-type=\"widget\" data-widget_type=\"wd_title.default\">\n\t\t\t\t<div class=\"elementor-widget-container\">\n\t\t\t\t\t\t\t<div class=\"title-wrapper wd-set-mb reset-last-child wd-title-color-default wd-title-style-shadow wd-title-size-default text-left\">\n\n\t\t\t\n\t\t\t<div class=\"liner-continer\">\n\t\t\t\t<h4 class=\"woodmart-title-container title wd-fontsize-l\">IL COLORE<\/h4> \n\t\t\t\t\t\t\t<\/div>\n\n\t\t\t\t\t<\/div>\n\t\t\t\t\t\t<\/div>\n\t\t\t\t<\/div>\n\t\t\t\t<div class=\"elementor-element elementor-element-2bbea1db elementor-widget elementor-widget-wd_text_block\" data-id=\"2bbea1db\" data-element_type=\"widget\" data-e-type=\"widget\" data-widget_type=\"wd_text_block.default\">\n\t\t\t\t<div class=\"elementor-widget-container\">\n\t\t\t\t\t\t\t<div class=\"wd-text-block reset-last-child text-left\">\n\t\t\t\n\t\t\t<p>Oltre 90% di tutti i diamanti naturali hanno una tonalit\u00e0 giallastra. L'intensit\u00e0 della saturazione del colore nel diamante determina il grado di colore. Pi\u00f9 bassa \u00e8 la saturazione del colore nella pietra, pi\u00f9 bianca apparir\u00e0 e pi\u00f9 alto sar\u00e0 il valore. Il colore dei diamanti naturali \u00e8 determinato da una lettera: il colore pi\u00f9 alto \u00e8 definito dal colore \"D\". Da qui si scende fino alla lettera \"Z\".<\/p>\n<p>\u00a0Se la saturazione del colore \u00e8 estremamente elevata, allora si ottiene una categoria diversa, principalmente la categoria\u00a0<strong><u>COLORI FANTASTICI<\/u>.<\/strong><\/p>\n<p>Questi diamanti naturali sono molto saturi di colore. A seconda del tipo di colore, il valore sale verso l'alto. Pi\u00f9 raro \u00e8 il colore, pi\u00f9 alto \u00e8 il valore. Ci\u00f2 significa che il rosso, il blu, il rosa, il verde e l'arancione sono i colori pi\u00f9 rari e possono raggiungere valori estremamente elevati.<\/p>\n\n\t\t\t\t\t<\/div>\n\t\t\t\t\t\t<\/div>\n\t\t\t\t<\/div>\n\t\t\t\t\t<\/div>\n\t\t<\/div>\n\t\t\t\t\t<\/div>\n\t\t<\/section>\n\t\t\t\t<section class=\"wd-negative-gap elementor-section elementor-top-section elementor-element elementor-element-dd6a561 elementor-section-content-middle elementor-reverse-tablet elementor-reverse-mobile elementor-section-boxed elementor-section-height-default elementor-section-height-default\" data-id=\"dd6a561\" data-element_type=\"section\" data-e-type=\"section\">\n\t\t\t\t\t\t<div class=\"elementor-container elementor-column-gap-extended\">\n\t\t\t\t\t<div class=\"elementor-column elementor-col-50 elementor-top-column elementor-element elementor-element-a124df9\" data-id=\"a124df9\" data-element_type=\"column\" data-e-type=\"column\">\n\t\t\t<div class=\"elementor-widget-wrap elementor-element-populated\">\n\t\t\t\t\t\t<div class=\"elementor-element elementor-element-958869d wd-width-100 elementor-widget elementor-widget-wd_title\" data-id=\"958869d\" data-element_type=\"widget\" data-e-type=\"widget\" data-widget_type=\"wd_title.default\">\n\t\t\t\t<div class=\"elementor-widget-container\">\n\t\t\t\t\t\t\t<div class=\"title-wrapper wd-set-mb reset-last-child wd-title-color-default wd-title-style-shadow wd-title-size-default text-left\">\n\n\t\t\t\n\t\t\t<div class=\"liner-continer\">\n\t\t\t\t<h4 class=\"woodmart-title-container title wd-fontsize-l\"> IL TAGLIO<\/h4> \n\t\t\t\t\t\t\t<\/div>\n\n\t\t\t\t\t<\/div>\n\t\t\t\t\t\t<\/div>\n\t\t\t\t<\/div>\n\t\t\t\t<div class=\"elementor-element elementor-element-1de9545 elementor-widget elementor-widget-wd_text_block\" data-id=\"1de9545\" data-element_type=\"widget\" data-e-type=\"widget\" data-widget_type=\"wd_text_block.default\">\n\t\t\t\t<div class=\"elementor-widget-container\">\n\t\t\t\t\t\t\t<div class=\"wd-text-block reset-last-child text-left\">\n\t\t\t\n\t\t\t<p>Le proporzioni, la simmetria e il grado di finitura di un diamante stabiliscono la qualit\u00e0 del taglio. Un buon grado di finitura testimonia l'abilit\u00e0 del lucidatore di diamanti. Si riferisce alla simmetria delle sfaccettature e alla loro finitura complessiva. I diamanti tagliati meglio hanno anche le giuste proporzioni tra le diverse parti del diamante. Se queste proporzioni non sono ottimali, il fuoco e lo scintillio del diamante ne risentono e possono verificarsi effetti visivi indesiderati. Oltre al pi\u00f9 popolare taglio \"Round Brilliant\", esistono una serie di altri modelli frequentemente utilizzati e si possono incontrare anche magnifici diamanti \"fancy cut\"... Il grado di taglio descrive una serie di parametri del diamante naturale: proporzioni, dimensioni del culet e della tavola, spessore della cintura, lucidatura e simmetria.<\/p>\n<p>Le quattro C sono un ottimo strumento da utilizzare quando si considera l'acquisto di una pietra. Per ogni persona l'importanza delle 4C sar\u00e0 diversa. La maggior parte dei clienti chiede inizialmente una pietra perfetta, cio\u00e8 con un taglio eccellente, senza difetti e con il colore pi\u00f9 alto, ma raramente pu\u00f2 pagare per questo...<\/p>\n<p>Sar\u00e0 vostro compito guidare voi, potenziali acquirenti, verso la pietra giusta che rientri nel vostro budget. Ad esempio, alcune persone preferiscono una dimensione pi\u00f9 grande, altre un colore pi\u00f9 bianco, altre ancora una purezza maggiore......<\/p>\n<p>In definitiva, vi affiderete a noi per essere guidati verso la pietra migliore....<\/p>\n\n\t\t\t\t\t<\/div>\n\t\t\t\t\t\t<\/div>\n\t\t\t\t<\/div>\n\t\t\t\t\t<\/div>\n\t\t<\/div>\n\t\t\t\t<div class=\"elementor-column elementor-col-50 elementor-top-column elementor-element elementor-element-d6c6d8b\" data-id=\"d6c6d8b\" data-element_type=\"column\" data-e-type=\"column\">\n\t\t\t<div class=\"elementor-widget-wrap elementor-element-populated\">\n\t\t\t\t\t\t<div class=\"elementor-element elementor-element-e0fcf85 elementor-widget elementor-widget-wd_image_or_svg\" data-id=\"e0fcf85\" data-element_type=\"widget\" data-e-type=\"widget\" data-widget_type=\"wd_image_or_svg.default\">\n\t\t\t\t<div class=\"elementor-widget-container\">\n\t\t\t\t\t\n\t\t<div class=\"wd-image text-left\">\n\t\t\t\t\t\t\t\t<img loading=\"lazy\" decoding=\"async\" width=\"474\" height=\"382\" src=\"https:\/\/belgiumdiamonds.be\/wp-content\/uploads\/2025\/09\/Picture4.webp\" class=\"attachment-full size-full\" alt=\"Diamanti del Belgio\" srcset=\"https:\/\/belgiumdiamonds.be\/wp-content\/uploads\/2025\/09\/Picture4.webp 474w, https:\/\/belgiumdiamonds.be\/wp-content\/uploads\/2025\/09\/Picture4-430x347.webp 430w, https:\/\/belgiumdiamonds.be\/wp-content\/uploads\/2025\/09\/Picture4-150x121.webp 150w, https:\/\/belgiumdiamonds.be\/wp-content\/uploads\/2025\/09\/Picture4-372x300.webp 372w\" sizes=\"auto, (max-width: 474px) 100vw, 474px\" \/>\t\t\t\t\t<\/div>\n\n\t\t\t\t\t\t<\/div>\n\t\t\t\t<\/div>\n\t\t\t\t\t<\/div>\n\t\t<\/div>\n\t\t\t\t\t<\/div>\n\t\t<\/section>\n\t\t\t\t<\/div>","protected":false},"excerpt":{"rendered":"<p>The Value of Natural Diamonds are determined by several parameters; these are commonly called \u201cThe Four C\u2019s\u201d. They are composed<\/p>","protected":false},"author":244474332,"featured_media":0,"parent":0,"menu_order":0,"comment_status":"closed","ping_status":"closed","template":"","meta":{"_acf_changed":false,"footnotes":""},"class_list":["post-8093","page","type-page","status-publish","hentry"],"acf":[],"_links":{"self":[{"href":"https:\/\/belgiumdiamonds.be\/it\/wp-json\/wp\/v2\/pages\/8093","targetHints":{"allow":["GET"]}}],"collection":[{"href":"https:\/\/belgiumdiamonds.be\/it\/wp-json\/wp\/v2\/pages"}],"about":[{"href":"https:\/\/belgiumdiamonds.be\/it\/wp-json\/wp\/v2\/types\/page"}],"author":[{"embeddable":true,"href":"https:\/\/belgiumdiamonds.be\/it\/wp-json\/wp\/v2\/users\/244474332"}],"replies":[{"embeddable":true,"href":"https:\/\/belgiumdiamonds.be\/it\/wp-json\/wp\/v2\/comments?post=8093"}],"version-history":[{"count":1,"href":"https:\/\/belgiumdiamonds.be\/it\/wp-json\/wp\/v2\/pages\/8093\/revisions"}],"predecessor-version":[{"id":32650,"href":"https:\/\/belgiumdiamonds.be\/it\/wp-json\/wp\/v2\/pages\/8093\/revisions\/32650"}],"wp:attachment":[{"href":"https:\/\/belgiumdiamonds.be\/it\/wp-json\/wp\/v2\/media?parent=8093"}],"curies":[{"name":"wp","href":"https:\/\/api.w.org\/{rel}","templated":true}]}}