{"id":8101,"date":"2024-01-23T07:55:26","date_gmt":"2024-01-23T07:55:26","guid":{"rendered":"https:\/\/belgiumdiamond.petpetshopi.shop\/?page_id=8101"},"modified":"2026-01-18T09:37:43","modified_gmt":"2026-01-18T08:37:43","slug":"comprensione-dei-certificati","status":"publish","type":"page","link":"https:\/\/belgiumdiamonds.be\/it\/understanding-certificates\/","title":{"rendered":"Comprendere i certificati"},"content":{"rendered":"<div data-elementor-type=\"wp-page\" data-elementor-id=\"8101\" class=\"elementor elementor-8101\">\n\t\t\t\t<div class=\"wd-negative-gap elementor-element elementor-element-d3f1031 e-flex e-con-boxed e-con e-parent\" data-id=\"d3f1031\" data-element_type=\"container\" data-e-type=\"container\">\n\t\t\t\t\t<div class=\"e-con-inner\">\n\t\t\t\t<div class=\"elementor-element elementor-element-2710aa6 elementor-widget elementor-widget-wd_image_or_svg\" data-id=\"2710aa6\" data-element_type=\"widget\" data-e-type=\"widget\" data-widget_type=\"wd_image_or_svg.default\">\n\t\t\t\t<div class=\"elementor-widget-container\">\n\t\t\t\t\t\n\t\t<div class=\"wd-image text-left\">\n\t\t\t\t\t\t\t\t<img loading=\"lazy\" decoding=\"async\" width=\"1024\" height=\"359\" src=\"https:\/\/belgiumdiamonds.be\/wp-content\/uploads\/2025\/09\/DIAMOND-CERTIFICATES.webp\" class=\"attachment-full size-full\" alt=\"Diamanti del Belgio\" srcset=\"https:\/\/belgiumdiamonds.be\/wp-content\/uploads\/2025\/09\/DIAMOND-CERTIFICATES.webp 1024w, https:\/\/belgiumdiamonds.be\/wp-content\/uploads\/2025\/09\/DIAMOND-CERTIFICATES-430x151.webp 430w, https:\/\/belgiumdiamonds.be\/wp-content\/uploads\/2025\/09\/DIAMOND-CERTIFICATES-150x53.webp 150w, https:\/\/belgiumdiamonds.be\/wp-content\/uploads\/2025\/09\/DIAMOND-CERTIFICATES-700x245.webp 700w, https:\/\/belgiumdiamonds.be\/wp-content\/uploads\/2025\/09\/DIAMOND-CERTIFICATES-400x140.webp 400w, https:\/\/belgiumdiamonds.be\/wp-content\/uploads\/2025\/09\/DIAMOND-CERTIFICATES-768x269.webp 768w\" sizes=\"auto, (max-width: 1024px) 100vw, 1024px\" \/>\t\t\t\t\t<\/div>\n\n\t\t\t\t\t\t<\/div>\n\t\t\t\t<\/div>\n\t\t\t\t<div class=\"elementor-element elementor-element-020bcdd wd-width-100 elementor-widget elementor-widget-wd_title\" data-id=\"020bcdd\" data-element_type=\"widget\" data-e-type=\"widget\" data-widget_type=\"wd_title.default\">\n\t\t\t\t<div class=\"elementor-widget-container\">\n\t\t\t\t\t\t\t<div class=\"title-wrapper wd-set-mb reset-last-child wd-title-color-default wd-title-style-default wd-title-size-extra-large text-left\">\n\n\t\t\t\n\t\t\t<div class=\"liner-continer\">\n\t\t\t\t<h4 class=\"woodmart-title-container title wd-fontsize-xxxl\">Acquistare un diamante naturale<\/h4> \n\t\t\t\t\t\t\t<\/div>\n\n\t\t\t\t\t\t\t<div class=\"title-after_title reset-last-child wd-fontsize-s\">\n\t\t\t\t\t<p>Acquistare un diamante naturale pu\u00f2 sembrare una sfida. La difficolt\u00e0 maggiore \u00e8 <strong>fiducia<\/strong> - affidarsi al vostro esperto di diamanti, ovvero alla nostra azienda.<br \/>Il modo migliore per costruire questa fiducia \u00e8 una conversazione aperta. <strong>telefono, e-mail o social media<\/strong>.<\/p><br \/>\n<p>A sostegno di questa fiducia c'\u00e8 uno strumento essenziale a disposizione di ogni acquirente: la <strong>Certificato indipendente del diamante<\/strong>.<\/p>\t\t\t\t<\/div>\n\t\t\t\t\t<\/div>\n\t\t\t\t\t\t<\/div>\n\t\t\t\t<\/div>\n\t\t\t\t<div class=\"elementor-element elementor-element-3bc3cc2 elementor-widget elementor-widget-wd_accordion\" data-id=\"3bc3cc2\" data-element_type=\"widget\" data-e-type=\"widget\" data-widget_type=\"wd_accordion.default\">\n\t\t\t\t<div class=\"elementor-widget-container\">\n\t\t\t\t\t\n\t\t<div class=\"wd-accordion wd-style-shadow wd-titles-left wd-opener-pos-left wd-opener-style-arrow\" data-state=\"first\">\n\t\t\t\t\t\t\t\n\t\t\t\t<div class=\"wd-accordion-item\">\n\t\t\t\t\t<div class=\"wd-accordion-title wd-role-btn wd-active\" data-accordion-index=\"0\" tabindex=\"0\">\n\t\t\t\t\t\t<div class=\"wd-accordion-title-text\">\n\t\t\t\t\t\t\t\t\t\t\t\t\t\t<span>\n\t\t\t\t\t\t\t\tChe cos'\u00e8 un certificato di diamante?\t\t\t\t\t\t\t<\/span>\n\t\t\t\t\t\t<\/div>\n\t\t\t\t\t\t<span class=\"wd-accordion-opener\"><\/span>\n\t\t\t\t\t<\/div>\n\n\t\t\t\t\t<div class=\"wd-accordion-content wd-entry-content wd-active\" data-accordion-index=\"0\">\n\t\t\t\t\t\t\t\t\t\t\t\t\t\n\t\t\t\t\t\t\t<p data-start=\"679\" data-end=\"790\">Un certificato di diamante \u00e8 essenzialmente il <strong data-start=\"720\" data-end=\"747\">Il \"passaporto\" di un diamante<\/strong>.<br data-start=\"748\" data-end=\"751\" \/>Fornisce dettagli verificati come:<\/p><ul data-start=\"791\" data-end=\"861\"><li data-start=\"791\" data-end=\"813\"><p data-start=\"793\" data-end=\"813\">Misure esatte<\/p><\/li><li data-start=\"814\" data-end=\"830\"><p data-start=\"816\" data-end=\"830\">Peso in carati<\/p><\/li><li data-start=\"831\" data-end=\"844\"><p data-start=\"833\" data-end=\"844\">Grado di taglio<\/p><\/li><li data-start=\"845\" data-end=\"861\"><p data-start=\"847\" data-end=\"861\">Grado di purezza<\/p><\/li><\/ul><p data-start=\"863\" data-end=\"1074\">Tutto questo viene emesso da un <strong data-start=\"891\" data-end=\"917\">laboratorio indipendente<\/strong>, neutrale alla vendita.<br data-start=\"939\" data-end=\"942\" \/>In questo modo non ci si deve affidare solo alla parola del venditore: la qualit\u00e0 del diamante \u00e8 confermata da una <strong data-start=\"1048\" data-end=\"1071\">un'autorit\u00e0 rispettabile<\/strong>.<\/p>\n\t\t\t\t\t\t\t\t\t\t\t\t\t\t\t\t\t\t<\/div>\n\t\t\t\t<\/div>\n\t\t\t\t\t\t\t\n\t\t\t\t<div class=\"wd-accordion-item\">\n\t\t\t\t\t<div class=\"wd-accordion-title wd-role-btn\" data-accordion-index=\"1\" tabindex=\"0\">\n\t\t\t\t\t\t<div class=\"wd-accordion-title-text\">\n\t\t\t\t\t\t\t\t\t\t\t\t\t\t<span>\n\t\t\t\t\t\t\t\tGIA - Istituto Gemmologico Americano\t\t\t\t\t\t\t<\/span>\n\t\t\t\t\t\t<\/div>\n\t\t\t\t\t\t<span class=\"wd-accordion-opener\"><\/span>\n\t\t\t\t\t<\/div>\n\n\t\t\t\t\t<div class=\"wd-accordion-content wd-entry-content\" data-accordion-index=\"1\">\n\t\t\t\t\t\t\t\t\t\t\t\t\t\n\t\t\t\t\t\t\t<p>Fondata nel 1931, la GIA \u00e8 un'organizzazione senza scopo di lucro ed \u00e8 ampiamente considerata come il <strong data-start=\"1332\" data-end=\"1374\">la pi\u00f9 grande autorit\u00e0 mondiale in gemmologia<\/strong>.<br data-start=\"1375\" data-end=\"1378\" \/>Sono stati i primi a classificare i diamanti in base a <strong data-start=\"1424\" data-end=\"1445\">colore e chiarezza<\/strong>e la loro missione \u00e8 quella di sostenere l'integrit\u00e0, la scienza e l'educazione nel settore della gioielleria.<\/p>\n\t\t\t\t\t\t\t\t\t\t\t\t\t\t\t\t\t\t<\/div>\n\t\t\t\t<\/div>\n\t\t\t\t\t\t\t\n\t\t\t\t<div class=\"wd-accordion-item\">\n\t\t\t\t\t<div class=\"wd-accordion-title wd-role-btn\" data-accordion-index=\"2\" tabindex=\"0\">\n\t\t\t\t\t\t<div class=\"wd-accordion-title-text\">\n\t\t\t\t\t\t\t\t\t\t\t\t\t\t<span>\n\t\t\t\t\t\t\t\tHRD - Hoge Raad voor Diamant (Belgio)\t\t\t\t\t\t\t<\/span>\n\t\t\t\t\t\t<\/div>\n\t\t\t\t\t\t<span class=\"wd-accordion-opener\"><\/span>\n\t\t\t\t\t<\/div>\n\n\t\t\t\t\t<div class=\"wd-accordion-content wd-entry-content\" data-accordion-index=\"2\">\n\t\t\t\t\t\t\t\t\t\t\t\t\t\n\t\t\t\t\t\t\t<p>HRD \u00e8 il <strong data-start=\"1597\" data-end=\"1656\">rappresentante ufficiale dell'industria belga dei diamanti<\/strong>con sede nell'Antwerp World Diamond Center (AWDC).<br data-start=\"1715\" data-end=\"1718\" \/>Un certificato HRD garantisce l'autenticit\u00e0 di un diamante, escludendo qualsiasi possibilit\u00e0 di imitazione o di sostituzione sintetica.<\/p>\n\t\t\t\t\t\t\t\t\t\t\t\t\t\t\t\t\t\t<\/div>\n\t\t\t\t<\/div>\n\t\t\t\t\t\t\t\n\t\t\t\t<div class=\"wd-accordion-item\">\n\t\t\t\t\t<div class=\"wd-accordion-title wd-role-btn\" data-accordion-index=\"3\" tabindex=\"0\">\n\t\t\t\t\t\t<div class=\"wd-accordion-title-text\">\n\t\t\t\t\t\t\t\t\t\t\t\t\t\t<span>\n\t\t\t\t\t\t\t\tIGI - Istituto Gemmologico Internazionale\t\t\t\t\t\t\t<\/span>\n\t\t\t\t\t\t<\/div>\n\t\t\t\t\t\t<span class=\"wd-accordion-opener\"><\/span>\n\t\t\t\t\t<\/div>\n\n\t\t\t\t\t<div class=\"wd-accordion-content wd-entry-content\" data-accordion-index=\"3\">\n\t\t\t\t\t\t\t\t\t\t\t\t\t\n\t\t\t\t\t\t\t<p data-start=\"1900\" data-end=\"2149\">Fondato ad Anversa nel 1975, l'IGI \u00e8 il <strong data-start=\"1939\" data-end=\"1971\">il pi\u00f9 antico istituto del suo genere<\/strong> e ora gestisce laboratori in <strong data-start=\"1997\" data-end=\"2037\">New York, Bangkok, Mumbai e Tokyo<\/strong>.<br data-start=\"2038\" data-end=\"2041\" \/>Un rapporto dell'IGI conferma la <strong data-start=\"2068\" data-end=\"2090\">identit\u00e0 e grado<\/strong> di un diamante utilizzando un sistema riconosciuto a livello internazionale.<\/p>\n\t\t\t\t\t\t\t\t\t\t\t\t\t\t\t\t\t\t<\/div>\n\t\t\t\t<\/div>\n\t\t\t\t\t\t\t\n\t\t\t\t<div class=\"wd-accordion-item\">\n\t\t\t\t\t<div class=\"wd-accordion-title wd-role-btn\" data-accordion-index=\"4\" tabindex=\"0\">\n\t\t\t\t\t\t<div class=\"wd-accordion-title-text\">\n\t\t\t\t\t\t\t\t\t\t\t\t\t\t<span>\n\t\t\t\t\t\t\t\tIscrizione laser per la sicurezza\t\t\t\t\t\t\t<\/span>\n\t\t\t\t\t\t<\/div>\n\t\t\t\t\t\t<span class=\"wd-accordion-opener\"><\/span>\n\t\t\t\t\t<\/div>\n\n\t\t\t\t\t<div class=\"wd-accordion-content wd-entry-content\" data-accordion-index=\"4\">\n\t\t\t\t\t\t\t\t\t\t\t\t\t\n\t\t\t\t\t\t\t<p data-start=\"2196\" data-end=\"2310\">Tutti i nostri diamanti naturali sono <strong data-start=\"2228\" data-end=\"2247\">inciso al laser<\/strong> con il numero di certificato sulla cintura.<br data-start=\"2292\" data-end=\"2295\" \/>Questo garantisce:<\/p><ul data-start=\"2311\" data-end=\"2480\"><li data-start=\"2311\" data-end=\"2393\"><p data-start=\"2313\" data-end=\"2393\">Il diamante del vostro gioiello \u00e8 il <strong data-start=\"2346\" data-end=\"2364\">lo stesso identico<\/strong> elencati nel certificato.<\/p><\/li><li data-start=\"2394\" data-end=\"2480\"><p data-start=\"2396\" data-end=\"2480\">\u00c8 possibile effettuare un controllo incrociato del certificato attraverso il sito web del laboratorio. <strong data-start=\"2450\" data-end=\"2469\">database online<\/strong> in qualsiasi momento.<\/p><\/li><\/ul><p data-start=\"2482\" data-end=\"2557\">Questo vi d\u00e0 <strong data-start=\"2497\" data-end=\"2523\">tranquillit\u00e0 assoluta<\/strong> quando investite nel vostro diamante.<\/p>\n\t\t\t\t\t\t\t\t\t\t\t\t\t\t\t\t\t\t<\/div>\n\t\t\t\t<\/div>\n\t\t\t\t\t<\/div>\n\t\t\t\t\t\t<\/div>\n\t\t\t\t<\/div>\n\t\t\t\t\t<\/div>\n\t\t\t\t<\/div>\n\t\t\t\t<\/div>","protected":false},"excerpt":{"rendered":"<p>Buying a Natural Diamond Buying a natural diamond can feel like a challenge. The biggest difficulty is trust \u2014 trusting<\/p>","protected":false},"author":244474332,"featured_media":0,"parent":0,"menu_order":0,"comment_status":"closed","ping_status":"closed","template":"","meta":{"_acf_changed":false,"footnotes":""},"class_list":["post-8101","page","type-page","status-publish","hentry"],"acf":[],"_links":{"self":[{"href":"https:\/\/belgiumdiamonds.be\/it\/wp-json\/wp\/v2\/pages\/8101","targetHints":{"allow":["GET"]}}],"collection":[{"href":"https:\/\/belgiumdiamonds.be\/it\/wp-json\/wp\/v2\/pages"}],"about":[{"href":"https:\/\/belgiumdiamonds.be\/it\/wp-json\/wp\/v2\/types\/page"}],"author":[{"embeddable":true,"href":"https:\/\/belgiumdiamonds.be\/it\/wp-json\/wp\/v2\/users\/244474332"}],"replies":[{"embeddable":true,"href":"https:\/\/belgiumdiamonds.be\/it\/wp-json\/wp\/v2\/comments?post=8101"}],"version-history":[{"count":1,"href":"https:\/\/belgiumdiamonds.be\/it\/wp-json\/wp\/v2\/pages\/8101\/revisions"}],"predecessor-version":[{"id":32678,"href":"https:\/\/belgiumdiamonds.be\/it\/wp-json\/wp\/v2\/pages\/8101\/revisions\/32678"}],"wp:attachment":[{"href":"https:\/\/belgiumdiamonds.be\/it\/wp-json\/wp\/v2\/media?parent=8101"}],"curies":[{"name":"wp","href":"https:\/\/api.w.org\/{rel}","templated":true}]}}