{"id":12120,"date":"2024-02-05T23:59:32","date_gmt":"2024-02-05T22:59:32","guid":{"rendered":"https:\/\/belgiumdiamond.petpetshopi.shop\/?post_type=product&#038;p=12120"},"modified":"2026-04-27T11:36:39","modified_gmt":"2026-04-27T09:36:39","slug":"1ct-e-f-vvs-classic-halfset-eternity-ring","status":"publish","type":"product","link":"https:\/\/belgiumdiamonds.be\/it\/product\/1ct-e-f-vvs-classic-halfset-eternity-ring\/","title":{"rendered":"1ct E\/F VVS Classic Halfset Eternity Ring"},"content":{"rendered":"<p>Anello classico di eternit\u00e0 con diamanti incastonati a met\u00e0 da 1,26 carati, in oro 18 ct o platino. Questo splendido anello di eternit\u00e0\/alleanza \u00e8 incastonato con 9 diamanti tondi taglio brillante da 0,14 carati, per un peso totale di almeno 1,26 carati. Colore E\/F, purezza VS\/TOP-SI.<\/p>\n<p>21% L'IVA verr\u00e0 aggiunta al prezzo nel carrello quando la spedizione \u00e8 impostata su un indirizzo UE.<br \/>\nIl prezzo include la spedizione all'interno dell'UE.<br \/>\nCondizione: Nuovo<br \/>\nRealizzato a mano ad Anversa, in Belgio.<br \/>\nQuesto gioiello \u00e8 certificato dal gemmologo autorizzato di Belgium Diamond e, su richiesta, pu\u00f2 essere certificato dai laboratori di certificazione HRD o IGI.<\/p>","protected":false},"excerpt":{"rendered":"<p>Anello classico di eternit\u00e0 con diamanti incastonati a met\u00e0 da 1 carato, in oro 18 ct o platino. Questo splendido anello di eternit\u00e0\/alleanza \u00e8 incastonato con 11 diamanti tondi taglio brillante da 0,09 carati, per un peso totale di almeno 1 carato. Colore E\/F, purezza VS\/TOP-SI.<\/p>","protected":false},"featured_media":42774,"comment_status":"open","ping_status":"closed","template":"","meta":{"_acf_changed":false},"product_brand":[],"product_cat":[114],"product_tag":[],"class_list":{"0":"post-12120","1":"product","2":"type-product","3":"status-publish","4":"has-post-thumbnail","6":"product_cat-wedding-eternity-bands","8":"first","9":"instock","10":"taxable","11":"shipping-taxable","12":"purchasable","13":"product-type-variable"},"acf":[],"_links":{"self":[{"href":"https:\/\/belgiumdiamonds.be\/it\/wp-json\/wp\/v2\/product\/12120","targetHints":{"allow":["GET"]}}],"collection":[{"href":"https:\/\/belgiumdiamonds.be\/it\/wp-json\/wp\/v2\/product"}],"about":[{"href":"https:\/\/belgiumdiamonds.be\/it\/wp-json\/wp\/v2\/types\/product"}],"replies":[{"embeddable":true,"href":"https:\/\/belgiumdiamonds.be\/it\/wp-json\/wp\/v2\/comments?post=12120"}],"version-history":[{"count":3,"href":"https:\/\/belgiumdiamonds.be\/it\/wp-json\/wp\/v2\/product\/12120\/revisions"}],"predecessor-version":[{"id":33072,"href":"https:\/\/belgiumdiamonds.be\/it\/wp-json\/wp\/v2\/product\/12120\/revisions\/33072"}],"wp:featuredmedia":[{"embeddable":true,"href":"https:\/\/belgiumdiamonds.be\/it\/wp-json\/wp\/v2\/media\/42774"}],"wp:attachment":[{"href":"https:\/\/belgiumdiamonds.be\/it\/wp-json\/wp\/v2\/media?parent=12120"}],"wp:term":[{"taxonomy":"product_brand","embeddable":true,"href":"https:\/\/belgiumdiamonds.be\/it\/wp-json\/wp\/v2\/product_brand?post=12120"},{"taxonomy":"product_cat","embeddable":true,"href":"https:\/\/belgiumdiamonds.be\/it\/wp-json\/wp\/v2\/product_cat?post=12120"},{"taxonomy":"product_tag","embeddable":true,"href":"https:\/\/belgiumdiamonds.be\/it\/wp-json\/wp\/v2\/product_tag?post=12120"}],"curies":[{"name":"wp","href":"https:\/\/api.w.org\/{rel}","templated":true}]}}