{"id":12297,"date":"2024-02-06T00:10:24","date_gmt":"2024-02-05T23:10:24","guid":{"rendered":"https:\/\/belgiumdiamond.petpetshopi.shop\/?post_type=product&#038;p=12297"},"modified":"2026-04-27T11:36:22","modified_gmt":"2026-04-27T09:36:22","slug":"0-78ct-classic-halfset-eternity-ring","status":"publish","type":"product","link":"https:\/\/belgiumdiamonds.be\/it\/product\/0-78ct-classic-halfset-eternity-ring\/","title":{"rendered":"0.78ct E\/F VVS Classic Halfset Eternity Ring"},"content":{"rendered":"<p>0.78ct E\/F VVS Classic Halfset Eternity Ring in 18k gold or platinum. This beautiful eternity\/alliance ring is set with 12-13 x 0.06 ct round brilliant diamonds giving the total carat weight of 0.78 ct. color E\/F, clarity VS\/VVS21% VAT will be added to price in cart when shipping is set to EU address.<br \/>\nIl prezzo include la spedizione all'interno dell'UE.<br \/>\nCondizione: Nuovo<br \/>\nRealizzato a mano ad Anversa, in Belgio.<br \/>\nQuesto gioiello \u00e8 certificato dal gemmologo autorizzato di Belgium Diamond e, su richiesta, pu\u00f2 essere certificato dai laboratori di certificazione HRD o IGI.<\/p>","protected":false},"excerpt":{"rendered":"<p>Classico anello di eternit\u00e0 con diamanti incastonati a met\u00e0 da 0,78 carati, in oro 18 ct o platino. Questo splendido anello di eternit\u00e0\/alleanza \u00e8 incastonato con 12-13 diamanti tondi taglio brillante da 0,06 carati, per un peso totale di 0,78 carati. Colore E\/F, purezza VS\/VVS.<\/p>","protected":false},"featured_media":42774,"comment_status":"open","ping_status":"closed","template":"","meta":{"_acf_changed":false},"product_brand":[],"product_cat":[114],"product_tag":[],"class_list":{"0":"post-12297","1":"product","2":"type-product","3":"status-publish","4":"has-post-thumbnail","6":"product_cat-wedding-eternity-bands","8":"first","9":"instock","10":"taxable","11":"shipping-taxable","12":"purchasable","13":"product-type-variable"},"acf":[],"_links":{"self":[{"href":"https:\/\/belgiumdiamonds.be\/it\/wp-json\/wp\/v2\/product\/12297","targetHints":{"allow":["GET"]}}],"collection":[{"href":"https:\/\/belgiumdiamonds.be\/it\/wp-json\/wp\/v2\/product"}],"about":[{"href":"https:\/\/belgiumdiamonds.be\/it\/wp-json\/wp\/v2\/types\/product"}],"replies":[{"embeddable":true,"href":"https:\/\/belgiumdiamonds.be\/it\/wp-json\/wp\/v2\/comments?post=12297"}],"version-history":[{"count":4,"href":"https:\/\/belgiumdiamonds.be\/it\/wp-json\/wp\/v2\/product\/12297\/revisions"}],"predecessor-version":[{"id":32937,"href":"https:\/\/belgiumdiamonds.be\/it\/wp-json\/wp\/v2\/product\/12297\/revisions\/32937"}],"wp:featuredmedia":[{"embeddable":true,"href":"https:\/\/belgiumdiamonds.be\/it\/wp-json\/wp\/v2\/media\/42774"}],"wp:attachment":[{"href":"https:\/\/belgiumdiamonds.be\/it\/wp-json\/wp\/v2\/media?parent=12297"}],"wp:term":[{"taxonomy":"product_brand","embeddable":true,"href":"https:\/\/belgiumdiamonds.be\/it\/wp-json\/wp\/v2\/product_brand?post=12297"},{"taxonomy":"product_cat","embeddable":true,"href":"https:\/\/belgiumdiamonds.be\/it\/wp-json\/wp\/v2\/product_cat?post=12297"},{"taxonomy":"product_tag","embeddable":true,"href":"https:\/\/belgiumdiamonds.be\/it\/wp-json\/wp\/v2\/product_tag?post=12297"}],"curies":[{"name":"wp","href":"https:\/\/api.w.org\/{rel}","templated":true}]}}