{"id":17711,"date":"2024-05-24T16:09:42","date_gmt":"2024-05-24T14:09:42","guid":{"rendered":"https:\/\/belgiumdiamond.petpetshopi.shop\/?post_type=product&#038;p=17711"},"modified":"2026-03-23T12:55:59","modified_gmt":"2026-03-23T11:55:59","slug":"engagement-ring-f-vs-0-70ct","status":"publish","type":"product","link":"https:\/\/belgiumdiamonds.be\/it\/product\/engagement-ring-f-vs-0-70ct\/","title":{"rendered":"Anello di fidanzamento con diamante rotondo F\/VS 0.70CT"},"content":{"rendered":"<p>L'anello di fidanzamento pr\u00eat-\u00e0-porter \u00e8 meticolosamente realizzato con un'elegante fascia in oro 18 carati disponibile in oro bianco, giallo o rosa. Caratterizzato da un singolo, splendido diamante naturale non trattato, questo anello solitario emana un'eleganza e una raffinatezza senza tempo. Il diamante \u00e8 certificato da IGI o GIA, a garanzia dei pi\u00f9 elevati standard di qualit\u00e0 e autenticit\u00e0.<\/p>\n<p><strong>Informazioni sull'anello:<\/strong><\/p>\n<ul>\n<li>Colore medio: F<\/li>\n<li>Limpidezza media: VS<\/li>\n<li>Grado di taglio: VG-EX (da molto buono a eccellente)<\/li>\n<li>Un diamante di 0,70 carati compreso nel prezzo<\/li>\n<li>Il peso del diamante pu\u00f2 avere una differenza di 0,05 carati.<\/li>\n<\/ul>\n<p>Il prezzo \u00e8 lo stesso per l'oro bianco, giallo o rosa a 18 carati.<br \/>\nL'IVA verr\u00e0 aggiunta al prezzo nel carrello in caso di spedizione a un indirizzo UE.<br \/>\nCondizioni: Nuovo.<br \/>\nRealizzato ad Anversa, in Belgio.<\/p>\n<p>Ogni anello \u00e8 progettato per mettere in risalto la brillantezza del diamante con punte piatte, conferendo un look moderno e senza tempo. Il peso totale in carati pu\u00f2 discostarsi marginalmente dal peso in carati indicato, a seconda della dimensione del diamante centrale e della misura dell'anello.<\/p>\n<p>Questo squisito anello viene fornito con tutto ci\u00f2 che \u00e8 incluso nel prezzo, rendendolo la scelta perfetta per chi \u00e8 alla ricerca di un'eleganza immediata e di una bellezza ineguagliabile<\/p>\n<p>&nbsp;<\/p>\n<p><strong>SPEDIZIONE ENTRO 2 GIORNI LAVORATIVI!<\/strong><\/p>","protected":false},"excerpt":{"rendered":"<p>L'anello di fidanzamento pr\u00eat-\u00e0-porter \u00e8 meticolosamente realizzato con un'elegante fascia in oro 18 carati disponibile in oro bianco, giallo o rosa. Caratterizzato da un singolo, splendido diamante naturale non trattato, questo anello solitario emana un'eleganza e una raffinatezza senza tempo. Il diamante \u00e8 certificato da IGI o GIA, a garanzia dei pi\u00f9 elevati standard di qualit\u00e0 e autenticit\u00e0.<\/p>","protected":false},"featured_media":34460,"comment_status":"open","ping_status":"closed","template":"","meta":{"_acf_changed":false},"product_brand":[],"product_cat":[189],"product_tag":[],"class_list":{"0":"post-17711","1":"product","2":"type-product","3":"status-publish","4":"has-post-thumbnail","6":"product_cat-rings","7":"pa_choose-gold-18k-rose-gold","8":"pa_choose-gold-18k-white-gold","9":"pa_choose-gold-18k-yellow-gold","10":"pa_choose-gold-platinum","11":"pa_size-405","12":"pa_size-404","13":"pa_size-403","14":"pa_size-402","15":"pa_size-401","16":"pa_size-400","17":"pa_size-399","18":"pa_size-398","19":"pa_size-397","20":"pa_size-396","21":"pa_size-395","22":"pa_size-394","23":"pa_size-393","24":"pa_size-392","25":"pa_size-391","26":"pa_size-390","27":"pa_size-389","29":"first","30":"instock","31":"taxable","32":"shipping-taxable","33":"purchasable","34":"product-type-variable"},"acf":[],"_links":{"self":[{"href":"https:\/\/belgiumdiamonds.be\/it\/wp-json\/wp\/v2\/product\/17711","targetHints":{"allow":["GET"]}}],"collection":[{"href":"https:\/\/belgiumdiamonds.be\/it\/wp-json\/wp\/v2\/product"}],"about":[{"href":"https:\/\/belgiumdiamonds.be\/it\/wp-json\/wp\/v2\/types\/product"}],"replies":[{"embeddable":true,"href":"https:\/\/belgiumdiamonds.be\/it\/wp-json\/wp\/v2\/comments?post=17711"}],"version-history":[{"count":1,"href":"https:\/\/belgiumdiamonds.be\/it\/wp-json\/wp\/v2\/product\/17711\/revisions"}],"predecessor-version":[{"id":34488,"href":"https:\/\/belgiumdiamonds.be\/it\/wp-json\/wp\/v2\/product\/17711\/revisions\/34488"}],"wp:featuredmedia":[{"embeddable":true,"href":"https:\/\/belgiumdiamonds.be\/it\/wp-json\/wp\/v2\/media\/34460"}],"wp:attachment":[{"href":"https:\/\/belgiumdiamonds.be\/it\/wp-json\/wp\/v2\/media?parent=17711"}],"wp:term":[{"taxonomy":"product_brand","embeddable":true,"href":"https:\/\/belgiumdiamonds.be\/it\/wp-json\/wp\/v2\/product_brand?post=17711"},{"taxonomy":"product_cat","embeddable":true,"href":"https:\/\/belgiumdiamonds.be\/it\/wp-json\/wp\/v2\/product_cat?post=17711"},{"taxonomy":"product_tag","embeddable":true,"href":"https:\/\/belgiumdiamonds.be\/it\/wp-json\/wp\/v2\/product_tag?post=17711"}],"curies":[{"name":"wp","href":"https:\/\/api.w.org\/{rel}","templated":true}]}}