{"id":17776,"date":"2024-05-26T21:37:30","date_gmt":"2024-05-26T19:37:30","guid":{"rendered":"https:\/\/belgiumdiamond.petpetshopi.shop\/?post_type=product&#038;p=17776"},"modified":"2026-05-04T13:59:11","modified_gmt":"2026-05-04T11:59:11","slug":"round-diamond-earring-0-70ct","status":"publish","type":"product","link":"https:\/\/belgiumdiamonds.be\/it\/product\/round-diamond-earring-0-70ct\/","title":{"rendered":"Orecchino con diamante rotondo F\/VS 0,70CT"},"content":{"rendered":"<p>L'orecchino solitario pr\u00eat-\u00e0-porter \u00e8 meticolosamente realizzato con un'elegante catena in oro 18 carati disponibile in oro bianco, giallo o rosa. Caratterizzato da un singolo, splendido diamante naturale non trattato, questo orecchino emana un'eleganza e una raffinatezza senza tempo. Il diamante \u00e8 certificato da IGI o GIA, a garanzia dei pi\u00f9 elevati standard di qualit\u00e0 e autenticit\u00e0.<\/p>\n<p><strong>Informazioni sugli orecchini:<\/strong><\/p>\n<ul>\n<li>Colore medio: F<\/li>\n<li>Limpidezza media: VS<\/li>\n<li>Grado di taglio: VG-EX (da molto buono a eccellente)<\/li>\n<li>Include 2 diamanti di 0,70Ct ciascuno<\/li>\n<li>Il peso del diamante pu\u00f2 avere una differenza di 0,05 carati.<\/li>\n<\/ul>\n<p>Il prezzo in oro bianco, giallo o rosa 18 carati \u00e8 calcolato in base alla dimensione della pietra scelta.<br \/>\nL'IVA verr\u00e0 aggiunta al prezzo nel carrello in caso di spedizione a un indirizzo UE.<br \/>\nCondizioni: Nuovo.<br \/>\nRealizzato ad Anversa, in Belgio.<\/p>\n<p>Ogni orecchino \u00e8 stato progettato per mettere in risalto la brillantezza del diamante con una montatura elegante, che conferisce un look moderno ma senza tempo. Il peso totale in carati pu\u00f2 discostarsi marginalmente dal peso in carati indicato, a seconda delle dimensioni del diamante centrale.<\/p>\n<p>Questo squisito orecchino viene fornito con tutto ci\u00f2 che \u00e8 incluso nel prezzo, rendendolo la scelta perfetta per chi \u00e8 alla ricerca di un'eleganza immediata e di una bellezza senza pari.<\/p>\n<p>&nbsp;<\/p>\n<p><strong>SPEDIZIONE ENTRO 2 GIORNI LAVORATIVI!<\/strong><\/p>","protected":false},"excerpt":{"rendered":"<p>L'orecchino solitario pr\u00eat-\u00e0-porter \u00e8 meticolosamente realizzato con un'elegante catena in oro 18 carati disponibile in oro bianco, giallo o rosa. Caratterizzato da un singolo, splendido diamante naturale non trattato, questo orecchino emana un'eleganza e una raffinatezza senza tempo. Il diamante \u00e8 certificato da IGI o GIA, a garanzia dei pi\u00f9 elevati standard di qualit\u00e0 e autenticit\u00e0.<\/p>","protected":false},"featured_media":34322,"comment_status":"open","ping_status":"closed","template":"","meta":{"_acf_changed":false},"product_brand":[],"product_cat":[190],"product_tag":[],"class_list":{"0":"post-17776","1":"product","2":"type-product","3":"status-publish","4":"has-post-thumbnail","6":"product_cat-earrings-ready-to-wear","7":"pa_choose-gold-18k-rose-gold","8":"pa_choose-gold-18k-white-gold","9":"pa_choose-gold-18k-yellow-gold","11":"first","12":"instock","13":"taxable","14":"shipping-taxable","15":"purchasable","16":"product-type-variable"},"acf":[],"_links":{"self":[{"href":"https:\/\/belgiumdiamonds.be\/it\/wp-json\/wp\/v2\/product\/17776","targetHints":{"allow":["GET"]}}],"collection":[{"href":"https:\/\/belgiumdiamonds.be\/it\/wp-json\/wp\/v2\/product"}],"about":[{"href":"https:\/\/belgiumdiamonds.be\/it\/wp-json\/wp\/v2\/types\/product"}],"replies":[{"embeddable":true,"href":"https:\/\/belgiumdiamonds.be\/it\/wp-json\/wp\/v2\/comments?post=17776"}],"version-history":[{"count":2,"href":"https:\/\/belgiumdiamonds.be\/it\/wp-json\/wp\/v2\/product\/17776\/revisions"}],"predecessor-version":[{"id":34337,"href":"https:\/\/belgiumdiamonds.be\/it\/wp-json\/wp\/v2\/product\/17776\/revisions\/34337"}],"wp:featuredmedia":[{"embeddable":true,"href":"https:\/\/belgiumdiamonds.be\/it\/wp-json\/wp\/v2\/media\/34322"}],"wp:attachment":[{"href":"https:\/\/belgiumdiamonds.be\/it\/wp-json\/wp\/v2\/media?parent=17776"}],"wp:term":[{"taxonomy":"product_brand","embeddable":true,"href":"https:\/\/belgiumdiamonds.be\/it\/wp-json\/wp\/v2\/product_brand?post=17776"},{"taxonomy":"product_cat","embeddable":true,"href":"https:\/\/belgiumdiamonds.be\/it\/wp-json\/wp\/v2\/product_cat?post=17776"},{"taxonomy":"product_tag","embeddable":true,"href":"https:\/\/belgiumdiamonds.be\/it\/wp-json\/wp\/v2\/product_tag?post=17776"}],"curies":[{"name":"wp","href":"https:\/\/api.w.org\/{rel}","templated":true}]}}